{"id":112627,"date":"2022-01-18T00:00:00","date_gmt":"2022-01-18T05:00:00","guid":{"rendered":"http:\/\/gpl-love.com\/es\/producto\/sefe-sina-extension-para-elementor\/"},"modified":"2026-04-10T11:24:18","modified_gmt":"2026-04-10T16:24:18","slug":"sefe-sina-extension-para-elementor","status":"publish","type":"product","link":"https:\/\/gpl-love.com\/es\/producto\/sefe-sina-extension-para-elementor\/","title":{"rendered":"SEFE Sina Extension para Elementor 1.10.1"},"content":{"rendered":"<h3>SEFE Sina Extension para Elementor Caracteristicas<\/h3>\n<p>SEFE SINA Extension for Elementor es una herramienta excepcionalmente potente y robusta que le ofrece la capacidad perfecta para dise\u00f1ar sitios web notables sin esfuerzo a trav\u00e9s de la utilizaci\u00f3n de Elementor. Con la inclusi\u00f3n de SEFE Sina, se le otorga la capacidad r\u00e1pida y eficiente para incorporar caracter\u00edsticas y funcionalidades novedosas en su sitio web, que abarca tipos de publicaciones personalizados, widgets y una gran cantidad de otras adiciones invaluables. Esta extensi\u00f3n est\u00e1 meticulosamente dise\u00f1ada para exhibir un nivel de simplicidad y facilidad de uso que no tiene paralelo, lo que lo hace accesible para personas de diferentes niveles de habilidad, ya sean novatos o desarrolladores experimentados. Optar por la extensi\u00f3n SEFE SINA para Elementor es una decisi\u00f3n astuta que sin duda lo capacitar\u00e1 para curar sitios web visualmente llamativos y de primer nivel que se distinguen sin esfuerzo de las masas. Por lo tanto, \u00bfpor qu\u00e9 postergar? \u00a1T\u00f3mate sobre ti mismo para explorar el potencial transformador de Sefe Sina hoy y presenciar personalmente la notable distinci\u00f3n que crea!<\/p>\n<ul>\n<li>Sefe Sina Extension para Elementor es un complemento poderoso que expande la funcionalidad del popular creador de p\u00e1ginas de Elementor<\/li>\n<li>Con SEFE Sina, puede personalizar f\u00e1cilmente sus p\u00e1ginas de elementos con una amplia gama de nuevas caracter\u00edsticas y funcionalidad.<\/li>\n<li>Incluye m\u00e1s de 20 nuevos widgets, como controles deslizantes avanzados, galer\u00edas, acordeones y m\u00e1s<\/li>\n<li>Tambi\u00e9n incluye nuevas plantillas de elementos y secciones predise\u00f1adas para ayudarlo a crear r\u00e1pidamente p\u00e1ginas hermosas y profesionales.<\/li>\n<li>Sefe Sina Extension para Elementor es altamente personalizable, lo que le permite ajustar cada aspecto de sus p\u00e1ginas a sus necesidades espec\u00edficas<\/li>\n<li>Compatible con todos los principales temas y navegadores de WordPress, asegurando la compatibilidad con la configuraci\u00f3n de su sitio web existente<\/li>\n<li>Viene con actualizaciones gratuitas y apoyo dedicado de un equipo dedicado para ayudarlo a aprovechar al m\u00e1ximo su inversi\u00f3n<\/li>\n<li>Si est\u00e1 buscando un complemento poderoso y vers\u00e1til para llevar sus p\u00e1ginas de elementos al siguiente nivel, SEFE SINA es una excelente opci\u00f3n.<\/li>\n<\/ul>\n","protected":false},"excerpt":{"rendered":"<p>SEFE SINA Extension for Elementor, una herramienta incre\u00edblemente potente ampliamente dise\u00f1ada para amplificar la funcionalidad de su sitio web impulsado por el elemento, proporciona una variedad de nuevos widgets, plantillas y elementos de dise\u00f1o que puede incorporar a su sitio, lo que le empodera sin esfuerzo. Contenido visualmente cautivador y convincente. Si su aspiraci\u00f3n es incrustar mapas interactivos, formas personalizadas o animaciones impresionantes, la extensi\u00f3n de SEFE Sina para Elementer le otorga el arsenal necesario para dise\u00f1ar un sitio web genuinamente distintivo e incomparable. Por lo tanto, si te encuentras anhelando fervientemente impulsar tu sitio de elementos hacia alturas desconocidas, \u00a1se aconseja imperativamente que te familiarices con las capacidades excepcionales de la extensi\u00f3n SEFE Sina hoy!<\/p>\n","protected":false},"featured_media":167446,"comment_status":"open","ping_status":"open","template":"","meta":[],"product_brand":[2339],"product_cat":[1214,1206,1211],"product_tag":[1256],"class_list":{"0":"post-112627","1":"product","2":"type-product","3":"status-publish","4":"has-post-thumbnail","6":"product_brand-codecanyon","7":"product_cat-personalizacion","8":"product_cat-plugins","9":"product_cat-wordpress-plugins","10":"product_tag-codecanyon","11":"member-discount","12":"discount-restricted","14":"first","15":"instock","16":"sale","17":"downloadable","18":"virtual","19":"sold-individually","20":"purchasable","21":"product-type-simple"},"_links":{"self":[{"href":"https:\/\/gpl-love.com\/es\/wp-json\/wp\/v2\/product\/112627","targetHints":{"allow":["GET"]}}],"collection":[{"href":"https:\/\/gpl-love.com\/es\/wp-json\/wp\/v2\/product"}],"about":[{"href":"https:\/\/gpl-love.com\/es\/wp-json\/wp\/v2\/types\/product"}],"replies":[{"embeddable":true,"href":"https:\/\/gpl-love.com\/es\/wp-json\/wp\/v2\/comments?post=112627"}],"wp:featuredmedia":[{"embeddable":true,"href":"https:\/\/gpl-love.com\/es\/wp-json\/wp\/v2\/media\/167446"}],"wp:attachment":[{"href":"https:\/\/gpl-love.com\/es\/wp-json\/wp\/v2\/media?parent=112627"}],"wp:term":[{"taxonomy":"product_brand","embeddable":true,"href":"https:\/\/gpl-love.com\/es\/wp-json\/wp\/v2\/product_brand?post=112627"},{"taxonomy":"product_cat","embeddable":true,"href":"https:\/\/gpl-love.com\/es\/wp-json\/wp\/v2\/product_cat?post=112627"},{"taxonomy":"product_tag","embeddable":true,"href":"https:\/\/gpl-love.com\/es\/wp-json\/wp\/v2\/product_tag?post=112627"}],"curies":[{"name":"wp","href":"https:\/\/api.w.org\/{rel}","templated":true}]}}