{"id":112621,"date":"2023-05-05T00:00:00","date_gmt":"2023-05-05T05:00:00","guid":{"rendered":"http:\/\/gpl-love.com\/es\/producto\/theater-concert-y-art-event-entertainment-tema\/"},"modified":"2026-04-10T11:27:37","modified_gmt":"2026-04-10T16:27:37","slug":"theater-concert-y-art-event-entertainment-tema","status":"publish","type":"product","link":"https:\/\/gpl-love.com\/es\/producto\/theater-concert-y-art-event-entertainment-tema\/","title":{"rendered":"Theater Concert y Art Event Entertainment Theme 1.2.8"},"content":{"rendered":"<h3>Theater Concert y Art Event Entertainment Theme Caracteristicas<\/h3>\n<p>Nuestro tema de entretenimiento est\u00e1 meticulosamente adaptado para atender a eventos de teatro, conciertos y arte, proporcionando una plataforma incomparable para mostrar la brillantez de cada actuaci\u00f3n y curar un encuentro exclusivo para cada participante. Independientemente de si su inclinaci\u00f3n se inclina hacia lo dram\u00e1tico o lo melodioso, nuestro tema lo sumergir\u00e1 por completo en un entorno que es incesantemente cautivador y completamente atractivo. La iluminaci\u00f3n intrincadamente dise\u00f1ada, el sonido y el dise\u00f1o de escenario colaboran sin\u00e9rgicamente para amplificar la destreza art\u00edstica en exhibici\u00f3n, creando as\u00ed una experiencia indeleble y trascendental. Al adoptar nuestro tema de entretenimiento, su evento est\u00e1 garantizado para alcanzar alturas de \u00e9xito y grabar indudablemente un impacto duradero en los estimados asistentes. Por lo tanto, si est\u00e1 buscando fervientemente una soluci\u00f3n de entretenimiento que garantice el triunfo, \u00a1no existe necesidad de buscar m\u00e1s all\u00e1 de los reinos de nuestro tema de entretenimiento de eventos de teatro, concierto y arte!<\/p>\n<ul>\n<li>Una experiencia teatral totalmente inmersiva que lo transporta a otro mundo<\/li>\n<li>Conciertos con m\u00fasicos e int\u00e9rpretes de mejor calificaci\u00f3n en lugares impresionantes<\/li>\n<li>Exhibiciones de arte que muestran las obras de artistas de renombre de todo el mundo<\/li>\n<li>Una amplia gama de opciones de entretenimiento adecuadas para todas las edades y preferencias<\/li>\n<li>Sistemas de sonido e iluminaci\u00f3n de \u00faltima generaci\u00f3n que mejoran la experiencia general<\/li>\n<li>Actores profesionales, m\u00fasicos y artistas que se destacan en sus respectivos campos<\/li>\n<li>Una combinaci\u00f3n de actuaciones en vivo y pantallas multimedia que ofrecen una experiencia sensorial \u00fanica<\/li>\n<li>Un ambiente visualmente impresionante que se suma al ambiente general<\/li>\n<li>Una oportunidad para experimentar y apreciar el entretenimiento en vivo de una manera completamente nueva.<\/li>\n<li>Una oportunidad para conectarse con compa\u00f1eros entusiastas del entretenimiento y hacer recuerdos duraderos<\/li>\n<\/ul>\n","protected":false},"excerpt":{"rendered":"<p>\u00a1Emp\u00e1rate en un viaje extraordinario a trav\u00e9s del reino de la diversi\u00f3n con nuestro extraordinario concierto de teatro y tema de entretenimiento de eventos de arte! Un paquete espl\u00e9ndido adaptado para las personas que anhelan una noche indeleble y extraordinaria, profundizan en el encantador universo de teatro, m\u00fasica y arte. Desde conciertos de clase mundial que lo dejar\u00e1n asombrado a las exhibiciones de arte fascinantes que cautivan sus sentidos, nuestro tema presenta una variedad de alternativas de entretenimiento diversificadas para personas exigentes ansiosas por exigir en los aspectos m\u00e1s finos de la vida. Entonces, \u00bfpor qu\u00e9 retrasar m\u00e1s? \u00a1Prep\u00e1rese para participar en el pin\u00e1culo del entretenimiento con nuestro incomparable tema de entretenimiento de conciertos de teatro y eventos de arte!<\/p>\n","protected":false},"featured_media":167718,"comment_status":"open","ping_status":"open","template":"","meta":[],"product_brand":[2337],"product_cat":[1267,1237,1238],"product_tag":[1391],"class_list":{"0":"post-112621","1":"product","2":"type-product","3":"status-publish","4":"has-post-thumbnail","6":"product_brand-themeforest","7":"product_cat-creativo","8":"product_cat-temas","9":"product_cat-wordpress-temas","10":"product_tag-themeforest","11":"member-discount","12":"discount-restricted","14":"first","15":"instock","16":"sale","17":"downloadable","18":"virtual","19":"sold-individually","20":"purchasable","21":"product-type-simple"},"_links":{"self":[{"href":"https:\/\/gpl-love.com\/es\/wp-json\/wp\/v2\/product\/112621","targetHints":{"allow":["GET"]}}],"collection":[{"href":"https:\/\/gpl-love.com\/es\/wp-json\/wp\/v2\/product"}],"about":[{"href":"https:\/\/gpl-love.com\/es\/wp-json\/wp\/v2\/types\/product"}],"replies":[{"embeddable":true,"href":"https:\/\/gpl-love.com\/es\/wp-json\/wp\/v2\/comments?post=112621"}],"wp:featuredmedia":[{"embeddable":true,"href":"https:\/\/gpl-love.com\/es\/wp-json\/wp\/v2\/media\/167718"}],"wp:attachment":[{"href":"https:\/\/gpl-love.com\/es\/wp-json\/wp\/v2\/media?parent=112621"}],"wp:term":[{"taxonomy":"product_brand","embeddable":true,"href":"https:\/\/gpl-love.com\/es\/wp-json\/wp\/v2\/product_brand?post=112621"},{"taxonomy":"product_cat","embeddable":true,"href":"https:\/\/gpl-love.com\/es\/wp-json\/wp\/v2\/product_cat?post=112621"},{"taxonomy":"product_tag","embeddable":true,"href":"https:\/\/gpl-love.com\/es\/wp-json\/wp\/v2\/product_tag?post=112621"}],"curies":[{"name":"wp","href":"https:\/\/api.w.org\/{rel}","templated":true}]}}