{"id":112617,"date":"2025-08-07T00:00:00","date_gmt":"2025-08-07T05:00:00","guid":{"rendered":"http:\/\/gpl-love.com\/es\/producto\/pogon-business-y-finance-corporate-wordpress-tema\/"},"modified":"2026-03-13T17:27:35","modified_gmt":"2026-03-13T22:27:35","slug":"pogon-business-y-finance-corporate-wordpress-tema","status":"publish","type":"product","link":"https:\/\/gpl-love.com\/es\/producto\/pogon-business-y-finance-corporate-wordpress-tema\/","title":{"rendered":"Pogon Business y Finance Corporate WordPress Theme 1.1.9"},"content":{"rendered":"<h3>Pogon Business y Finance Corporate WordPress Theme Caracteristicas<\/h3>\n<p>El tema de WordPress corporativo de Pogon Business and Finance es una soluci\u00f3n que abarca espec\u00edficamente espec\u00edficamente para satisfacer las necesidades de las empresas que buscan una presencia en l\u00ednea refinada y pulida. Con un enfoque en las finanzas y las entidades corporativas, este tema cuenta con una variedad de caracter\u00edsticas que facilitan sin esfuerzo la presentaci\u00f3n efectiva de sus servicios, equipo y cartera. Adem\u00e1s, este tema ofrece capacidades de personalizaci\u00f3n completas, lo que lo permite adaptarlo para alinearse con sus requisitos \u00fanicos de marca y negocio. La inclusi\u00f3n de un dise\u00f1o receptivo garantiza que su sitio web mantenga su atractivo visual convincente en varios dispositivos, mientras que la integraci\u00f3n de las herramientas de optimizaci\u00f3n de SEO incorporadas sirve para elevar las clasificaciones de los motores de b\u00fasqueda. Al aprovechar el inmenso potencial del tema de Pogon, podr\u00e1 elaborar un sitio web extraordinario que muestre efectivamente su experiencia, cautivando as\u00ed la atenci\u00f3n de posibles clientes y fomentando su compromiso.<\/p>\n<ul>\n<li>Tema de WordPress de negocios y finanzas altamente personalizables y vers\u00e1tiles<\/li>\n<li>Dise\u00f1o elegante y profesional, perfecto para sitios web corporativos<\/li>\n<li>Incluye m\u00faltiples dise\u00f1os de p\u00e1gina de inicio y plantillas de p\u00e1ginas internas<\/li>\n<li>Integrado con complementos populares como Visual Composer, Revolution Slider y Contact Form 7<\/li>\n<li>Panel de opciones de temas f\u00e1ciles de usar para una personalizaci\u00f3n r\u00e1pida y perfecta<\/li>\n<li>Dise\u00f1o totalmente receptivo y amigable para m\u00f3viles<\/li>\n<li>Optimizado para SEO y tiempos de carga r\u00e1pidos<\/li>\n<li>Compatible con WooCommerce para una f\u00e1cil integraci\u00f3n de comercio electr\u00f3nico<\/li>\n<li>Incluye una documentaci\u00f3n integral y atenci\u00f3n al cliente para la resoluci\u00f3n de problemas y asistencia<\/li>\n<li>Actualizado y mejorado regularmente con nuevas caracter\u00edsticas y funcionalidades.<\/li>\n<\/ul>\n","protected":false},"excerpt":{"rendered":"<p>Nos complace presentar el notable tema de Pogon Business y Finance Corporate WordPress, una soluci\u00f3n impecable a medida para empresas e instituciones financieras en busca de una presencia en l\u00ednea sofisticada y pulida. Pogon cuenta con un dise\u00f1o inmaculado y simplificado junto con una extensa gama de opciones personalizables, ofreciendo una experiencia de usuario incomparable en plataformas de escritorio y m\u00f3viles. Su formidable colecci\u00f3n de caracter\u00edsticas abarca la capacidad de personalizar los dise\u00f1os de encabezado y pie de p\u00e1gina, una variedad de opciones de dise\u00f1o diversas y una integraci\u00f3n perfecta con complementos de renombre como WooCommerce y Formulario de contacto 7. Si usted es una ambiciosa startup o una empresa bien establecida, POGON, POGON, POGON, POGON Garantiza una presencia en l\u00ednea inigualable que sin duda impulsar\u00e1 su negocio hacia un \u00e9xito sin precedentes.<\/p>\n","protected":false},"featured_media":167231,"comment_status":"open","ping_status":"open","template":"","meta":[],"product_brand":[2337],"product_cat":[1307,1237,1238],"product_tag":[1391],"class_list":{"0":"post-112617","1":"product","2":"type-product","3":"status-publish","4":"has-post-thumbnail","6":"product_brand-themeforest","7":"product_cat-negocio-wordpress-temas","8":"product_cat-temas","9":"product_cat-wordpress-temas","10":"product_tag-themeforest","11":"member-discount","12":"discount-restricted","14":"first","15":"instock","16":"sale","17":"downloadable","18":"virtual","19":"sold-individually","20":"purchasable","21":"product-type-simple"},"_links":{"self":[{"href":"https:\/\/gpl-love.com\/es\/wp-json\/wp\/v2\/product\/112617","targetHints":{"allow":["GET"]}}],"collection":[{"href":"https:\/\/gpl-love.com\/es\/wp-json\/wp\/v2\/product"}],"about":[{"href":"https:\/\/gpl-love.com\/es\/wp-json\/wp\/v2\/types\/product"}],"replies":[{"embeddable":true,"href":"https:\/\/gpl-love.com\/es\/wp-json\/wp\/v2\/comments?post=112617"}],"wp:featuredmedia":[{"embeddable":true,"href":"https:\/\/gpl-love.com\/es\/wp-json\/wp\/v2\/media\/167231"}],"wp:attachment":[{"href":"https:\/\/gpl-love.com\/es\/wp-json\/wp\/v2\/media?parent=112617"}],"wp:term":[{"taxonomy":"product_brand","embeddable":true,"href":"https:\/\/gpl-love.com\/es\/wp-json\/wp\/v2\/product_brand?post=112617"},{"taxonomy":"product_cat","embeddable":true,"href":"https:\/\/gpl-love.com\/es\/wp-json\/wp\/v2\/product_cat?post=112617"},{"taxonomy":"product_tag","embeddable":true,"href":"https:\/\/gpl-love.com\/es\/wp-json\/wp\/v2\/product_tag?post=112617"}],"curies":[{"name":"wp","href":"https:\/\/api.w.org\/{rel}","templated":true}]}}