{"id":112613,"date":"2021-04-15T00:00:00","date_gmt":"2021-04-15T05:00:00","guid":{"rendered":"http:\/\/gpl-love.com\/es\/producto\/niva-creative-agency-wordpress-tema\/"},"modified":"2026-04-10T11:19:44","modified_gmt":"2026-04-10T16:19:44","slug":"niva-creative-agency-wordpress-tema","status":"publish","type":"product","link":"https:\/\/gpl-love.com\/es\/producto\/niva-creative-agency-wordpress-tema\/","title":{"rendered":"Niva Creative Agency WordPress Theme 1.7.7"},"content":{"rendered":"<h3>Niva Creative Agency WordPress Theme Caracteristicas<\/h3>\n<p>El tema de WordPress de la agencia creativa de Niva, como su nombre lo sugiere, es un tema de WordPress de vanguardia y de vanguardia hecho a medida para agencias creativas. Su interfaz elegante y f\u00e1cil de usar lo convierte en una opci\u00f3n ideal para elaborar sitios web visualmente llamativos y pulidos que sin duda cautivan a su p\u00fablico objetivo. Con una gran cantidad de caracter\u00edsticas y herramientas robustas, el tema de WordPress de la Agencia Creativa Niva de WordPress le permite personalizar sin esfuerzo su sitio web para alinearse con su identidad de marca y cumplir con sus requisitos comerciales. Desde opciones de dise\u00f1o avanzadas hasta la optimizaci\u00f3n de SEO de primer nivel, este tema abarca todos los elementos necesarios para establecer una presencia en l\u00ednea pr\u00f3spera para su agencia. Por lo tanto, si su aspiraci\u00f3n es erigir un sitio web que realmente se distingue de la multitud, el tema de WordPress de la Agencia Creativa Niva emerge sin lugar a dudas como la elecci\u00f3n por excelencia para usted.<\/p>\n<ul>\n<li>Dise\u00f1o moderno y elegante<\/li>\n<li>P\u00e1gina de inicio totalmente personalizable con varias opciones de dise\u00f1o<\/li>\n<li>P\u00e1ginas preconstruidas para servicios, cartera, equipo y testimonios<\/li>\n<li>Dise\u00f1o receptivo y amigable para m\u00f3viles<\/li>\n<li>Incluye un constructor de p\u00e1ginas de arrastrar y soltar para una f\u00e1cil personalizaci\u00f3n<\/li>\n<li>Integraci\u00f3n con complementos populares como el formulario de contacto 7 y yoast SEO<\/li>\n<li>Importaci\u00f3n de demostraci\u00f3n de un solo clic para una configuraci\u00f3n r\u00e1pida<\/li>\n<li>Acceso a una comunidad integral de documentaci\u00f3n y apoyo en l\u00ednea<\/li>\n<\/ul>\n","protected":false},"excerpt":{"rendered":"<p>El tema de WordPress de la Agencia Creativa de Niva, reconocido por su innovaci\u00f3n y versatilidad, se presenta como una soluci\u00f3n principal para aquellos que buscan dise\u00f1o web profesional. Principalmente adaptado para agencias creativas, estudios de dise\u00f1o y trabajadores independientes, este tema hace alarde de una est\u00e9tica pulida y contempor\u00e1nea que puede personalizarse sin esfuerzo para alinearse con la visi\u00f3n \u00fanica. Con una variedad de caracter\u00edsticas formidables, que incluyen complementos de terceros y opciones de personalizaci\u00f3n ilimitadas, NIVA garantiza que su sitio web no solo satisfaga los requisitos de su negocio, sino que tambi\u00e9n cautivar\u00e1 a su estimada clientela. Ya sea que aspira a construir un sitio web sencillo de una p\u00e1gina o una plataforma multifac\u00e9tica llena de funcionalidades intrincadas, NIVA sirve como la base ideal, liber\u00e1ndole para dedicar su energ\u00eda hacia su competencia central: la creaci\u00f3n de contenido asombroso.<\/p>\n","protected":false},"featured_media":167054,"comment_status":"open","ping_status":"open","template":"","meta":[],"product_brand":[2337],"product_cat":[1267,1237,1238],"product_tag":[1391],"class_list":{"0":"post-112613","1":"product","2":"type-product","3":"status-publish","4":"has-post-thumbnail","6":"product_brand-themeforest","7":"product_cat-creativo","8":"product_cat-temas","9":"product_cat-wordpress-temas","10":"product_tag-themeforest","11":"member-discount","12":"discount-restricted","14":"first","15":"instock","16":"sale","17":"downloadable","18":"virtual","19":"sold-individually","20":"purchasable","21":"product-type-simple"},"_links":{"self":[{"href":"https:\/\/gpl-love.com\/es\/wp-json\/wp\/v2\/product\/112613","targetHints":{"allow":["GET"]}}],"collection":[{"href":"https:\/\/gpl-love.com\/es\/wp-json\/wp\/v2\/product"}],"about":[{"href":"https:\/\/gpl-love.com\/es\/wp-json\/wp\/v2\/types\/product"}],"replies":[{"embeddable":true,"href":"https:\/\/gpl-love.com\/es\/wp-json\/wp\/v2\/comments?post=112613"}],"wp:featuredmedia":[{"embeddable":true,"href":"https:\/\/gpl-love.com\/es\/wp-json\/wp\/v2\/media\/167054"}],"wp:attachment":[{"href":"https:\/\/gpl-love.com\/es\/wp-json\/wp\/v2\/media?parent=112613"}],"wp:term":[{"taxonomy":"product_brand","embeddable":true,"href":"https:\/\/gpl-love.com\/es\/wp-json\/wp\/v2\/product_brand?post=112613"},{"taxonomy":"product_cat","embeddable":true,"href":"https:\/\/gpl-love.com\/es\/wp-json\/wp\/v2\/product_cat?post=112613"},{"taxonomy":"product_tag","embeddable":true,"href":"https:\/\/gpl-love.com\/es\/wp-json\/wp\/v2\/product_tag?post=112613"}],"curies":[{"name":"wp","href":"https:\/\/api.w.org\/{rel}","templated":true}]}}