{"id":112611,"date":"2024-02-09T00:00:00","date_gmt":"2024-02-09T05:00:00","guid":{"rendered":"http:\/\/gpl-love.com\/es\/producto\/logistix-responsive-transportation-wordpress-tema\/"},"modified":"2026-03-13T17:23:47","modified_gmt":"2026-03-13T22:23:47","slug":"logistix-responsive-transportation-wordpress-tema","status":"publish","type":"product","link":"https:\/\/gpl-love.com\/es\/producto\/logistix-responsive-transportation-wordpress-tema\/","title":{"rendered":"Logistix Responsive Transportation WordPress Theme 1.27"},"content":{"rendered":"<h3>Logistix Responsive Transportation WordPress Theme Caracteristicas<\/h3>\n<p>Logistix, un tema de WordPress de transporte extremadamente funcional y altamente receptivo, ha sido meticulosamente elaborado para empresas que operan dentro del sector de log\u00edstica y transporte. Haciendo un dise\u00f1o contempor\u00e1neo y despejado, este tema es perfecto para los establecimientos que anhelan exhibir sus servicios y ofrecer una plataforma f\u00e1cil de usar para que la clientela reserve sin esfuerzo sus requisitos de env\u00edo. Con una variedad de atributos impresionantes, incluida una presentaci\u00f3n de diapositivas personalizable, formulario de reserva y sistema de seguimiento, los usuarios pueden monitorear convenientemente el progreso de sus env\u00edos. Adem\u00e1s, la capacidad de respuesta del tema garantiza una experiencia visualmente agradable en todos los dispositivos, asegurando una navegaci\u00f3n perfecta para usuarios de escritorio y m\u00f3viles. En esencia, Logistix personifica un tema robusto y vers\u00e1til, capaz de mejorar la visibilidad en l\u00ednea y elevar la experiencia general del cliente de las compa\u00f1\u00edas de transporte.<\/p>\n<ul>\n<li>El dise\u00f1o receptivo m\u00f3vil asegura que su sitio web se vea genial en todos los dispositivos, incluidos tel\u00e9fonos inteligentes, tabletas y computadoras de escritorio.<\/li>\n<li>M\u00faltiples dise\u00f1os de p\u00e1gina de inicio le permiten elegir el dise\u00f1o que mejor se adapte a las necesidades de su negocio y la identidad de la marca.<\/li>\n<li>La documentaci\u00f3n y el soporte integrales est\u00e1n disponibles para garantizar que aproveche al m\u00e1ximo su sitio web y tema.<\/li>\n<li>La calculadora de cotizaciones de carga permite a sus clientes recibir una estimaci\u00f3n instant\u00e1nea para los costos de env\u00edo, mejorar su experiencia general y aumentar las conversiones.<\/li>\n<li>M\u00faltiples opciones de encabezado y pie de p\u00e1gina proporcionan flexibilidad cuando se trata de dise\u00f1ar el dise\u00f1o de su sitio web y la experiencia general del usuario.<\/li>\n<li>La integraci\u00f3n de las redes sociales facilita compartir su sitio web y negocio de transporte con sus seguidores y fan\u00e1ticos.<\/li>\n<li>La optimizaci\u00f3n de SEO garantiza que su sitio web se ubique bien en Google y otros motores de b\u00fasqueda, ayudando a impulsar el tr\u00e1fico y aumentar la conciencia de la marca.<\/li>\n<li>WooCommerce Integration le permite vender productos y servicios directamente en su sitio web, simplificando la experiencia de compra para sus clientes.<\/li>\n<li>Las poderosas opciones de personalizaci\u00f3n le permiten ajustar cada aspecto del dise\u00f1o y la funcionalidad de su sitio web, lo que lo hace verdaderamente \u00fanico y adaptado a sus necesidades comerciales.<\/li>\n<\/ul>\n","protected":false},"excerpt":{"rendered":"<p>Logistix, un tema ejemplar de transporte receptivo de WordPress, ha sido meticulosamente elaborado para satisfacer los requisitos de las empresas de log\u00edstica, las empresas de transporte y varias industrias aliadas. Con su dise\u00f1o de vanguardia y sofisticado, este tema ofrece una flexibilidad completa, lo que permite a los usuarios construir sitios web visualmente impresionantes sin esfuerzo con solo unos pocos clics. Logistix le permite presentar una variedad de servicios, exhibir su flota de veh\u00edculos, proporcionar a los clientes informaci\u00f3n de seguimiento y administrar efectivamente las reservas y env\u00edos, todo desde una sola plataforma unificada. Adem\u00e1s, este tema se integra perfectamente con los complementos populares y se ha desarrollado con \u00e9nfasis primordial en la optimizaci\u00f3n de motores de b\u00fasqueda, lo que lo convierte en la mejor opci\u00f3n para cualquier empresa de transporte que se esfuerce por establecer una presencia formidable en l\u00ednea.<\/p>\n","protected":false},"featured_media":166633,"comment_status":"open","ping_status":"open","template":"","meta":[],"product_brand":[2337],"product_cat":[1307,1237,1238],"product_tag":[1391],"class_list":{"0":"post-112611","1":"product","2":"type-product","3":"status-publish","4":"has-post-thumbnail","6":"product_brand-themeforest","7":"product_cat-negocio-wordpress-temas","8":"product_cat-temas","9":"product_cat-wordpress-temas","10":"product_tag-themeforest","11":"member-discount","12":"discount-restricted","14":"first","15":"instock","16":"sale","17":"downloadable","18":"virtual","19":"sold-individually","20":"purchasable","21":"product-type-simple"},"_links":{"self":[{"href":"https:\/\/gpl-love.com\/es\/wp-json\/wp\/v2\/product\/112611","targetHints":{"allow":["GET"]}}],"collection":[{"href":"https:\/\/gpl-love.com\/es\/wp-json\/wp\/v2\/product"}],"about":[{"href":"https:\/\/gpl-love.com\/es\/wp-json\/wp\/v2\/types\/product"}],"replies":[{"embeddable":true,"href":"https:\/\/gpl-love.com\/es\/wp-json\/wp\/v2\/comments?post=112611"}],"wp:featuredmedia":[{"embeddable":true,"href":"https:\/\/gpl-love.com\/es\/wp-json\/wp\/v2\/media\/166633"}],"wp:attachment":[{"href":"https:\/\/gpl-love.com\/es\/wp-json\/wp\/v2\/media?parent=112611"}],"wp:term":[{"taxonomy":"product_brand","embeddable":true,"href":"https:\/\/gpl-love.com\/es\/wp-json\/wp\/v2\/product_brand?post=112611"},{"taxonomy":"product_cat","embeddable":true,"href":"https:\/\/gpl-love.com\/es\/wp-json\/wp\/v2\/product_cat?post=112611"},{"taxonomy":"product_tag","embeddable":true,"href":"https:\/\/gpl-love.com\/es\/wp-json\/wp\/v2\/product_tag?post=112611"}],"curies":[{"name":"wp","href":"https:\/\/api.w.org\/{rel}","templated":true}]}}