{"id":112609,"date":"2022-02-15T00:00:00","date_gmt":"2022-02-15T05:00:00","guid":{"rendered":"http:\/\/gpl-love.com\/es\/producto\/hotel-master-hotel-booking-wordpress-tema\/"},"modified":"2026-03-13T17:22:16","modified_gmt":"2026-03-13T22:22:16","slug":"hotel-master-hotel-booking-wordpress-tema","status":"publish","type":"product","link":"https:\/\/gpl-love.com\/es\/producto\/hotel-master-hotel-booking-wordpress-tema\/","title":{"rendered":"Hotel Master Hotel Booking WordPress Theme 4.1.4"},"content":{"rendered":"<h3>Hotel Master Hotel Booking WordPress Theme Caracteristicas<\/h3>\n<p>El tema de WordPress de Hotel Master Hotel es una soluci\u00f3n excepcional y abarrotable que satisface las necesidades de las empresas hoteleras en su b\u00fasqueda para establecer una presencia en l\u00ednea din\u00e1mica y cautivadora. Con una multitud de caracter\u00edsticas innovadoras, este tema permite a los usuarios crear y administrar sin esfuerzo su propio sitio web de hotel. Entre sus atributos notables se encuentran la amplia gama de dise\u00f1os de p\u00e1ginas de inicio, formularios de reserva personalizables, un sistema de gesti\u00f3n de reservas incorporado y una amplia gama de opciones de personalizaci\u00f3n. Los dise\u00f1adores de Hotel Master se han asegurado de que el tema cuenta con un dise\u00f1o receptivo, lo que garantiza que su sitio web estar\u00e1 optimizado sin problemas para ver en cualquier dispositivo. Adem\u00e1s, este notable tema facilita la integraci\u00f3n perfecta con las pasarelas de pago populares y las plataformas de redes sociales. En conclusi\u00f3n, el Hotel Master Hotel Booking WordPress Theme es una opci\u00f3n exquisita para las empresas hoteleras que aspiran a ofrecer a sus estimados clientes una experiencia de reserva en l\u00ednea incomparable.<\/p>\n<ul>\n<li>Un tema de WordPress de hotel sofisticado y profesional<\/li>\n<li>Dise\u00f1ado para ofrecer una experiencia de usuario perfecta para hoteleros e hu\u00e9spedes<\/li>\n<li>Ofrece un dise\u00f1o receptivo para una visualizaci\u00f3n \u00f3ptima en todos los dispositivos<\/li>\n<li>Ofrece un sistema de reserva integral para una f\u00e1cil gesti\u00f3n de reservas y disponibilidad.<\/li>\n<li>Permite a los clientes buscar, comparar y reservar f\u00e1cilmente hoteles directamente en su sitio web.<\/li>\n<li>Viene con un sistema de revisi\u00f3n y calificaci\u00f3n incorporado para comentarios de los clientes y gesti\u00f3n de reputaci\u00f3n<\/li>\n<li>Ofrece m\u00faltiples opciones de pasarela de pago para atender las diferentes preferencias del cliente<\/li>\n<li>Ofrece una variedad de opciones de personalizaci\u00f3n para que coincida con la identidad y las preferencias de su marca.<\/li>\n<li>Incluye soporte para sitios multiling\u00fces para atender a clientes de diferentes partes del mundo<\/li>\n<li>Ofrece documentaci\u00f3n detallada y soporte para ayudarlo a comenzar y aprovechar al m\u00e1ximo el tema.<\/li>\n<\/ul>\n","protected":false},"excerpt":{"rendered":"<p>El tema de WordPress de Hotel Master Hotel muestra su destreza como una plataforma en l\u00ednea potente e intuitiva con su objetivo de ayudar a los hoteles a administrar de manera efectiva sus reservas. Esta plataforma est\u00e1 equipada con una interfaz que no solo es f\u00e1cil de usar, sino que tambi\u00e9n permite a los hoteleros que los hoteleros exhiben disponibilidad de habitaciones, establecen diversos tipos de habitaciones con niveles de precios variables y aceptan sin esfuerzo reservas y pagos en l\u00ednea. Adem\u00e1s, otorga a los hoteleros la libertad de disfrutar de numerosas opciones de personalizaci\u00f3n, como dise\u00f1ar dise\u00f1os, personalizar los colores y aumentar el atractivo visual del sitio web incorporando im\u00e1genes y videos cautivadores que resalten las comodidades del hotel. Ya sea que uno sea un ne\u00f3fito que navega por el reino en l\u00ednea o en busca de una soluci\u00f3n robusta pero f\u00e1cilmente navegable para el sitio web de su hotel, el tema maestro del hotel se erige como una selecci\u00f3n ideal.<\/p>\n","protected":false},"featured_media":166430,"comment_status":"open","ping_status":"open","template":"","meta":[],"product_brand":[2337],"product_cat":[1548,1237,1238],"product_tag":[1391],"class_list":{"0":"post-112609","1":"product","2":"type-product","3":"status-publish","4":"has-post-thumbnail","6":"product_brand-themeforest","7":"product_cat-resort-hotel","8":"product_cat-temas","9":"product_cat-wordpress-temas","10":"product_tag-themeforest","11":"member-discount","12":"discount-restricted","14":"first","15":"instock","16":"sale","17":"downloadable","18":"virtual","19":"sold-individually","20":"purchasable","21":"product-type-simple"},"_links":{"self":[{"href":"https:\/\/gpl-love.com\/es\/wp-json\/wp\/v2\/product\/112609","targetHints":{"allow":["GET"]}}],"collection":[{"href":"https:\/\/gpl-love.com\/es\/wp-json\/wp\/v2\/product"}],"about":[{"href":"https:\/\/gpl-love.com\/es\/wp-json\/wp\/v2\/types\/product"}],"replies":[{"embeddable":true,"href":"https:\/\/gpl-love.com\/es\/wp-json\/wp\/v2\/comments?post=112609"}],"wp:featuredmedia":[{"embeddable":true,"href":"https:\/\/gpl-love.com\/es\/wp-json\/wp\/v2\/media\/166430"}],"wp:attachment":[{"href":"https:\/\/gpl-love.com\/es\/wp-json\/wp\/v2\/media?parent=112609"}],"wp:term":[{"taxonomy":"product_brand","embeddable":true,"href":"https:\/\/gpl-love.com\/es\/wp-json\/wp\/v2\/product_brand?post=112609"},{"taxonomy":"product_cat","embeddable":true,"href":"https:\/\/gpl-love.com\/es\/wp-json\/wp\/v2\/product_cat?post=112609"},{"taxonomy":"product_tag","embeddable":true,"href":"https:\/\/gpl-love.com\/es\/wp-json\/wp\/v2\/product_tag?post=112609"}],"curies":[{"name":"wp","href":"https:\/\/api.w.org\/{rel}","templated":true}]}}