{"id":112607,"date":"2026-01-23T00:00:00","date_gmt":"2026-01-23T05:00:00","guid":{"rendered":"http:\/\/gpl-love.com\/es\/producto\/countdown-pro-wp-plugin\/"},"modified":"2026-03-09T07:24:47","modified_gmt":"2026-03-09T12:24:47","slug":"countdown-pro-wp-plugin","status":"publish","type":"product","link":"https:\/\/gpl-love.com\/es\/producto\/countdown-pro-wp-plugin\/","title":{"rendered":"CountDown Pro WP Plugin 2.8"},"content":{"rendered":"<h3>CountDown Pro WP Plugin Caracteristicas<\/h3>\n<p>El complemento Countdown Pro WP es una soluci\u00f3n de software inmensamente poderosa que otorga a los propietarios de sitios web la capacidad de integrar a la perfecci\u00f3n temporizadores de cuenta regresiva en sus sitios de WordPress. Este complemento excepcional equipa a los usuarios con la capacidad sin esfuerzo para generar y personalizar los temporizadores de cuenta regresiva para una variedad de prop\u00f3sitos, como la introducci\u00f3n de nuevos productos, promociones exclusivas, eventos significativos y mucho m\u00e1s. Con su interfaz notablemente f\u00e1cil de usar, la configuraci\u00f3n y el establecimiento de temporizadores de cuenta regresiva es una tarea sin esfuerzo que se puede lograr en solo unos pocos clics simples. Adem\u00e1s, este complemento presenta una amplia gama de opciones de personalizaci\u00f3n, que abarca la libertad de seleccionar entre una amplia gama de estilos de temporizador, colores, fuentes y animaciones. Tambi\u00e9n vale la pena se\u00f1alar que los usuarios tienen la capacidad de asignar m\u00faltiples temporizadores a trav\u00e9s de p\u00e1ginas distintas de su sitio y controlar de cerca el progreso de cada temporizador. En conclusi\u00f3n, el complemento Countdown Pro WP es una herramienta esencial que es absolutamente indispensable para las personas que buscan aumentar sus sitios web con temporizadores de cuenta regresiva cautivadores y altamente eficientes.<\/p>\n<ul>\n<li>Agrega un temporizador de cuenta regresiva personalizable a su sitio web de WordPress<\/li>\n<li>Ayuda a crear una sensaci\u00f3n de urgencia y aumentar las conversiones<\/li>\n<li>Ofrece m\u00faltiples estilos de temporizador y opciones de color para que coincidan con el dise\u00f1o de su sitio web<\/li>\n<li>Permite una f\u00e1cil personalizaci\u00f3n de los colores de fuente, fondo y borde<\/li>\n<li>Proporciona la opci\u00f3n de mostrar u ocultar ciertos elementos, como etiquetas y unidades de tiempo.<\/li>\n<li>Se puede configurar para comenzar y terminar en fechas y tiempos espec\u00edficos<\/li>\n<li>Proporciona la opci\u00f3n de redirigir a los usuarios a una p\u00e1gina diferente una vez que finaliza el temporizador<\/li>\n<li>Incluye un c\u00f3digo corto para colocar f\u00e1cilmente el temporizador en cualquier p\u00e1gina o publicaci\u00f3n.<\/li>\n<li>Ofrece un dise\u00f1o receptivo para garantizar que el temporizador se vea genial en todos los dispositivos<\/li>\n<li>Proporciona documentaci\u00f3n detallada y soporte del desarrollador de complementos<\/li>\n<\/ul>\n","protected":false},"excerpt":{"rendered":"<p>El complemento Countdown Pro WP es una herramienta vers\u00e1til para cualquier propietario del sitio web de WordPress. Este complemento cuenta con funciones que le permiten crear atractivos temporizadores de cuenta regresiva para su sitio. Es perfecto para promocionar eventos especiales, ventas o ofertas limitadas por el tiempo. El complemento es f\u00e1cil de usar, lo que facilita la configuraci\u00f3n de temporizadores con solo unos pocos clics. Adem\u00e1s, ofrece opciones de personalizaci\u00f3n para que coincidan con la est\u00e9tica de su sitio web. \u00a1Tome este complemento WP ahora y mejore el compromiso de su sitio con el poder de la urgencia y la anticipaci\u00f3n!<\/p>\n","protected":false},"featured_media":165667,"comment_status":"open","ping_status":"open","template":"","meta":[],"product_brand":[2339],"product_cat":[1214,1206,1211],"product_tag":[1256],"class_list":{"0":"post-112607","1":"product","2":"type-product","3":"status-publish","4":"has-post-thumbnail","6":"product_brand-codecanyon","7":"product_cat-personalizacion","8":"product_cat-plugins","9":"product_cat-wordpress-plugins","10":"product_tag-codecanyon","11":"member-discount","12":"discount-restricted","14":"first","15":"instock","16":"sale","17":"downloadable","18":"virtual","19":"sold-individually","20":"purchasable","21":"product-type-simple"},"_links":{"self":[{"href":"https:\/\/gpl-love.com\/es\/wp-json\/wp\/v2\/product\/112607","targetHints":{"allow":["GET"]}}],"collection":[{"href":"https:\/\/gpl-love.com\/es\/wp-json\/wp\/v2\/product"}],"about":[{"href":"https:\/\/gpl-love.com\/es\/wp-json\/wp\/v2\/types\/product"}],"replies":[{"embeddable":true,"href":"https:\/\/gpl-love.com\/es\/wp-json\/wp\/v2\/comments?post=112607"}],"wp:featuredmedia":[{"embeddable":true,"href":"https:\/\/gpl-love.com\/es\/wp-json\/wp\/v2\/media\/165667"}],"wp:attachment":[{"href":"https:\/\/gpl-love.com\/es\/wp-json\/wp\/v2\/media?parent=112607"}],"wp:term":[{"taxonomy":"product_brand","embeddable":true,"href":"https:\/\/gpl-love.com\/es\/wp-json\/wp\/v2\/product_brand?post=112607"},{"taxonomy":"product_cat","embeddable":true,"href":"https:\/\/gpl-love.com\/es\/wp-json\/wp\/v2\/product_cat?post=112607"},{"taxonomy":"product_tag","embeddable":true,"href":"https:\/\/gpl-love.com\/es\/wp-json\/wp\/v2\/product_tag?post=112607"}],"curies":[{"name":"wp","href":"https:\/\/api.w.org\/{rel}","templated":true}]}}