{"id":112605,"date":"2022-05-06T00:00:00","date_gmt":"2022-05-06T05:00:00","guid":{"rendered":"http:\/\/gpl-love.com\/es\/producto\/capital-multi-purpose-business-wordpress-tema\/"},"modified":"2026-03-13T17:17:23","modified_gmt":"2026-03-13T22:17:23","slug":"capital-multi-purpose-business-wordpress-tema","status":"publish","type":"product","link":"https:\/\/gpl-love.com\/es\/producto\/capital-multi-purpose-business-wordpress-tema\/","title":{"rendered":"Capital Multi Purpose Business WordPress Theme 2.5"},"content":{"rendered":"<h3>Capital Multi Purpose Business WordPress Theme Caracteristicas<\/h3>\n<p>El tema de WordPress de negocios multiprop\u00f3sito Capital, una plataforma altamente adaptable e integral, ha sido ingeniosamente elaborada para satisfacer las demandas en constante evoluci\u00f3n de las empresas contempor\u00e1neas. Su dise\u00f1o notablemente flexible permite a los usuarios moldear y dar forma a su propio sitio web distintivo y pulido, reflejando exquisitamente la esencia de su marca. Lo que realmente distingue a este tema es su interfaz perfecta e intuitiva, navegable sin esfuerzo tanto para ne\u00f3fitos como para expertos experimentados. En particular, su dise\u00f1o receptivo de vanguardia garantiza una pantalla impecable en varios dispositivos, que abarca todo el espectro desde escritorios tradicionales hasta elegantes dispositivos m\u00f3viles. Adem\u00e1s, el tema de WordPress de WordPress de Capital MultiP prop\u00f3sito est\u00e1 repleto de una extensa variedad de caracter\u00edsticas impresionantes y posibilidades de personalizaci\u00f3n, sin dejar piedra sin mover en la atenci\u00f3n a los requisitos \u00fanicos de las empresas. En general, este tema extraordinario es una opci\u00f3n ejemplar para las empresas que buscan forjar una huella digital formidable y atraer a una base de clientes en constante expansi\u00f3n.<\/p>\n<ul>\n<li>Tema vers\u00e1til adecuado para una variedad de empresas e industrias<\/li>\n<li>Dise\u00f1o limpio y moderno con opciones de dise\u00f1o personalizables<\/li>\n<li>Incluye p\u00e1ginas preconstruidas para servicios, cartera, miembros del equipo, testimonios y m\u00e1s<\/li>\n<li>Integraci\u00f3n con complementos populares de WordPress como WooCommerce, Contact Form 7 y Yoast SEO<\/li>\n<li>Dise\u00f1o de respuesta m\u00f3vil para una visualizaci\u00f3n \u00f3ptima en todos los dispositivos<\/li>\n<li>Constructor de p\u00e1gina de arrastrar y soltar f\u00e1ciles de usar para crear dise\u00f1os personalizados<\/li>\n<li>Documentaci\u00f3n de tema integral y atenci\u00f3n al cliente<\/li>\n<li>Actualizaciones y mejoras peri\u00f3dicas para garantizar la compatibilidad con las \u00faltimas versiones de WordPress y complementos<\/li>\n<li>Traducci\u00f3n lista para crear un sitio web multiling\u00fce<\/li>\n<li>Importar contenido de demostraci\u00f3n de un solo clic para una f\u00e1cil configuraci\u00f3n<\/li>\n<\/ul>\n","protected":false},"excerpt":{"rendered":"<p>Desatara el potencial de su negocio con el tema de WordPress de WordPress de MultiPropio de capital. Este tema vers\u00e1til no se trata solo de la est\u00e9tica, sino que tambi\u00e9n ofrece la funcionalidad. Est\u00e1 dise\u00f1ado para ser utilizado para cualquier tipo de negocio, lo que lo convierte en una soluci\u00f3n altamente adaptable para su presencia en l\u00ednea.<\/p>\n<p>El tema Capital ofrece una interfaz f\u00e1cil de usar y una gran cantidad de opciones de personalizaci\u00f3n, lo que le permite crear un sitio web \u00fanico y profesional sin ning\u00fan conocimiento de codificaci\u00f3n. Este tema de WordPress tambi\u00e9n viene con un dise\u00f1o totalmente receptivo, asegurando que su sitio web se vea muy bien en cualquier dispositivo, ya sea un m\u00f3vil, tableta o escritorio.<\/p>\n<p>Beneficiarse de su estructura amigable con el SEO que ayudar\u00e1 a aumentar la visibilidad de su sitio en los resultados del motor de b\u00fasqueda, aumentando sus posibilidades de alcanzar su p\u00fablico objetivo. Adem\u00e1s, es compatible con WooCommerce, lo que le permite configurar una tienda en l\u00ednea en poco tiempo.<\/p>\n<p>Con el tema de WordPress de WordPress de Capital Multi Prop\u00f3sito, obtienes una herramienta poderosa que puede ayudar a hacer crecer tu negocio en l\u00ednea. Transforme su sitio web en una plataforma din\u00e1mica que refleje la identidad de su marca<\/p>\n","protected":false},"featured_media":165589,"comment_status":"open","ping_status":"open","template":"","meta":[],"product_brand":[2337],"product_cat":[1239,1237,1238],"product_tag":[1391],"class_list":{"0":"post-112605","1":"product","2":"type-product","3":"status-publish","4":"has-post-thumbnail","6":"product_brand-themeforest","7":"product_cat-de-multiples-fines","8":"product_cat-temas","9":"product_cat-wordpress-temas","10":"product_tag-themeforest","11":"member-discount","12":"discount-restricted","14":"first","15":"instock","16":"sale","17":"downloadable","18":"virtual","19":"sold-individually","20":"purchasable","21":"product-type-simple"},"_links":{"self":[{"href":"https:\/\/gpl-love.com\/es\/wp-json\/wp\/v2\/product\/112605","targetHints":{"allow":["GET"]}}],"collection":[{"href":"https:\/\/gpl-love.com\/es\/wp-json\/wp\/v2\/product"}],"about":[{"href":"https:\/\/gpl-love.com\/es\/wp-json\/wp\/v2\/types\/product"}],"replies":[{"embeddable":true,"href":"https:\/\/gpl-love.com\/es\/wp-json\/wp\/v2\/comments?post=112605"}],"wp:featuredmedia":[{"embeddable":true,"href":"https:\/\/gpl-love.com\/es\/wp-json\/wp\/v2\/media\/165589"}],"wp:attachment":[{"href":"https:\/\/gpl-love.com\/es\/wp-json\/wp\/v2\/media?parent=112605"}],"wp:term":[{"taxonomy":"product_brand","embeddable":true,"href":"https:\/\/gpl-love.com\/es\/wp-json\/wp\/v2\/product_brand?post=112605"},{"taxonomy":"product_cat","embeddable":true,"href":"https:\/\/gpl-love.com\/es\/wp-json\/wp\/v2\/product_cat?post=112605"},{"taxonomy":"product_tag","embeddable":true,"href":"https:\/\/gpl-love.com\/es\/wp-json\/wp\/v2\/product_tag?post=112605"}],"curies":[{"name":"wp","href":"https:\/\/api.w.org\/{rel}","templated":true}]}}