{"id":112597,"date":"2024-12-11T00:00:00","date_gmt":"2024-12-11T05:00:00","guid":{"rendered":"http:\/\/gpl-love.com\/es\/?post_type=product&#038;p=112597"},"modified":"2026-03-09T07:36:20","modified_gmt":"2026-03-09T12:36:20","slug":"formidable-forms-wpml","status":"publish","type":"product","link":"https:\/\/gpl-love.com\/es\/producto\/formidable-forms-wpml\/","title":{"rendered":"Formidable Forms WPML Multilingual 1.13"},"content":{"rendered":"<h3>Formidable Forms WPML Multilingual Caracteristicas<\/h3>\n<p>Formas formidables WPML multiling\u00fce es un complemento incre\u00edblemente robusto y altamente efectivo que proporciona a los usuarios de WordPress un medio perfecto y eficiente para crear formas multiling\u00fces. Al utilizar este notable complemento, los propietarios de sitios web pueden generar formas sin esfuerzo en m\u00faltiples idiomas y adaptarlos para alinearse perfectamente con su marca y requisitos espec\u00edficos. Lo que distingue a este complemento es su integraci\u00f3n perfecta con WPML, un complemento WordPress ampliamente aclamado y ampliamente utilizado dise\u00f1ado espec\u00edficamente para sitios multiling\u00fces. Esta integraci\u00f3n permite a los usuarios traducir expertamente cada faceta de sus formularios, incluidos los campos de formulario, las etiquetas y los mensajes, lo que garantiza una experiencia multiling\u00fce verdaderamente integral y cohesiva. Este complemento excepcional es particularmente adecuado para empresas o personas que buscan generar formularios que atienden a una audiencia global o aquellos que operan sitios web multiling\u00fces. Con formularios formidables WPML multiling\u00fce a su disposici\u00f3n, los usuarios tienen la capacidad invaluable de mejorar la experiencia general del usuario de su sitio web, participar y comunicarse sin esfuerzo con visitantes que no hablan ingl\u00e9s, y finalmente maximizar sus tasas de conversi\u00f3n en un grado notable.<\/p>\n<ul>\n<li>Le permite crear formas multiling\u00fces con facilidad<\/li>\n<li>Se integra a la perfecci\u00f3n con WPML para proporcionar una experiencia de traducci\u00f3n sin problemas<\/li>\n<li>Puede traducir etiquetas de formulario, descripciones, marcadores de posici\u00f3n y mensajes de error en m\u00faltiples idiomas<\/li>\n<li>Proporciona opciones de estilo avanzado para cada versi\u00f3n de idioma del formulario<\/li>\n<li>Funciona con todos los complementos y caracter\u00edsticas de formularios formidables<\/li>\n<li>Compatible con todos los temas y complementos de WordPress<\/li>\n<li>Ofrece un excelente soporte y actualizaciones regulares para la funcionalidad continua.<\/li>\n<\/ul>\n","protected":false},"excerpt":{"rendered":"<p>Formidables Forms WPML Multiling\u00fce es un complemento incre\u00edblemente robusto y din\u00e1mico que presenta a los usuarios la oportunidad de crear formas multiling\u00fces sin esfuerzo dentro de los l\u00edmites de su sitio web de WordPress. Al integrarse perfectamente con el complemento WPML, esta herramienta permite la traducci\u00f3n sin esfuerzo de formas a una multitud de idiomas, lo que facilita la interacci\u00f3n y la participaci\u00f3n del usuario en su idioma preferido. Este complemento cuenta con una amplia gama de caracter\u00edsticas, como constructores de forma de arrastrar y soltar, campos de forma avanzada, l\u00f3gica condicional y mucho m\u00e1s, que contribuyen a la creaci\u00f3n de formas potentes y cautivadoras. Ya sea que se encuentre supervisando un negocio local o administrando una tienda global de comercio electr\u00f3nico, la inclusi\u00f3n de formas formidables WPML multiling\u00fce es indispensable para optimizar todo el proceso de elaboraci\u00f3n y administraci\u00f3n de formas multiling\u00fces.<\/p>\n","protected":false},"featured_media":166159,"comment_status":"open","ping_status":"closed","template":"","meta":[],"product_brand":[2459],"product_cat":[1216,1206,1211],"product_tag":[1509],"class_list":{"0":"post-112597","1":"product","2":"type-product","3":"status-publish","4":"has-post-thumbnail","6":"product_brand-formidable","7":"product_cat-formas","8":"product_cat-plugins","9":"product_cat-wordpress-plugins","10":"product_tag-formidable","11":"member-discount","12":"discount-restricted","14":"first","15":"instock","16":"sale","17":"downloadable","18":"virtual","19":"sold-individually","20":"purchasable","21":"product-type-simple"},"_links":{"self":[{"href":"https:\/\/gpl-love.com\/es\/wp-json\/wp\/v2\/product\/112597","targetHints":{"allow":["GET"]}}],"collection":[{"href":"https:\/\/gpl-love.com\/es\/wp-json\/wp\/v2\/product"}],"about":[{"href":"https:\/\/gpl-love.com\/es\/wp-json\/wp\/v2\/types\/product"}],"replies":[{"embeddable":true,"href":"https:\/\/gpl-love.com\/es\/wp-json\/wp\/v2\/comments?post=112597"}],"wp:featuredmedia":[{"embeddable":true,"href":"https:\/\/gpl-love.com\/es\/wp-json\/wp\/v2\/media\/166159"}],"wp:attachment":[{"href":"https:\/\/gpl-love.com\/es\/wp-json\/wp\/v2\/media?parent=112597"}],"wp:term":[{"taxonomy":"product_brand","embeddable":true,"href":"https:\/\/gpl-love.com\/es\/wp-json\/wp\/v2\/product_brand?post=112597"},{"taxonomy":"product_cat","embeddable":true,"href":"https:\/\/gpl-love.com\/es\/wp-json\/wp\/v2\/product_cat?post=112597"},{"taxonomy":"product_tag","embeddable":true,"href":"https:\/\/gpl-love.com\/es\/wp-json\/wp\/v2\/product_tag?post=112597"}],"curies":[{"name":"wp","href":"https:\/\/api.w.org\/{rel}","templated":true}]}}