{"id":112595,"date":"2024-10-19T00:00:00","date_gmt":"2024-10-19T05:00:00","guid":{"rendered":"http:\/\/gpl-love.com\/es\/?post_type=product&#038;p=112595"},"modified":"2026-03-09T07:36:18","modified_gmt":"2026-03-09T12:36:18","slug":"formidable-forms-user-registration","status":"publish","type":"product","link":"https:\/\/gpl-love.com\/es\/producto\/formidable-forms-user-registration\/","title":{"rendered":"Formidable Forms User Registration 3.0"},"content":{"rendered":"<h3>Formidable Forms User Registration Caracteristicas<\/h3>\n<p>Formidable Formularios El registro del usuario es una herramienta muy avanzada y excepcionalmente potente meticulosamente dise\u00f1ada para capacitar a los propietarios de sitios web con la capacidad de generar formularios de registro de usuarios de manera expedita y eficiente. A trav\u00e9s de la utilizaci\u00f3n de su interfaz de constructor de formulario de arrastre y drogas notablemente f\u00e1cil de usar, los usuarios pueden fabricar sin esfuerzo formularios de registro personalizados adaptados para cumplir con sus requisitos precisos e individualistas. Esta herramienta excepcional cuenta con una extensa gama de caracter\u00edsticas, que abarca la incorporaci\u00f3n de l\u00f3gica condicional, formularios de varias p\u00e1ginas y campos a medida, lo que le hace un recurso excepcionalmente vers\u00e1til y flexible para los propietarios de sitios web. Adem\u00e1s de su mir\u00edada de funcionalidades, este complemento se integra perfectamente con las plataformas de gesti\u00f3n de marketing por correo electr\u00f3nico y gesti\u00f3n de relaciones con el cliente (CRM) ampliamente aclamadas, facilitando as\u00ed la automatizaci\u00f3n de los flujos de trabajo y la racionalizaci\u00f3n del proceso de registro de usuarios para los usuarios. Al aprovechar las capacidades extraordinarias de formularios formidables, los propietarios de usuarios, los propietarios de sitios web pueden crear sin esfuerzo experiencias de los usuarios altamente inmersivas y cautivadoras, catapultando as\u00ed a sus sitios web a un nivel de excelencia y logros sin precedentes.<\/p>\n<ul>\n<li>Crear formularios de registro de usuario personalizados f\u00e1cilmente<\/li>\n<li>Recopilar informaci\u00f3n importante del usuario durante el registro<\/li>\n<li>Enviar correos electr\u00f3nicos de confirmaci\u00f3n del usuario con plantillas personalizables<\/li>\n<li>Configurar notificaciones para alertar al administrador de nuevos registros<\/li>\n<li>Elija entre una variedad de tipos de campo que incluyen texto, menores desplegables, casillas de verificaci\u00f3n y m\u00e1s<\/li>\n<li>Con\u00e9ctese con servicios populares de marketing por correo electr\u00f3nico para agregar nuevos usuarios a las listas de correo<\/li>\n<li>Use la l\u00f3gica condicional para mostrar\/ocultar campos en funci\u00f3n de las respuestas del usuario<\/li>\n<li>Implementar medidas anti-Spam con recaptcha o akismet<\/li>\n<li>Integrarse con las pasarelas de pago populares para las opciones de membres\u00eda pagada<\/li>\n<li>Permitir a los usuarios editar su informaci\u00f3n de registro en cualquier momento.<\/li>\n<\/ul>\n","protected":false},"excerpt":{"rendered":"<p>Formas formidables El registro de usuarios se erige como un complemento notablemente robusto y multifac\u00e9tico, que brinda a los propietarios de sitios web la capacidad de dise\u00f1ar formularios de registro personalizados para sus estimados usuarios. Este instrumento altamente intuitivo permite a las empresas acumulando sin esfuerzo datos esenciales de los usuarios, incluidos, entre otros, nombres, direcciones y direcciones de correo electr\u00f3nico, al tiempo que proporciona el lujo de personalizar los formularios de registro a trav\u00e9s de la implementaci\u00f3n de l\u00f3gica condicional, dise\u00f1o de m\u00faltiples p\u00e1ginas y una matriz y una matriz de caracter\u00edsticas adicionales. En conjunto con los beneficios antes mencionados, el registro de usuarios formularios formularios se aplica a\u00fan m\u00e1s el proceso de administraci\u00f3n de usuarios mediante la automatizaci\u00f3n de notificaciones por correo electr\u00f3nico, facilitando la administraci\u00f3n perfecta de cuentas de usuario y manteniendo la m\u00e1xima seguridad al almacenar los datos del usuario. Independientemente de si uno est\u00e1 tratando de forjar formularios de registro para cursos en l\u00ednea estimados, sitios de membres\u00eda o plataformas de comercio electr\u00f3nico formidables, la conveniencia incomparable ofrecida por formularios formidables, el registro de los usuarios garantiza que este arduo proceso se simplifique sin esfuerzo, lo que permite que uno recopile y compile un excelente excelente. Informaci\u00f3n del usuario con facilidad incomparable.<\/p>\n","protected":false},"featured_media":166158,"comment_status":"open","ping_status":"open","template":"","meta":[],"product_brand":[2459],"product_cat":[1216,1206,1211],"product_tag":[1509],"class_list":{"0":"post-112595","1":"product","2":"type-product","3":"status-publish","4":"has-post-thumbnail","6":"product_brand-formidable","7":"product_cat-formas","8":"product_cat-plugins","9":"product_cat-wordpress-plugins","10":"product_tag-formidable","11":"member-discount","12":"discount-restricted","14":"first","15":"instock","16":"sale","17":"downloadable","18":"virtual","19":"sold-individually","20":"purchasable","21":"product-type-simple"},"_links":{"self":[{"href":"https:\/\/gpl-love.com\/es\/wp-json\/wp\/v2\/product\/112595","targetHints":{"allow":["GET"]}}],"collection":[{"href":"https:\/\/gpl-love.com\/es\/wp-json\/wp\/v2\/product"}],"about":[{"href":"https:\/\/gpl-love.com\/es\/wp-json\/wp\/v2\/types\/product"}],"replies":[{"embeddable":true,"href":"https:\/\/gpl-love.com\/es\/wp-json\/wp\/v2\/comments?post=112595"}],"wp:featuredmedia":[{"embeddable":true,"href":"https:\/\/gpl-love.com\/es\/wp-json\/wp\/v2\/media\/166158"}],"wp:attachment":[{"href":"https:\/\/gpl-love.com\/es\/wp-json\/wp\/v2\/media?parent=112595"}],"wp:term":[{"taxonomy":"product_brand","embeddable":true,"href":"https:\/\/gpl-love.com\/es\/wp-json\/wp\/v2\/product_brand?post=112595"},{"taxonomy":"product_cat","embeddable":true,"href":"https:\/\/gpl-love.com\/es\/wp-json\/wp\/v2\/product_cat?post=112595"},{"taxonomy":"product_tag","embeddable":true,"href":"https:\/\/gpl-love.com\/es\/wp-json\/wp\/v2\/product_tag?post=112595"}],"curies":[{"name":"wp","href":"https:\/\/api.w.org\/{rel}","templated":true}]}}