{"id":112593,"date":"2021-04-15T00:00:00","date_gmt":"2021-04-15T05:00:00","guid":{"rendered":"http:\/\/gpl-love.com\/es\/?post_type=product&#038;p=112593"},"modified":"2026-03-09T07:36:17","modified_gmt":"2026-03-09T12:36:17","slug":"formidable-forms-twilio-sms","status":"publish","type":"product","link":"https:\/\/gpl-love.com\/es\/producto\/formidable-forms-twilio-sms\/","title":{"rendered":"Formidable Forms Twilio SMS 1.08"},"content":{"rendered":"<h3>Formidable Forms Twilio SMS Caracteristicas<\/h3>\n<p>Formidable Forms Twilio SMS es una herramienta notablemente robusta y eficiente que facilita sin esfuerzo la integraci\u00f3n de los mensajes SMS en su ilustre sitio web de WordPress. Con la ayuda de este complemento excepcional, tiene la capacidad sin precedentes de enviar mensajes de texto a su estimada clientela desde los l\u00edmites de su sitio web, evitando as\u00ed la necesidad de emplear una plataforma de mensajer\u00eda separada. Adem\u00e1s, Formidable Forms Twilio SMS est\u00e1 dotado de una interfaz abundantemente f\u00e1cil de usar, lo que lo hace eminentemente f\u00e1cil de navegar, y ofrece una gran cantidad de caracter\u00edsticas personalizables que le permiten moda y transmitir mensajes SMS que est\u00e1n precisos para cumplir con sus especificaciones exigentes . Ya sea que se encuentre con la necesidad de diseminar recordatorios para las citas, transmitir promociones exclusivas o diseminar notificaciones, formularios formidables Twilio SMS representa una soluci\u00f3n notablemente vers\u00e1til e inquebrantable que seguramente facilitar\u00e1 un m\u00e9todo m\u00e1s optimizado y eficaz para mantener una conexi\u00f3n con su finalizaci\u00f3n. base de clientes.<\/p>\n<ul>\n<li>Se integra con el popular complemento de formularios formidables para agregar la funcionalidad SMS<\/li>\n<li>Permite a los usuarios enviar mensajes SMS directamente desde sus formularios formidables<\/li>\n<li>Utiliza Twilio, una plataforma de comunicaci\u00f3n en la nube de confianza, para una entrega de mensajes confiables<\/li>\n<li>Admite campos personalizados y datos din\u00e1micos, como datos de env\u00edo de formulario, para mensajes personalizados<\/li>\n<li>Ofrece una variedad de caracter\u00edsticas, que incluyen programaci\u00f3n de mensajes, registros de mensajes y administraci\u00f3n de exclusi\u00f3n<\/li>\n<li>Proporciona documentaci\u00f3n detallada y soporte para una f\u00e1cil integraci\u00f3n y configuraci\u00f3n<\/li>\n<li>Permite a las empresas mejorar la comunicaci\u00f3n con clientes, clientes y liderazgo a trav\u00e9s de la comodidad de los mensajes SMS.<\/li>\n<\/ul>\n","protected":false},"excerpt":{"rendered":"<p>Formidable Forms Twilio SMS es una soluci\u00f3n adicional de potencia significativa, lo que permite a los usuarios recibir sin problemas las notificaciones de SMS de manera directa directamente de sus formularios. La utilizaci\u00f3n de Twilio como plataforma de mensajer\u00eda mejora en gran medida la eficacia de esta herramienta, ya que garantiza un medio confiable de comunicaci\u00f3n para diversos fines, como env\u00edos de formularios, llamadas perdidas e incluso la provisi\u00f3n de recordatorios programados. Ya sea para la utilizaci\u00f3n comercial o personal, la incorporaci\u00f3n de formas formidables Twilio SMS sirve como una soluci\u00f3n extremadamente conveniente, lo que permite a las personas permanecer conectadas sin esfuerzo con su audiencia prevista.<\/p>\n","protected":false},"featured_media":166157,"comment_status":"open","ping_status":"open","template":"","meta":[],"product_brand":[2459],"product_cat":[1216,1206,1211],"product_tag":[1509],"class_list":{"0":"post-112593","1":"product","2":"type-product","3":"status-publish","4":"has-post-thumbnail","6":"product_brand-formidable","7":"product_cat-formas","8":"product_cat-plugins","9":"product_cat-wordpress-plugins","10":"product_tag-formidable","11":"member-discount","12":"discount-restricted","14":"first","15":"instock","16":"sale","17":"downloadable","18":"virtual","19":"sold-individually","20":"purchasable","21":"product-type-simple"},"_links":{"self":[{"href":"https:\/\/gpl-love.com\/es\/wp-json\/wp\/v2\/product\/112593","targetHints":{"allow":["GET"]}}],"collection":[{"href":"https:\/\/gpl-love.com\/es\/wp-json\/wp\/v2\/product"}],"about":[{"href":"https:\/\/gpl-love.com\/es\/wp-json\/wp\/v2\/types\/product"}],"replies":[{"embeddable":true,"href":"https:\/\/gpl-love.com\/es\/wp-json\/wp\/v2\/comments?post=112593"}],"wp:featuredmedia":[{"embeddable":true,"href":"https:\/\/gpl-love.com\/es\/wp-json\/wp\/v2\/media\/166157"}],"wp:attachment":[{"href":"https:\/\/gpl-love.com\/es\/wp-json\/wp\/v2\/media?parent=112593"}],"wp:term":[{"taxonomy":"product_brand","embeddable":true,"href":"https:\/\/gpl-love.com\/es\/wp-json\/wp\/v2\/product_brand?post=112593"},{"taxonomy":"product_cat","embeddable":true,"href":"https:\/\/gpl-love.com\/es\/wp-json\/wp\/v2\/product_cat?post=112593"},{"taxonomy":"product_tag","embeddable":true,"href":"https:\/\/gpl-love.com\/es\/wp-json\/wp\/v2\/product_tag?post=112593"}],"curies":[{"name":"wp","href":"https:\/\/api.w.org\/{rel}","templated":true}]}}