{"id":112591,"date":"2025-12-12T00:00:00","date_gmt":"2025-12-12T05:00:00","guid":{"rendered":"http:\/\/gpl-love.com\/es\/?post_type=product&#038;p=112591"},"modified":"2026-03-09T07:36:14","modified_gmt":"2026-03-09T12:36:14","slug":"formidable-forms-quiz-maker","status":"publish","type":"product","link":"https:\/\/gpl-love.com\/es\/producto\/formidable-forms-quiz-maker\/","title":{"rendered":"Formidable Forms Quiz Maker 3.1.7"},"content":{"rendered":"<h3>Formidable Forms Quiz Maker Caracteristicas<\/h3>\n<p>Formidable Forms Quiz Maker es una herramienta inmensamente poderosa que permite a los usuarios crear cuestionarios cautivadores sin esfuerzo. A trav\u00e9s de la utilizaci\u00f3n de una interfaz de arrastrar y soltar f\u00e1cilmente con usuarios, los usuarios tienen la capacidad de incorporar una variedad de tipos de preguntas, que abarca preguntas m\u00faltiples, verdaderas\/falsas y abiertas. Adem\u00e1s, este notable fabricante de cuestiones tambi\u00e9n facilita la integraci\u00f3n perfecta de im\u00e1genes, videos y archivos de audio para aumentar la experiencia general de la prueba. Adem\u00e1s de estas caracter\u00edsticas notables, los usuarios tienen la oportunidad de personalizar el dise\u00f1o del cuestionario, que van desde la selecci\u00f3n de fuentes, colores y fondos, todo con la intenci\u00f3n de alinearse con su marca o sitio web. Adem\u00e1s, el fabricante de preguntas cuenta con opciones avanzadas relacionadas con la puntuaci\u00f3n y la calificaci\u00f3n, lo que permite a los usuarios dise\u00f1ar concursos intrincados que proporcionan a los participantes retroalimentaci\u00f3n meticulosa. En esencia, con la utilizaci\u00f3n del fabricante de cuestionario formidable de Forms, el proceso de elaboraci\u00f3n de cuestionarios agradables e interactivos se ha simplificado en un grado sin precedentes.<\/p>\n<ul>\n<li>Cree cuestionarios personalizados con facilidad usando el fabricante de cuestiones de arrastrar y soltar<\/li>\n<li>Elija entre una variedad de tipos de preguntas que incluyen opciones m\u00faltiples, verdaderas\/falsas, y complete el espacio en blanco<\/li>\n<li>Use la l\u00f3gica condicional para adaptar las pruebas de adaptaci\u00f3n a los usuarios individuales o mostrar diferentes preguntas basadas en respuestas anteriores<\/li>\n<li>Establezca temporizadores de cuestionario y valores de puntos para cada pregunta<\/li>\n<li>Exportar resultados de cuestiones a CSV o Excel para un an\u00e1lisis posterior<\/li>\n<li>Personaliza la apariencia de tu cuestionario con varias opciones de estilo<\/li>\n<li>Incr\u00fader f\u00e1cilmente los cuestionarios en su sitio de WordPress con un c\u00f3digo corto<\/li>\n<li>Reciba notificaciones por correo electr\u00f3nico cuando los usuarios completen una prueba<\/li>\n<li>Integre con los servicios de marketing por correo electr\u00f3nico como MailChimp y Aweber para agregar autom\u00e1ticamente los cuestionadores a sus listas de correo electr\u00f3nico<\/li>\n<li>Obtenga informes detallados sobre el rendimiento del cuestionario y las respuestas individuales de los usuarios.<\/li>\n<\/ul>\n","protected":false},"excerpt":{"rendered":"<p>Formidable Forms Quiz Maker ofrece un medio sin esfuerzo para fabricar pruebas emocionantes e interactivas para su sitio web o blog. Presenta una interfaz f\u00e1cil de usar junto con funcionalidades robustas, lo que le permite construir cuestionarios que cautivan a su audiencia y fomentan las conversiones. Ya sea que su intenci\u00f3n es idear un juego de trivia, una prueba que revela la personalidad de uno o una prueba que examine el conocimiento de sus visitantes, Formidable Forms Prueba de cuestionario abarca todas las herramientas necesarias para construir un cuestionario excepcional. Adem\u00e1s, incorpora capacidades avanzadas de informes y an\u00e1lisis, capacit\u00e1ndole para monitorear sus resultados y mejorar sus cuestionarios para lograr el mayor impacto.<\/p>\n","protected":false},"featured_media":166155,"comment_status":"open","ping_status":"open","template":"","meta":[],"product_brand":[2459],"product_cat":[1216,1206,1211],"product_tag":[1509],"class_list":{"0":"post-112591","1":"product","2":"type-product","3":"status-publish","4":"has-post-thumbnail","6":"product_brand-formidable","7":"product_cat-formas","8":"product_cat-plugins","9":"product_cat-wordpress-plugins","10":"product_tag-formidable","11":"member-discount","12":"discount-restricted","14":"first","15":"instock","16":"sale","17":"downloadable","18":"virtual","19":"sold-individually","20":"purchasable","21":"product-type-simple"},"_links":{"self":[{"href":"https:\/\/gpl-love.com\/es\/wp-json\/wp\/v2\/product\/112591","targetHints":{"allow":["GET"]}}],"collection":[{"href":"https:\/\/gpl-love.com\/es\/wp-json\/wp\/v2\/product"}],"about":[{"href":"https:\/\/gpl-love.com\/es\/wp-json\/wp\/v2\/types\/product"}],"replies":[{"embeddable":true,"href":"https:\/\/gpl-love.com\/es\/wp-json\/wp\/v2\/comments?post=112591"}],"wp:featuredmedia":[{"embeddable":true,"href":"https:\/\/gpl-love.com\/es\/wp-json\/wp\/v2\/media\/166155"}],"wp:attachment":[{"href":"https:\/\/gpl-love.com\/es\/wp-json\/wp\/v2\/media?parent=112591"}],"wp:term":[{"taxonomy":"product_brand","embeddable":true,"href":"https:\/\/gpl-love.com\/es\/wp-json\/wp\/v2\/product_brand?post=112591"},{"taxonomy":"product_cat","embeddable":true,"href":"https:\/\/gpl-love.com\/es\/wp-json\/wp\/v2\/product_cat?post=112591"},{"taxonomy":"product_tag","embeddable":true,"href":"https:\/\/gpl-love.com\/es\/wp-json\/wp\/v2\/product_tag?post=112591"}],"curies":[{"name":"wp","href":"https:\/\/api.w.org\/{rel}","templated":true}]}}