{"id":112589,"date":"2025-09-13T00:00:00","date_gmt":"2025-09-13T05:00:00","guid":{"rendered":"http:\/\/gpl-love.com\/es\/?post_type=product&#038;p=112589"},"modified":"2026-03-09T07:33:39","modified_gmt":"2026-03-09T12:33:39","slug":"eventon-weekly-view","status":"publish","type":"product","link":"https:\/\/gpl-love.com\/es\/producto\/eventon-weekly-view\/","title":{"rendered":"EventOn Weekly View 2.1.8"},"content":{"rendered":"<h3>EventOn Weekly View Caracteristicas<\/h3>\n<p>La vista semanal de Eventon, llena de sus formidables capacidades, sirve como un instrumento invaluable en el \u00e1mbito de la gesti\u00f3n de los horarios y la coordinaci\u00f3n de eventos. Su elegante e intuitiva interfaz de usuario demuestra ser la puerta de entrada a un panorama integral del calendario de su pr\u00f3xima semana. Dentro de este software, posee la capacidad de incorporar, modificar y eliminar eventos sin esfuerzo, establecer recordatorios y notificaciones, y examinar su horario en una gran cantidad de formatos. Adem\u00e1s, este software cuenta con un nivel excepcional de adaptabilidad, lo que le permite adaptarlo a sus necesidades y preferencias idiosincr\u00e1ticas. Independientemente de si te encuentras abarcado dentro del bullicioso reino de los profesionales, absorto en la b\u00fasqueda del conocimiento como estudiante, o simplemente anhelando mantener una existencia ordenada, la visi\u00f3n semanal de Eventon emerge inequ\u00edvocamente como un compa\u00f1ero indispensable, facilitando la gesti\u00f3n de tu temporal temporal dominio y garantizar que permanezca firme en sus esfuerzos.<\/p>\n<ul>\n<li>Una visi\u00f3n semanal completa de los eventos<\/li>\n<li>Una interfaz f\u00e1cil de usar para una f\u00e1cil navegaci\u00f3n<\/li>\n<li>La capacidad de desplazarse r\u00e1pidamente por semanas para ver eventos futuros<\/li>\n<li>Opciones de visualizaci\u00f3n personalizables para adaptarse a las preferencias individuales<\/li>\n<li>Informaci\u00f3n de eventos clara y concisa, que incluye fecha, hora, ubicaci\u00f3n y descripci\u00f3n<\/li>\n<li>La capacidad de agregar y editar eventos directamente desde la vista semanal<\/li>\n<li>Integraci\u00f3n con otras aplicaciones de calendario, incluido el calendario de Google y las perspectivas<\/li>\n<li>Actualizaciones y mejoras continuas para garantizar un rendimiento \u00f3ptimo y la satisfacci\u00f3n del usuario.<\/li>\n<\/ul>\n","protected":false},"excerpt":{"rendered":"<p>Eventon Weekly View es una herramienta muy conveniente y notablemente f\u00e1cil de usar que le presenta la oportunidad de observar sin esfuerzo e integralmente su horario semanal en su totalidad. A trav\u00e9s de su interfaz elegantemente optimizada e inherentemente intuitiva del usuario, puede controlar y vigilar de manera r\u00e1pida y eficiente en todas sus pr\u00f3ximas citas, reuniones cruciales y cualquier otro evento significativo de suma importancia. Independientemente de si se encuentra absorto en un estilo de vida profesional bullicioso y exigente o simplemente alberga un deseo ferviente de permanecer impecablemente organizado, no hace falta decir que la vista semanal de Eventon representa la soluci\u00f3n por excelencia para manejar su semana de manera destacada y competente. Entonces, sin m\u00e1s pre\u00e1mbulos, aproveche la oportunidad de incorporar este invaluable recurso en su rutina diaria y despedirse de cualquier posible contratiempo o supervisi\u00f3n que pueda obstaculizar su productividad y \u00e9xito.<\/p>\n","protected":false},"featured_media":166056,"comment_status":"open","ping_status":"open","template":"","meta":[],"product_brand":[2444],"product_cat":[1214,1206,1211],"product_tag":[1292],"class_list":{"0":"post-112589","1":"product","2":"type-product","3":"status-publish","4":"has-post-thumbnail","6":"product_brand-eventon","7":"product_cat-personalizacion","8":"product_cat-plugins","9":"product_cat-wordpress-plugins","10":"product_tag-eventon","11":"member-discount","12":"discount-restricted","14":"first","15":"instock","16":"sale","17":"downloadable","18":"virtual","19":"sold-individually","20":"purchasable","21":"product-type-simple"},"_links":{"self":[{"href":"https:\/\/gpl-love.com\/es\/wp-json\/wp\/v2\/product\/112589","targetHints":{"allow":["GET"]}}],"collection":[{"href":"https:\/\/gpl-love.com\/es\/wp-json\/wp\/v2\/product"}],"about":[{"href":"https:\/\/gpl-love.com\/es\/wp-json\/wp\/v2\/types\/product"}],"replies":[{"embeddable":true,"href":"https:\/\/gpl-love.com\/es\/wp-json\/wp\/v2\/comments?post=112589"}],"wp:featuredmedia":[{"embeddable":true,"href":"https:\/\/gpl-love.com\/es\/wp-json\/wp\/v2\/media\/166056"}],"wp:attachment":[{"href":"https:\/\/gpl-love.com\/es\/wp-json\/wp\/v2\/media?parent=112589"}],"wp:term":[{"taxonomy":"product_brand","embeddable":true,"href":"https:\/\/gpl-love.com\/es\/wp-json\/wp\/v2\/product_brand?post=112589"},{"taxonomy":"product_cat","embeddable":true,"href":"https:\/\/gpl-love.com\/es\/wp-json\/wp\/v2\/product_cat?post=112589"},{"taxonomy":"product_tag","embeddable":true,"href":"https:\/\/gpl-love.com\/es\/wp-json\/wp\/v2\/product_tag?post=112589"}],"curies":[{"name":"wp","href":"https:\/\/api.w.org\/{rel}","templated":true}]}}