{"id":112587,"date":"2025-10-28T00:00:00","date_gmt":"2025-10-28T05:00:00","guid":{"rendered":"http:\/\/gpl-love.com\/es\/?post_type=product&#038;p=112587"},"modified":"2026-03-09T07:33:37","modified_gmt":"2026-03-09T12:33:37","slug":"eventon-ticket-variations-y-options","status":"publish","type":"product","link":"https:\/\/gpl-love.com\/es\/producto\/eventon-ticket-variations-y-options\/","title":{"rendered":"EventOn Ticket Variations y Options 1.1.14"},"content":{"rendered":"<h3>EventOn Ticket Variations y Options Caracteristicas<\/h3>\n<p>Las variaciones y opciones de boletos de Eventon es una herramienta incre\u00edblemente completa que ofrece a los organizadores del evento una amplia gama de capacidades, capacit\u00e1ndolos para crear y administrar sin esfuerzo tipos de boletos personalizados que vienen con sus propias opciones y variaciones distintas. Esta herramienta rica en caracter\u00edsticas le permite generar sin problemas numerosos tipos de boletos para su evento y personalizar meticulosamente cada una al incorporar una variedad \u00fanica de opciones, como puntos de precio variables, estados de disponibilidad y l\u00edmites de boletos. Adem\u00e1s, tiene la capacidad de establecer diversas variaciones para cada tipo de boleto, lo que le permite proporcionar a los asistentes diferentes niveles de acceso o ventajas exclusivas. Con una herramienta tan inmensamente potente a su disposici\u00f3n, el proceso de venta de boletos se vuelve notablemente simplificado, guiando sin esfuerzo a los asistentes hacia el boleto ideal para sus necesidades, al tiempo que equipa a los organizadores del evento con los medios para supervisar eficientemente la venta de entradas y regular la asistencia. Independientemente de si est\u00e1 organizando una reuni\u00f3n \u00edntima o un evento de gran escala, las variaciones y opciones de boletos de Eventon le proporcionan la capacidad incomparable para ofrecer una experiencia de boletos completamente personalizada y perfecta unificada.<\/p>\n<ul>\n<li>Cree opciones de boletos personalizados para sus eventos<\/li>\n<li>Establecer diferentes niveles de precios para diferentes tipos de boletos<\/li>\n<li>Recopilar informaci\u00f3n adicional de los asistentes con campos personalizados<\/li>\n<li>Administrar y rastrear f\u00e1cilmente la venta de entradas y el inventario<\/li>\n<li>Personalice los dise\u00f1os de boletos y la marca para que coincida con su evento<\/li>\n<li>Ofrezca descuentos de p\u00e1jaros temprano o grupos para atraer a m\u00e1s asistentes<\/li>\n<li>Vender complementos o mercanc\u00edas junto con boletos para obtener ingresos adicionales<\/li>\n<li>Integrarse con las pasarelas de pago populares para transacciones seguras<\/li>\n<li>Ver datos y an\u00e1lisis de asistentes en tiempo real para informar eventos futuros<\/li>\n<li>Proporcione una experiencia de pago perfecta para los asistentes.<\/li>\n<\/ul>\n","protected":false},"excerpt":{"rendered":"<p>El complemento de variaciones y opciones de boletos de Eventon es una herramienta muy beneficiosa que mejora significativamente su sistema de reserva de eventos, lo que le permite personalizar y adaptar sin esfuerzo sus opciones de boletos. Este notable complemento le permite crear y administrar sin esfuerzo m\u00faltiples tipos de boletos, establecer y modificar precios, e incluso extender la opci\u00f3n de aplicar descuentos atractivos. Adem\u00e1s, le permite integrar a la perfecci\u00f3n campos personalizados dentro del proceso de reserva, facilitando as\u00ed la recopilaci\u00f3n de informaci\u00f3n vital de los asistentes. En esencia, este complemento excepcional demuestra ser un cambio de juego absoluto para los organizadores de eventos que aspiran a ofrecer una experiencia incomparable y personalizada a sus valiosos asistentes.<\/p>\n","protected":false},"featured_media":166055,"comment_status":"open","ping_status":"open","template":"","meta":[],"product_brand":[2444],"product_cat":[1214,1206,1211],"product_tag":[1292],"class_list":{"0":"post-112587","1":"product","2":"type-product","3":"status-publish","4":"has-post-thumbnail","6":"product_brand-eventon","7":"product_cat-personalizacion","8":"product_cat-plugins","9":"product_cat-wordpress-plugins","10":"product_tag-eventon","11":"member-discount","12":"discount-restricted","14":"first","15":"instock","16":"sale","17":"downloadable","18":"virtual","19":"sold-individually","20":"purchasable","21":"product-type-simple"},"_links":{"self":[{"href":"https:\/\/gpl-love.com\/es\/wp-json\/wp\/v2\/product\/112587","targetHints":{"allow":["GET"]}}],"collection":[{"href":"https:\/\/gpl-love.com\/es\/wp-json\/wp\/v2\/product"}],"about":[{"href":"https:\/\/gpl-love.com\/es\/wp-json\/wp\/v2\/types\/product"}],"replies":[{"embeddable":true,"href":"https:\/\/gpl-love.com\/es\/wp-json\/wp\/v2\/comments?post=112587"}],"wp:featuredmedia":[{"embeddable":true,"href":"https:\/\/gpl-love.com\/es\/wp-json\/wp\/v2\/media\/166055"}],"wp:attachment":[{"href":"https:\/\/gpl-love.com\/es\/wp-json\/wp\/v2\/media?parent=112587"}],"wp:term":[{"taxonomy":"product_brand","embeddable":true,"href":"https:\/\/gpl-love.com\/es\/wp-json\/wp\/v2\/product_brand?post=112587"},{"taxonomy":"product_cat","embeddable":true,"href":"https:\/\/gpl-love.com\/es\/wp-json\/wp\/v2\/product_cat?post=112587"},{"taxonomy":"product_tag","embeddable":true,"href":"https:\/\/gpl-love.com\/es\/wp-json\/wp\/v2\/product_tag?post=112587"}],"curies":[{"name":"wp","href":"https:\/\/api.w.org\/{rel}","templated":true}]}}