{"id":112585,"date":"2025-10-28T00:00:00","date_gmt":"2025-10-28T05:00:00","guid":{"rendered":"http:\/\/gpl-love.com\/es\/?post_type=product&#038;p=112585"},"modified":"2026-03-09T07:33:36","modified_gmt":"2026-03-09T12:33:36","slug":"eventon-subscriber","status":"publish","type":"product","link":"https:\/\/gpl-love.com\/es\/producto\/eventon-subscriber\/","title":{"rendered":"EventOn Subscriber 1.4.5"},"content":{"rendered":"<h3>EventOn Subscriber Caracteristicas<\/h3>\n<p>El suscriptor de Eventon, una herramienta muy robusta, sirve como un activo valioso para capacitar a las empresas para racionalizar de manera efectiva la gesti\u00f3n de sus eventos y suscriptores. Con la ayuda de esta notable herramienta, las empresas pueden administrar sin esfuerzo sus bases de datos de suscriptores, difundir notificaciones por correo electr\u00f3nico y rastrear meticulosamente los triunfos de sus eventos. En virtud de la notable destreza del suscriptor de Eventon, la organizaci\u00f3n y la supervisi\u00f3n de eventos, independientemente de su escala, se convierte en un esfuerzo sin problemas. Con una interfaz que no solo es f\u00e1cil de usar sino que tambi\u00e9n est\u00e1 llena de caracter\u00edsticas intuitivas, esta herramienta surge como una elecci\u00f3n \u00f3ptima para las empresas, independientemente de su magnitud. Con el suscriptor de Eventon a su disposici\u00f3n, puede simplificar sin esfuerzo sus procesos de gesti\u00f3n de eventos, mejorar su retorno de la inversi\u00f3n y, en \u00faltima instancia, crear eventos que sean cautivadores y victoriosos.<\/p>\n<ul>\n<li>Administre sin esfuerzo sus suscriptores de eventos con el suscriptor de eventon.<\/li>\n<li>Su proceso de registro de eventos se vuelve m\u00e1s f\u00e1cil con la ayuda del suscriptor de Eventon.<\/li>\n<li>Obtenga una notificaci\u00f3n instant\u00e1nea cuando alguien se suscribe a su evento, gracias al sistema confiable del suscriptor de Eventon.<\/li>\n<li>Personalice los detalles de su suscriptor con las opciones de formato f\u00e1cil de usar del suscriptor de Eventon.<\/li>\n<li>Mantenga sus suscriptores de eventos organizados y seguros con la plataforma f\u00e1cil de usar del suscriptor de Eventon.<\/li>\n<li>Acceda a datos valiosos e informaci\u00f3n sobre sus suscriptores con la herramienta de an\u00e1lisis avanzado del suscriptor de Eventon.<\/li>\n<li>El suscriptor de Eventon es compatible con muchos sistemas CRM populares, para una integraci\u00f3n perfecta con su flujo de trabajo existente.<\/li>\n<li>Diga adi\u00f3s a las tediosas tareas de administraci\u00f3n con la ayuda de las funciones de automatizaci\u00f3n avanzadas del suscriptor de Eventon.<\/li>\n<li>Mejore la comunicaci\u00f3n con sus suscriptores de eventos con las herramientas intuitivas de mensajes de correo electr\u00f3nico y correo electr\u00f3nico de Senseon suscriptor.<\/li>\n<li>Deje que el suscriptor de Eventon elimine la preocupaci\u00f3n de administrar sus suscriptores de eventos, para que pueda concentrarse en ofrecer un evento fant\u00e1stico.<\/li>\n<\/ul>\n","protected":false},"excerpt":{"rendered":"<p>El suscriptor de Eventon, una herramienta altamente eficiente para la gesti\u00f3n de las listas de suscripci\u00f3n de eventos, cuenta con una gran cantidad de caracter\u00edsticas potentes que lo convierten en un activo invaluable. Su interfaz f\u00e1cil de usar, junto con su naturaleza intuitiva, simplifica el proceso de recopilaci\u00f3n, almacenamiento y exportaci\u00f3n de datos relacionados con los asistentes al evento. Al utilizar esta herramienta, puede mantener sin esfuerzo un sistema organizado, administrar efectivamente las comunicaciones y asegurarse de que sus suscriptores est\u00e9n constantemente informados sobre cualquier actualizaci\u00f3n pertinente de sus eventos. Adem\u00e1s, el suscriptor de Eventon presenta la oportunidad de personalizar y adaptar sus formularios de suscriptores para alinearse con su marca e eventos individuales, lo que refuerza significativamente las tasas de participaci\u00f3n. \u00a1Emb\u00e1rcate en tu viaje para revolucionar la gesti\u00f3n de eventos adoptando el suscriptor de Eventon hoy!<\/p>\n","protected":false},"featured_media":166054,"comment_status":"open","ping_status":"open","template":"","meta":[],"product_brand":[2444],"product_cat":[1214,1206,1211],"product_tag":[1292],"class_list":{"0":"post-112585","1":"product","2":"type-product","3":"status-publish","4":"has-post-thumbnail","6":"product_brand-eventon","7":"product_cat-personalizacion","8":"product_cat-plugins","9":"product_cat-wordpress-plugins","10":"product_tag-eventon","11":"member-discount","12":"discount-restricted","14":"first","15":"instock","16":"sale","17":"downloadable","18":"virtual","19":"sold-individually","20":"purchasable","21":"product-type-simple"},"_links":{"self":[{"href":"https:\/\/gpl-love.com\/es\/wp-json\/wp\/v2\/product\/112585","targetHints":{"allow":["GET"]}}],"collection":[{"href":"https:\/\/gpl-love.com\/es\/wp-json\/wp\/v2\/product"}],"about":[{"href":"https:\/\/gpl-love.com\/es\/wp-json\/wp\/v2\/types\/product"}],"replies":[{"embeddable":true,"href":"https:\/\/gpl-love.com\/es\/wp-json\/wp\/v2\/comments?post=112585"}],"wp:featuredmedia":[{"embeddable":true,"href":"https:\/\/gpl-love.com\/es\/wp-json\/wp\/v2\/media\/166054"}],"wp:attachment":[{"href":"https:\/\/gpl-love.com\/es\/wp-json\/wp\/v2\/media?parent=112585"}],"wp:term":[{"taxonomy":"product_brand","embeddable":true,"href":"https:\/\/gpl-love.com\/es\/wp-json\/wp\/v2\/product_brand?post=112585"},{"taxonomy":"product_cat","embeddable":true,"href":"https:\/\/gpl-love.com\/es\/wp-json\/wp\/v2\/product_cat?post=112585"},{"taxonomy":"product_tag","embeddable":true,"href":"https:\/\/gpl-love.com\/es\/wp-json\/wp\/v2\/product_tag?post=112585"}],"curies":[{"name":"wp","href":"https:\/\/api.w.org\/{rel}","templated":true}]}}