{"id":112583,"date":"2021-10-30T00:00:00","date_gmt":"2021-10-30T05:00:00","guid":{"rendered":"http:\/\/gpl-love.com\/es\/?post_type=product&#038;p=112583"},"modified":"2026-03-09T07:33:35","modified_gmt":"2026-03-09T12:33:35","slug":"eventon-slider-addon","status":"publish","type":"product","link":"https:\/\/gpl-love.com\/es\/producto\/eventon-slider-addon\/","title":{"rendered":"EventOn Slider Addon 3.0.1"},"content":{"rendered":"<h3>EventOn Slider Addon Caracteristicas<\/h3>\n<p>El complemento Slider de Eventon, una herramienta incre\u00edblemente robusta y de alto rendimiento, ha sido meticulosamente elaborada para elevar la funcionalidad general del complemento de Eventon. Al emplear este complemento excepcional, a los usuarios se les otorga la notable capacidad de fabricar controles deslizantes visualmente llamativos y sin problemas que exhiben sin esfuerzo la gran belleza de sus eventos alojados. Lo que realmente distingue a este control deslizante excepcional de la competencia es la amplia gama de configuraciones personalizables que est\u00e1n disponibles para sus usuarios. Estas configuraciones est\u00e1n dise\u00f1adas ingeniosamente para satisfacer cada preferencia individual e incluyen opciones como la capacidad de manipular la cantidad de eventos que se exhiben, la libertad de seleccionar el estilo de animaci\u00f3n deseado, la capacidad de determinar la velocidad de transici\u00f3n y una multitud de otras igualmente caracter\u00edsticas atractivas. Uno de los aspectos m\u00e1s ventajosos del complemento Slider de Eventon es su compatibilidad incomparable en todos los dispositivos, que abarca desde el escritorio convencional hasta el \u00e1mbito en constante expansi\u00f3n de dispositivos m\u00f3viles y de tabletas. Adoptar una compatibilidad tan extensa asegura que los eventos de los usuarios sigan siendo accesibles sin esfuerzo para una audiencia de gran alcance, mejorando la inclusi\u00f3n y maximizando el alcance potencial. Si el objetivo de uno es mejorar significativamente la experiencia general del usuario en su sitio web o simplemente cautivar y hipnotizar a los visitantes al alargar magn\u00edficamente sus eventos de una manera visualmente cautivadora, el complemento del control deslizante de Eventon indudablemente surge como la soluci\u00f3n por excelencia a todas sus aspiraciones y expectativas.<\/p>\n<ul>\n<li>Mejora la funcionalidad del complemento de calendario de Eventon<\/li>\n<li>Permite la creaci\u00f3n de controles deslizantes personalizados para mostrar eventos<\/li>\n<li>Interfaz simple y f\u00e1cil de usar<\/li>\n<li>Admite diferentes tipos de dise\u00f1os deslizantes<\/li>\n<li>Opciones para personalizar la velocidad del control deslizante, los efectos de transici\u00f3n y m\u00e1s<\/li>\n<li>Dise\u00f1o receptivo para usuarios m\u00f3viles y de tabletas<\/li>\n<li>Compatible con todos los principales navegadores<\/li>\n<li>Ayuda a mejorar la experiencia del usuario mostrando eventos de una manera visualmente atractiva<\/li>\n<li>Gran adici\u00f3n para sitios web de eventos, portales de conferencias y m\u00e1s.<\/li>\n<\/ul>\n","protected":false},"excerpt":{"rendered":"<p>El complemento Slider de Eventon demuestra ser una herramienta completamente notable para las personas que buscan fabricar una exposici\u00f3n intrigante y animada de eventos. Este notable complemento le permite incorporar sus pr\u00f3ximos eventos en un control deslizante pulido y contempor\u00e1neo, facilitando as\u00ed la navegaci\u00f3n perfecta para los usuarios mientras se asegura de que permanezcan bien informados sobre sus pr\u00f3ximos eventos. En virtud de sus numerosas opciones de personalizaci\u00f3n, tiene la libertad de modificar la apariencia de su control deslizante de eventos para alinearse con las preferencias art\u00edsticas de su marca. Adem\u00e1s, la instalaci\u00f3n y la utilizaci\u00f3n de este complemento son notablemente f\u00e1ciles de usar, lo que lo convierte en una selecci\u00f3n excepcional para aquellos que aspiran a aumentar sus esfuerzos de gesti\u00f3n de eventos.<\/p>\n","protected":false},"featured_media":166053,"comment_status":"open","ping_status":"open","template":"","meta":[],"product_brand":[2444],"product_cat":[1214,1206,1211],"product_tag":[1292],"class_list":{"0":"post-112583","1":"product","2":"type-product","3":"status-publish","4":"has-post-thumbnail","6":"product_brand-eventon","7":"product_cat-personalizacion","8":"product_cat-plugins","9":"product_cat-wordpress-plugins","10":"product_tag-eventon","11":"member-discount","12":"discount-restricted","14":"first","15":"instock","16":"sale","17":"downloadable","18":"virtual","19":"sold-individually","20":"purchasable","21":"product-type-simple"},"_links":{"self":[{"href":"https:\/\/gpl-love.com\/es\/wp-json\/wp\/v2\/product\/112583","targetHints":{"allow":["GET"]}}],"collection":[{"href":"https:\/\/gpl-love.com\/es\/wp-json\/wp\/v2\/product"}],"about":[{"href":"https:\/\/gpl-love.com\/es\/wp-json\/wp\/v2\/types\/product"}],"replies":[{"embeddable":true,"href":"https:\/\/gpl-love.com\/es\/wp-json\/wp\/v2\/comments?post=112583"}],"wp:featuredmedia":[{"embeddable":true,"href":"https:\/\/gpl-love.com\/es\/wp-json\/wp\/v2\/media\/166053"}],"wp:attachment":[{"href":"https:\/\/gpl-love.com\/es\/wp-json\/wp\/v2\/media?parent=112583"}],"wp:term":[{"taxonomy":"product_brand","embeddable":true,"href":"https:\/\/gpl-love.com\/es\/wp-json\/wp\/v2\/product_brand?post=112583"},{"taxonomy":"product_cat","embeddable":true,"href":"https:\/\/gpl-love.com\/es\/wp-json\/wp\/v2\/product_cat?post=112583"},{"taxonomy":"product_tag","embeddable":true,"href":"https:\/\/gpl-love.com\/es\/wp-json\/wp\/v2\/product_tag?post=112583"}],"curies":[{"name":"wp","href":"https:\/\/api.w.org\/{rel}","templated":true}]}}