{"id":112581,"date":"2025-09-29T00:00:00","date_gmt":"2025-09-29T05:00:00","guid":{"rendered":"http:\/\/gpl-love.com\/es\/?post_type=product&#038;p=112581"},"modified":"2026-03-09T07:33:26","modified_gmt":"2026-03-09T12:33:26","slug":"eventon-rsvp-events","status":"publish","type":"product","link":"https:\/\/gpl-love.com\/es\/producto\/eventon-rsvp-events\/","title":{"rendered":"EventOn RSVP Events 3.0.12"},"content":{"rendered":"<h3>EventOn RSVP Events Caracteristicas<\/h3>\n<p>El software de eventos de Eventon RSVP, conocido por su eficiencia e interfaz f\u00e1cil de usar, sirve como una herramienta de gesti\u00f3n de eventos formidable que otorga a los usuarios la capacidad de crear y manejar los eventos sin esfuerzo. Este software cuenta con una gran cantidad de caracter\u00edsticas, incluida la creaci\u00f3n de formularios de registro de eventos personalizados, la facilitaci\u00f3n de invitaciones y recordatorios oportunos para los asistentes y el seguimiento meticuloso de la asistencia. Adem\u00e1s, el sistema ofrece an\u00e1lisis integrales, lo que permite a los usuarios participar en una planificaci\u00f3n estrat\u00e9gica y un an\u00e1lisis exhaustivo. Al incorporar el software de eventos de Eventon RSVP en sus esfuerzos de planificaci\u00f3n de eventos, los usuarios est\u00e1n listos para optimizar su eficiencia operativa, racionalizar la comunicaci\u00f3n con los asistentes y, en \u00faltima instancia, elevar la experiencia general de eventos para todos los participantes involucrados.<\/p>\n<ul>\n<li>Gesti\u00f3n de RSVP optimizada para eventos<\/li>\n<li>Formularios de RSVP personalizables con varios campos y opciones<\/li>\n<li>Confirmaciones de correo electr\u00f3nico automatizadas y recordatorios para los asistentes<\/li>\n<li>Capacidad para recopilar pagos para eventos o donaciones<\/li>\n<li>RSVP Analytics detallado, incluidas las tasas de asistencia y las opciones de respuesta populares<\/li>\n<li>Integraci\u00f3n con pasarelas de pago populares y plataformas de boletos para eventos<\/li>\n<li>Creaci\u00f3n y gesti\u00f3n de eventos f\u00e1ciles<\/li>\n<li>Dise\u00f1o receptivo para dispositivos m\u00f3viles y de escritorio<\/li>\n<li>Opciones para la programaci\u00f3n de eventos y eventos recurrentes<\/li>\n<li>Caracter\u00edsticas avanzadas para la personalizaci\u00f3n de eventos, como gr\u00e1ficos de asientos y dise\u00f1os de boletos personalizados.<\/li>\n<\/ul>\n","protected":false},"excerpt":{"rendered":"<p>Los eventos de Eventon RSVP presenta una soluci\u00f3n ingeniosa y de vanguardia que permite a los usuarios crear y supervisar los eventos sin esfuerzo. Esta plataforma notablemente robusta otorga a los usuarios la capacidad de fabricar p\u00e1ginas de eventos cautivadoras, establecer formularios de registro y vigilar las RSVP en tiempo real. A trav\u00e9s de la utilizaci\u00f3n de los eventos de Eventon RSVP, los usuarios pueden comunicarse efectivamente con los asistentes, enviar recordatorios de eventos y obtener acceso a datos cruciales que pueden facilitar en gran medida la planificaci\u00f3n de eventos futuros. Independientemente de si uno es un propietario de una empresa modesta, un supervisor del lugar o un coordinador de eventos, este producto extraordinario est\u00e1 listo para optimizar el proceso de gesti\u00f3n de eventos y mejorar sustancialmente la rentabilidad general. \u00a1Experimente las capacidades transformadoras de los eventos de RSVP de Eventon hoy y desbloquee un escal\u00f3n completamente novedoso de competencia de planificaci\u00f3n de eventos!<\/p>\n","protected":false},"featured_media":166047,"comment_status":"open","ping_status":"open","template":"","meta":[],"product_brand":[2444],"product_cat":[1214,1206,1211],"product_tag":[1292],"class_list":{"0":"post-112581","1":"product","2":"type-product","3":"status-publish","4":"has-post-thumbnail","6":"product_brand-eventon","7":"product_cat-personalizacion","8":"product_cat-plugins","9":"product_cat-wordpress-plugins","10":"product_tag-eventon","11":"member-discount","12":"discount-restricted","14":"first","15":"instock","16":"sale","17":"downloadable","18":"virtual","19":"sold-individually","20":"purchasable","21":"product-type-simple"},"_links":{"self":[{"href":"https:\/\/gpl-love.com\/es\/wp-json\/wp\/v2\/product\/112581","targetHints":{"allow":["GET"]}}],"collection":[{"href":"https:\/\/gpl-love.com\/es\/wp-json\/wp\/v2\/product"}],"about":[{"href":"https:\/\/gpl-love.com\/es\/wp-json\/wp\/v2\/types\/product"}],"replies":[{"embeddable":true,"href":"https:\/\/gpl-love.com\/es\/wp-json\/wp\/v2\/comments?post=112581"}],"wp:featuredmedia":[{"embeddable":true,"href":"https:\/\/gpl-love.com\/es\/wp-json\/wp\/v2\/media\/166047"}],"wp:attachment":[{"href":"https:\/\/gpl-love.com\/es\/wp-json\/wp\/v2\/media?parent=112581"}],"wp:term":[{"taxonomy":"product_brand","embeddable":true,"href":"https:\/\/gpl-love.com\/es\/wp-json\/wp\/v2\/product_brand?post=112581"},{"taxonomy":"product_cat","embeddable":true,"href":"https:\/\/gpl-love.com\/es\/wp-json\/wp\/v2\/product_cat?post=112581"},{"taxonomy":"product_tag","embeddable":true,"href":"https:\/\/gpl-love.com\/es\/wp-json\/wp\/v2\/product_tag?post=112581"}],"curies":[{"name":"wp","href":"https:\/\/api.w.org\/{rel}","templated":true}]}}