{"id":112579,"date":"2025-05-13T00:00:00","date_gmt":"2025-05-13T05:00:00","guid":{"rendered":"http:\/\/gpl-love.com\/es\/producto\/eventon-qr-code\/"},"modified":"2026-03-09T07:33:22","modified_gmt":"2026-03-09T12:33:22","slug":"eventon-qr-code","status":"publish","type":"product","link":"https:\/\/gpl-love.com\/es\/producto\/eventon-qr-code\/","title":{"rendered":"EventOn QR Code 2.1"},"content":{"rendered":"<h3>EventOn QR Code Caracteristicas<\/h3>\n<p>El c\u00f3digo de Eventon QR es un producto de \u00faltima generaci\u00f3n que ofrece un enfoque simplificado para la gesti\u00f3n de eventos, ya que proporciona un m\u00e9todo r\u00e1pido y eficiente para verificar en los asistentes. Esta soluci\u00f3n innovadora otorga acceso inmediato a los eventos mediante la escanea de c\u00f3digos QR \u00fanicos que se han asignado espec\u00edficamente a cada asistente individual. Con la implementaci\u00f3n del C\u00f3digo de Eventon QR, los organizadores pueden monitorear sin esfuerzo la asistencia, supervisar la capacidad y coordinar efectivamente la log\u00edstica de eventos en tiempo real. La interfaz f\u00e1cil de usar y la integraci\u00f3n perfecta con dispositivos m\u00f3viles establecen el c\u00f3digo de Eventon QR como el ep\u00edtome de la eficiencia para los organizadores de eventos que buscan optimizar sus operaciones y elevar la experiencia general para los asistentes. Al confiar en el C\u00f3digo de Eventon QR, los gerentes de eventos pueden dedicarse de todo coraz\u00f3n a orquestar eventos inolvidables, sin ser gravados por el oneroso proceso manual de verificaci\u00f3n en los asistentes.<\/p>\n<ul>\n<li>Check-in y check-out instant\u00e1neos para los asistentes al evento con un escaneo simple de su c\u00f3digo QR<\/li>\n<li>No m\u00e1s entradas en papel o colas largas en los escritorios de registro<\/li>\n<li>Informes de seguimiento y asistencia en tiempo real para organizadores de eventos<\/li>\n<li>Experiencia de eventos personalizados para los asistentes con c\u00f3digos QR personalizados con categor\u00edas de boletos, horarios de eventos y m\u00e1s<\/li>\n<li>Tecnolog\u00eda de generaci\u00f3n de c\u00f3digo y escaneo de QR segura y confiable<\/li>\n<li>Integraci\u00f3n con plataformas de gesti\u00f3n de eventos populares para una planificaci\u00f3n y ejecuci\u00f3n de eventos sin problemas<\/li>\n<li>Funciones de control de acceso para garantizar que solo los asistentes autorizados puedan ingresar \u00e1reas exclusivas del evento<\/li>\n<li>Aplicaci\u00f3n m\u00f3vil f\u00e1cil de usar para acceso y administraci\u00f3n de c\u00f3digo QR r\u00e1pido y f\u00e1cil<\/li>\n<li>An\u00e1lisis e informaci\u00f3n sobre el comportamiento y el compromiso de los asistentes durante el evento<\/li>\n<li>Enfoque ambientalmente amigable y sostenible para la venta y la gesti\u00f3n de eventos.<\/li>\n<\/ul>\n","protected":false},"excerpt":{"rendered":"<p>El c\u00f3digo de Eventon QR es una herramienta de gesti\u00f3n de eventos innovadora y avanzada que se ha desarrollado meticulosamente para acelerar y racionalizar los registros de eventos, as\u00ed como el seguimiento de la asistencia. Su prop\u00f3sito principal es simplificar y optimizar todo el proceso. Todo lo que necesita hacer es generar un c\u00f3digo QR \u00fanico para su evento, utilizando las capacidades y caracter\u00edsticas excepcionales de la plataforma Eventon. En consecuencia, los participantes pueden escanear sin esfuerzo y convenientemente el c\u00f3digo QR utilizando sus dispositivos m\u00f3viles, lo que facilitar\u00e1 instant\u00e1neamente su proceso de registro. Es importante tener en cuenta que este sistema de vanguardia actualiza autom\u00e1ticamente y r\u00e1pidamente los registros de asistencia en tiempo real, proporcionando a los organizadores de eventos un nivel de precisi\u00f3n incomparable cuando se trata de datos de asistencia a eventos. Al incorporar el c\u00f3digo de Eventon QR, no solo podr\u00e1 ahorrar una cantidad significativa de tiempo, sino que tambi\u00e9n mejorar\u00e1 significativamente y mejorar\u00e1 significativamente la experiencia general del evento para todos los asistentes involucrados.<\/p>\n","protected":false},"featured_media":166044,"comment_status":"open","ping_status":"open","template":"","meta":[],"product_brand":[2444],"product_cat":[1214,1206,1211],"product_tag":[1292],"class_list":{"0":"post-112579","1":"product","2":"type-product","3":"status-publish","4":"has-post-thumbnail","6":"product_brand-eventon","7":"product_cat-personalizacion","8":"product_cat-plugins","9":"product_cat-wordpress-plugins","10":"product_tag-eventon","11":"member-discount","12":"discount-restricted","14":"first","15":"instock","16":"sale","17":"downloadable","18":"virtual","19":"sold-individually","20":"purchasable","21":"product-type-simple"},"_links":{"self":[{"href":"https:\/\/gpl-love.com\/es\/wp-json\/wp\/v2\/product\/112579","targetHints":{"allow":["GET"]}}],"collection":[{"href":"https:\/\/gpl-love.com\/es\/wp-json\/wp\/v2\/product"}],"about":[{"href":"https:\/\/gpl-love.com\/es\/wp-json\/wp\/v2\/types\/product"}],"replies":[{"embeddable":true,"href":"https:\/\/gpl-love.com\/es\/wp-json\/wp\/v2\/comments?post=112579"}],"wp:featuredmedia":[{"embeddable":true,"href":"https:\/\/gpl-love.com\/es\/wp-json\/wp\/v2\/media\/166044"}],"wp:attachment":[{"href":"https:\/\/gpl-love.com\/es\/wp-json\/wp\/v2\/media?parent=112579"}],"wp:term":[{"taxonomy":"product_brand","embeddable":true,"href":"https:\/\/gpl-love.com\/es\/wp-json\/wp\/v2\/product_brand?post=112579"},{"taxonomy":"product_cat","embeddable":true,"href":"https:\/\/gpl-love.com\/es\/wp-json\/wp\/v2\/product_cat?post=112579"},{"taxonomy":"product_tag","embeddable":true,"href":"https:\/\/gpl-love.com\/es\/wp-json\/wp\/v2\/product_tag?post=112579"}],"curies":[{"name":"wp","href":"https:\/\/api.w.org\/{rel}","templated":true}]}}