{"id":112577,"date":"2025-07-29T00:00:00","date_gmt":"2025-07-29T05:00:00","guid":{"rendered":"http:\/\/gpl-love.com\/es\/?post_type=product&#038;p=112577"},"modified":"2026-03-09T07:33:19","modified_gmt":"2026-03-09T12:33:19","slug":"eventon-full-cal","status":"publish","type":"product","link":"https:\/\/gpl-love.com\/es\/producto\/eventon-full-cal\/","title":{"rendered":"EventOn Full Cal 2.2.3"},"content":{"rendered":"<h3>EventOn Full Cal Caracteristicas<\/h3>\n<p>Eventon Full Cal es una herramienta de gesti\u00f3n de calendario incre\u00edblemente integral que ofrece una multitud de caracter\u00edsticas dise\u00f1adas para ayudarlo a organizar y programar eventos sin esfuerzo. Su interfaz f\u00e1cil de usar no solo es intuitiva sino tambi\u00e9n notablemente f\u00e1cil de navegar. Tiene la capacidad de generar tipos de eventos personalizados, establecer eventos recurrentes y detalles de eventos de entrada, como ubicaci\u00f3n, tiempo y asistentes. Adem\u00e1s, se puede acceder sin esfuerzo a este calendario altamente vers\u00e1til en una variedad de formatos, incluidos mes, semana y vista diaria. Adem\u00e1s, Eventon Full Cal permite compartir sin problemas de su calendario con otros mediante el uso de correo electr\u00f3nico o varias plataformas de redes sociales. La personalizaci\u00f3n es un aspecto clave de esta herramienta, ya que ofrece una extensa variedad de temas y colores para que pueda elegir, asegurando que su calendario refleje sus preferencias est\u00e9ticas \u00fanicas. Adem\u00e1s, este calendario extraordinario puede integrarse perfectamente con otras aplicaciones de calendario populares como el calendario de Google y el calendario de Apple, simplificando el proceso de administrar su horario y eliminando la posibilidad de pasar por alto cualquier evento crucial. Con Eventon Full Cal a su lado, tenga la seguridad de que nunca volver\u00e1 a perderse otro evento significativo.<\/p>\n<ul>\n<li>Complemento de calendario de eventos integral para WordPress<\/li>\n<li>Muestra todo tipo de eventos, incluidos eventos recurrentes, eventos de varios d\u00edas y eventos personalizados.<\/li>\n<li>Plantillas personalizables para la visualizaci\u00f3n de eventos<\/li>\n<li>Capacidad para filtrar eventos por categor\u00eda, etiqueta, ubicaci\u00f3n y organizador<\/li>\n<li>Integraci\u00f3n con Google Maps para la ubicaci\u00f3n del evento<\/li>\n<li>RSVP y opciones de boletos disponibles<\/li>\n<li>Integraci\u00f3n de procesamiento de pagos para eventos pagados<\/li>\n<li>F\u00e1cilmente incrustable en cualquier p\u00e1gina o publicaci\u00f3n de WordPress<\/li>\n<li>Caracter\u00edsticas avanzadas como temporizadores de cuenta regresiva y widgets de cuenta regresiva para eventos<\/li>\n<li>Dise\u00f1o de respuesta m\u00f3vil para una f\u00e1cil visualizaci\u00f3n en cualquier dispositivo<\/li>\n<li>Atenci\u00f3n al cliente confiable y actualizaciones regulares<\/li>\n<\/ul>\n","protected":false},"excerpt":{"rendered":"<p>Eventon Full Cal es una soluci\u00f3n de calendario extensa y que lo abarca y se ha desarrollado espec\u00edficamente para satisfacer las necesidades tanto de empresas como de individuos. Su objetivo principal es permitir la gesti\u00f3n sin esfuerzo de eventos, citas y horarios. Este software de vanguardia cuenta con una interfaz notablemente f\u00e1cil de usar, que facilita la creaci\u00f3n de eventos, la configuraci\u00f3n de recordatorios y el intercambio sin problemas de estos eventos con su equipo o clientes de manera real. Adem\u00e1s, ofrece una variedad de vistas al calendario, que incluye una vista mensual, semanal o incluso diaria, asegurando as\u00ed que pueda visualizar f\u00e1cilmente sus plazos inminentes y mantener un alto nivel de organizaci\u00f3n. Ya sea la coordinaci\u00f3n de una reuni\u00f3n crucial, el seguimiento de una fecha l\u00edmite de proyecto significativa o la organizaci\u00f3n de un evento personal, puede estar seguro de que Eventon Full Cal le proporcionar\u00e1 todas las herramientas y caracter\u00edsticas necesarias para realizar estas tareas de manera eficiente y efectiva .<\/p>\n","protected":false},"featured_media":166042,"comment_status":"open","ping_status":"open","template":"","meta":[],"product_brand":[2444],"product_cat":[1214,1206,1211],"product_tag":[1292],"class_list":{"0":"post-112577","1":"product","2":"type-product","3":"status-publish","4":"has-post-thumbnail","6":"product_brand-eventon","7":"product_cat-personalizacion","8":"product_cat-plugins","9":"product_cat-wordpress-plugins","10":"product_tag-eventon","11":"member-discount","12":"discount-restricted","14":"first","15":"instock","16":"sale","17":"downloadable","18":"virtual","19":"sold-individually","20":"purchasable","21":"product-type-simple"},"_links":{"self":[{"href":"https:\/\/gpl-love.com\/es\/wp-json\/wp\/v2\/product\/112577","targetHints":{"allow":["GET"]}}],"collection":[{"href":"https:\/\/gpl-love.com\/es\/wp-json\/wp\/v2\/product"}],"about":[{"href":"https:\/\/gpl-love.com\/es\/wp-json\/wp\/v2\/types\/product"}],"replies":[{"embeddable":true,"href":"https:\/\/gpl-love.com\/es\/wp-json\/wp\/v2\/comments?post=112577"}],"wp:featuredmedia":[{"embeddable":true,"href":"https:\/\/gpl-love.com\/es\/wp-json\/wp\/v2\/media\/166042"}],"wp:attachment":[{"href":"https:\/\/gpl-love.com\/es\/wp-json\/wp\/v2\/media?parent=112577"}],"wp:term":[{"taxonomy":"product_brand","embeddable":true,"href":"https:\/\/gpl-love.com\/es\/wp-json\/wp\/v2\/product_brand?post=112577"},{"taxonomy":"product_cat","embeddable":true,"href":"https:\/\/gpl-love.com\/es\/wp-json\/wp\/v2\/product_cat?post=112577"},{"taxonomy":"product_tag","embeddable":true,"href":"https:\/\/gpl-love.com\/es\/wp-json\/wp\/v2\/product_tag?post=112577"}],"curies":[{"name":"wp","href":"https:\/\/api.w.org\/{rel}","templated":true}]}}