{"id":112569,"date":"2022-08-01T00:00:00","date_gmt":"2022-08-01T05:00:00","guid":{"rendered":"http:\/\/gpl-love.com\/es\/producto\/eventon-event-countdown\/"},"modified":"2026-03-09T07:33:13","modified_gmt":"2026-03-09T12:33:13","slug":"eventon-event-countdown","status":"publish","type":"product","link":"https:\/\/gpl-love.com\/es\/producto\/eventon-event-countdown\/","title":{"rendered":"EventOn Event Countdown 1.0"},"content":{"rendered":"<h3>EventOn Event Countdown Caracteristicas<\/h3>\n<p>Eventon Event Countdown es un producto de vanguardia e innovador que ofrece asistencia invaluable a individuos y empresas por igual, lo que les permite mantenerse organizado y preparado para sus diversos eventos, cortes\u00eda de la provisi\u00f3n de cuenta regresiva informativa y visual a estas fechas significativas. . Por medio de su interfaz f\u00e1cil e intuitiva, los usuarios pueden ingresar sin esfuerzo los detalles de sus eventos y observar a medida que comienza la cuenta regresiva, ofreci\u00e9ndoles una representaci\u00f3n f\u00e1cilmente comprensible y visualmente atractiva del tiempo que queda hasta el evento. Este producto excepcional es particularmente ventajoso para los planificadores de eventos, los especialistas en marketing y las personas que desean mantenerse al tanto de los plazos cruciales, con su notable compatibilidad en m\u00faltiples plataformas y su capacidad de adaptarse para cumplir con las preferencias individuales, lo que lo convierte en una herramienta verdaderamente vers\u00e1til e indispensable para cualquier Requisitos de planificaci\u00f3n de eventos. En resumen, se puede afirmar inequ\u00edvocamente que la cuenta regresiva de eventos de Eventon es una soluci\u00f3n inquebrantablemente confiable y altamente eficiente para la gesti\u00f3n meticulosa de los eventos.<\/p>\n<ul>\n<li>Temporizador de cuenta regresiva f\u00e1cil de usar para eventos de todo tipo<\/li>\n<li>Cuente con fechas importantes como bodas, cumplea\u00f1os o vacaciones<\/li>\n<li>Totalmente personalizable con una variedad de opciones de dise\u00f1o<\/li>\n<li>Comparta el temporizador de cuenta regresiva con otros a trav\u00e9s de las redes sociales o el correo electr\u00f3nico<\/li>\n<li>Establezca recordatorios y notificaciones para mantenerse al tanto de eventos importantes<\/li>\n<li>Realice un seguimiento de m\u00faltiples eventos con temporizadores de cuenta regresiva separados<\/li>\n<li>Funciona sin problemas en todos los dispositivos y plataformas<\/li>\n<li>Compatible con plataformas populares de gesti\u00f3n de eventos como Eventbrite y Meetup<\/li>\n<li>Precios asequibles con opciones para uso personal y profesional<\/li>\n<li>Equipo de atenci\u00f3n al cliente dedicado para abordar cualquier pregunta o inquietud.<\/li>\n<\/ul>\n","protected":false},"excerpt":{"rendered":"<p>La cuenta regresiva de eventos de Eventon es un medio extraordinariamente sofisticado y est\u00e9ticamente agradable para monitorear y administrar sus pr\u00f3ximos eventos. En virtud de su temporizador de cuenta regresiva altamente adaptable, tiene la capacidad de incorporar sin esfuerzo fechas significativas y establecer notificaciones, garantizando as\u00ed que nunca m\u00e1s pasar\u00e1 por alto una ocasi\u00f3n trascendental. El dise\u00f1o contempor\u00e1neo y la interfaz f\u00e1cil de usar lo convierten en el suplemento por excelencia al entorno nacional o profesional. Independientemente de si uno est\u00e1 coordinando una ceremonia matrimonial, una reuni\u00f3n de celebraci\u00f3n o un simposio corporativo, la cuenta regresiva de eventos de Eventon demuestra que es un instrumento invaluable para facilitar la destreza organizacional, asegurando que uno permanezca impecablemente puntual y bien informado.<\/p>\n","protected":false},"featured_media":166037,"comment_status":"open","ping_status":"open","template":"","meta":[],"product_brand":[2444],"product_cat":[1214,1206,1211],"product_tag":[1292],"class_list":{"0":"post-112569","1":"product","2":"type-product","3":"status-publish","4":"has-post-thumbnail","6":"product_brand-eventon","7":"product_cat-personalizacion","8":"product_cat-plugins","9":"product_cat-wordpress-plugins","10":"product_tag-eventon","11":"member-discount","12":"discount-restricted","14":"first","15":"instock","16":"sale","17":"downloadable","18":"virtual","19":"sold-individually","20":"purchasable","21":"product-type-simple"},"_links":{"self":[{"href":"https:\/\/gpl-love.com\/es\/wp-json\/wp\/v2\/product\/112569","targetHints":{"allow":["GET"]}}],"collection":[{"href":"https:\/\/gpl-love.com\/es\/wp-json\/wp\/v2\/product"}],"about":[{"href":"https:\/\/gpl-love.com\/es\/wp-json\/wp\/v2\/types\/product"}],"replies":[{"embeddable":true,"href":"https:\/\/gpl-love.com\/es\/wp-json\/wp\/v2\/comments?post=112569"}],"wp:featuredmedia":[{"embeddable":true,"href":"https:\/\/gpl-love.com\/es\/wp-json\/wp\/v2\/media\/166037"}],"wp:attachment":[{"href":"https:\/\/gpl-love.com\/es\/wp-json\/wp\/v2\/media?parent=112569"}],"wp:term":[{"taxonomy":"product_brand","embeddable":true,"href":"https:\/\/gpl-love.com\/es\/wp-json\/wp\/v2\/product_brand?post=112569"},{"taxonomy":"product_cat","embeddable":true,"href":"https:\/\/gpl-love.com\/es\/wp-json\/wp\/v2\/product_cat?post=112569"},{"taxonomy":"product_tag","embeddable":true,"href":"https:\/\/gpl-love.com\/es\/wp-json\/wp\/v2\/product_tag?post=112569"}],"curies":[{"name":"wp","href":"https:\/\/api.w.org\/{rel}","templated":true}]}}