{"id":112529,"date":"2021-11-30T00:00:00","date_gmt":"2021-11-30T05:00:00","guid":{"rendered":"http:\/\/gpl-love.com\/es\/?post_type=product&#038;p=112529"},"modified":"2026-03-09T08:06:18","modified_gmt":"2026-03-09T13:06:18","slug":"sendy-widget-pro-wordpress-plugin","status":"publish","type":"product","link":"https:\/\/gpl-love.com\/es\/producto\/sendy-widget-pro-wordpress-plugin\/","title":{"rendered":"Sendy Widget Pro WordPress Plugin 3.6.1"},"content":{"rendered":"<h3>Sendy Widget Pro WordPress Plugin Caracteristicas<\/h3>\n<p>El complemento Sendy Widget Pro WordPress es una herramienta extremadamente efectiva y altamente eficiente que sirve para ayudar a los propietarios de sitios web a integrar sin problemas sus respectivos sitios web con la plataforma de marketing de correo electr\u00f3nico ampliamente utilizada, conocida como Sendy. Este complemento en particular proporciona a sus usuarios una interfaz incre\u00edblemente f\u00e1cil de usar y una extensa gama de caracter\u00edsticas que est\u00e1n dise\u00f1adas espec\u00edficamente y est\u00e1n destinadas a facilitar el crecimiento y la expansi\u00f3n de su lista de suscriptores de correo electr\u00f3nico, lo que finalmente permite la difusi\u00f3n de boletines informativos e informativos directamente a sus suscriptores valiosos. Al utilizar el complemento Sendy Widget Pro, las personas pueden generar y construir sin esfuerzo formularios de generaci\u00f3n de leads, ventanas emergentes y cajas de suscripci\u00f3n que no solo son totalmente personalizables, sino que tambi\u00e9n est\u00e1n dise\u00f1adas por expertos y dise\u00f1adas por expertos para alinearse perfectamente y corresponder con las marcas establecidas y reconocibles de su sitio web y su sitio web. . Adem\u00e1s, este complemento notable tambi\u00e9n extiende su funcionalidad al ofrecer un sistema de an\u00e1lisis e informes intrincados e integrales, otorgando as\u00ed a sus usuarios la invaluable capacidad de rastrear y monitorear meticulosamente el rendimiento general y la eficacia de sus respectivas campa\u00f1as de correo electr\u00f3nico, lo que posteriormente les permite hacer informados y informados y informados. Ajustes estrat\u00e9gicos para optimizar y mejorar sus estrategias de marketing generales. En general, es innegablemente evidente que el complemento Sendy Widget Pro WordPress representa una herramienta excepcionalmente potente e influyente que tiene la capacidad de optimizar significativamente y facilitar el proceso intrincado y a menudo complejo de marketing por correo electr\u00f3nico, lo que permite a los propietarios de sitios web aumentar y expandir efectivamente Su base de suscriptores, en \u00faltima instancia, les permite alcanzar y lograr con \u00e9xito sus objetivos e hitos de marketing deseados.<\/p>\n<ul>\n<li>Widget totalmente personalizable para sitios web de WordPress<\/li>\n<li>F\u00e1cil integraci\u00f3n con el software de marketing por correo electr\u00f3nico de Sendy<\/li>\n<li>Obtenga m\u00e1s suscriptores de correo electr\u00f3nico directamente desde su sitio web<\/li>\n<li>Elija entre m\u00faltiples estilos de dise\u00f1o para adaptarse al dise\u00f1o de su sitio web<\/li>\n<li>Opciones de texto y dise\u00f1o personalizables para que coincidan con su marca<\/li>\n<li>Sincronizaci\u00f3n autom\u00e1tica con listas de suscriptores Sendy<\/li>\n<li>GDPR que cumple con las opciones de doble opci\u00f3n y gesti\u00f3n de suscriptores f\u00e1ciles<\/li>\n<li>Integraci\u00f3n perfecta con plataformas populares de marketing por correo electr\u00f3nico<\/li>\n<li>An\u00e1lisis para rastrear el rendimiento de su widget<\/li>\n<li>Documentaci\u00f3n y soporte integral para una f\u00e1cil configuraci\u00f3n y uso.<\/li>\n<\/ul>\n","protected":false},"excerpt":{"rendered":"<p>\u00bfEst\u00e1 buscando una soluci\u00f3n de marketing por correo electr\u00f3nico confiable y f\u00e1cil de usar que est\u00e9 espec\u00edficamente dise\u00f1ada para su sitio web de WordPress? \u00a1No busque m\u00e1s all\u00e1 del notable complemento Sendy Widget Pro! Este incre\u00edble complemento cuenta con un proceso de instalaci\u00f3n directo y una gran cantidad de opciones personalizables, lo que le permite expandir sin esfuerzo su lista de correo electr\u00f3nico e interactuar de manera efectiva con sus valiosos suscriptores. Adem\u00e1s, este complemento va m\u00e1s all\u00e1 al ofrecer caracter\u00edsticas de vanguardia, como pruebas y segmentaci\u00f3n A\/B, lo que le permite optimizar sus campa\u00f1as y lograr el mayor retorno de la inversi\u00f3n. Ac\u00e9tate a los servicios de marketing por correo electr\u00f3nico con un precio exorbitante y agradece calurosamente el fenomenal Sendy Widget Pro en su arsenal digital.<\/p>\n","protected":false},"featured_media":167449,"comment_status":"open","ping_status":"open","template":"","meta":[],"product_brand":[2339],"product_cat":[1232,1206,1211],"product_tag":[1256],"class_list":{"0":"post-112529","1":"product","2":"type-product","3":"status-publish","4":"has-post-thumbnail","6":"product_brand-codecanyon","7":"product_cat-marketing-wordpress-plugins","8":"product_cat-plugins","9":"product_cat-wordpress-plugins","10":"product_tag-codecanyon","11":"member-discount","12":"discount-restricted","14":"first","15":"instock","16":"sale","17":"downloadable","18":"virtual","19":"sold-individually","20":"purchasable","21":"product-type-simple"},"_links":{"self":[{"href":"https:\/\/gpl-love.com\/es\/wp-json\/wp\/v2\/product\/112529","targetHints":{"allow":["GET"]}}],"collection":[{"href":"https:\/\/gpl-love.com\/es\/wp-json\/wp\/v2\/product"}],"about":[{"href":"https:\/\/gpl-love.com\/es\/wp-json\/wp\/v2\/types\/product"}],"replies":[{"embeddable":true,"href":"https:\/\/gpl-love.com\/es\/wp-json\/wp\/v2\/comments?post=112529"}],"wp:featuredmedia":[{"embeddable":true,"href":"https:\/\/gpl-love.com\/es\/wp-json\/wp\/v2\/media\/167449"}],"wp:attachment":[{"href":"https:\/\/gpl-love.com\/es\/wp-json\/wp\/v2\/media?parent=112529"}],"wp:term":[{"taxonomy":"product_brand","embeddable":true,"href":"https:\/\/gpl-love.com\/es\/wp-json\/wp\/v2\/product_brand?post=112529"},{"taxonomy":"product_cat","embeddable":true,"href":"https:\/\/gpl-love.com\/es\/wp-json\/wp\/v2\/product_cat?post=112529"},{"taxonomy":"product_tag","embeddable":true,"href":"https:\/\/gpl-love.com\/es\/wp-json\/wp\/v2\/product_tag?post=112529"}],"curies":[{"name":"wp","href":"https:\/\/api.w.org\/{rel}","templated":true}]}}