{"id":112527,"date":"2025-11-14T00:00:00","date_gmt":"2025-11-14T05:00:00","guid":{"rendered":"http:\/\/gpl-love.com\/es\/?post_type=product&#038;p=112527"},"modified":"2026-03-13T17:31:52","modified_gmt":"2026-03-13T22:31:52","slug":"tourpress-travel-booking-wordpress-tema","status":"publish","type":"product","link":"https:\/\/gpl-love.com\/es\/producto\/tourpress-travel-booking-wordpress-tema\/","title":{"rendered":"TourPress Travel Booking WordPress Theme 1.2.5"},"content":{"rendered":"<h3>TourPress Travel Booking WordPress Theme Caracteristicas<\/h3>\n<p>Tourpress es un tema de WordPress de WordPress realmente notable y excepcional que ha sido meticulosamente elaborado y dise\u00f1ado para atender los requisitos distintivos y \u00fanicos de las agencias de viajes, los operadores tur\u00edsticos y las compa\u00f1\u00edas de viajes por igual. Este tema cuenta con un dise\u00f1o incre\u00edblemente hermoso que se combina con un conjunto avanzado de funcionalidades y una interfaz intuitivamente f\u00e1cil de usar, proporcionando as\u00ed una experiencia de reserva en l\u00ednea incomparable y sin problemas para sus estimados clientes. Adem\u00e1s de estas caracter\u00edsticas notables, Tourpress tambi\u00e9n ofrece una amplia gama de opciones que le permiten exhibir sus paquetes de viaje, destinos y opciones de precios de una manera altamente profesional y atractiva, elevando as\u00ed el atractivo est\u00e9tico general de su sitio web. Adem\u00e1s, el tema est\u00e1 cuidadosamente equipado con una mir\u00edada de opciones de personalizaci\u00f3n, lo que le permite personalizar y adaptar sin esfuerzo la apariencia y el ambiente de su sitio web para alinearse sin problemas con su identidad de marca \u00fanica. Ya sea que se encuentre al frente de una agencia de viajes a peque\u00f1a escala o en una compa\u00f1\u00eda de turismo a gran escala, Tourpress es inequ\u00edvocamente la soluci\u00f3n ideal e ideal que lo ayudar\u00e1 efectivamente a elaborar un sitio web visualmente llamativo y optimizado para conversi\u00f3n que inseguamente atractivo cautivan a los clientes, en \u00faltima instancia, cediendo su inquebrantable lealtad y patrocinio.<\/p>\n<ul>\n<li>Tema de WordPress de WordPress totalmente personalizable y receptivo<\/li>\n<li>Cuenta con m\u00faltiples opciones de dise\u00f1o para exhibir paquetes de viajes y destinos<\/li>\n<li>Incluye la funcionalidad de reserva y pago a trav\u00e9s de la integraci\u00f3n con WooCommerce y PayPal<\/li>\n<li>Ofrece opciones para agregar campos personalizados a formularios de reserva para recopilar informaci\u00f3n importante de los clientes.<\/li>\n<li>Incluye sistema de revisi\u00f3n y calificaci\u00f3n incorporado para comentarios de los clientes y pruebas sociales<\/li>\n<li>Ofrece integraci\u00f3n con plataformas populares de marketing por correo electr\u00f3nico para mantenerse en contacto con los clientes y promocionar nuevas ofertas.<\/li>\n<li>Viene con plantillas de p\u00e1gina de inicio predise\u00f1adas espec\u00edficamente para agencias de viajes y operadores tur\u00edsticos<\/li>\n<li>Incluye soporte para m\u00faltiples idiomas y monedas, lo que lo hace ideal para compa\u00f1\u00edas de viajes internacionales<\/li>\n<li>Cuenta con integraci\u00f3n con Google Maps y otros complementos relacionados con los viajes para una experiencia de reserva perfecta<\/li>\n<li>Viene con documentaci\u00f3n detallada y atenci\u00f3n al cliente dedicada para ayudar a los usuarios a aprovechar al m\u00e1ximo el tema<\/li>\n<\/ul>\n","protected":false},"excerpt":{"rendered":"<p>Tourpress, un tema de WordPress que ha sido dise\u00f1ado espec\u00edficamente para sitios web de reservas de viajes, no solo es f\u00e1cil de usar sino tambi\u00e9n altamente personalizable. Este tema proporciona una experiencia de reserva sin esfuerzo y perfecta para sus clientes, gracias a su sistema de reserva incorporado y una amplia gama de pasarelas de pago para elegir. Al utilizar Tourpress, puede exhibir sin esfuerzo y efectivamente sus paquetes tur\u00edsticos, destinos y servicios de viaje a trav\u00e9s de su dise\u00f1o elegante y moderno. Adem\u00e1s, su dise\u00f1o receptivo garantiza que su sitio web mantenga una apariencia visualmente atractiva en todos los dispositivos. Adem\u00e1s, Tourpress ofrece una multitud de caracter\u00edsticas potentes que lo ayudan a administrar eficientemente sus reservas, clientes y consultas. Ya sea que su negocio de viajes se especialice en tours de aventura o lujosas escapadas, Tourpress es sin duda el tema ideal para sus necesidades espec\u00edficas.<\/p>\n","protected":false},"featured_media":167843,"comment_status":"open","ping_status":"open","template":"","meta":[],"product_brand":[2337],"product_cat":[1548,1237,1238],"product_tag":[1391],"class_list":{"0":"post-112527","1":"product","2":"type-product","3":"status-publish","4":"has-post-thumbnail","6":"product_brand-themeforest","7":"product_cat-resort-hotel","8":"product_cat-temas","9":"product_cat-wordpress-temas","10":"product_tag-themeforest","11":"member-discount","12":"discount-restricted","14":"first","15":"instock","16":"sale","17":"downloadable","18":"virtual","19":"sold-individually","20":"purchasable","21":"product-type-simple"},"_links":{"self":[{"href":"https:\/\/gpl-love.com\/es\/wp-json\/wp\/v2\/product\/112527","targetHints":{"allow":["GET"]}}],"collection":[{"href":"https:\/\/gpl-love.com\/es\/wp-json\/wp\/v2\/product"}],"about":[{"href":"https:\/\/gpl-love.com\/es\/wp-json\/wp\/v2\/types\/product"}],"replies":[{"embeddable":true,"href":"https:\/\/gpl-love.com\/es\/wp-json\/wp\/v2\/comments?post=112527"}],"wp:featuredmedia":[{"embeddable":true,"href":"https:\/\/gpl-love.com\/es\/wp-json\/wp\/v2\/media\/167843"}],"wp:attachment":[{"href":"https:\/\/gpl-love.com\/es\/wp-json\/wp\/v2\/media?parent=112527"}],"wp:term":[{"taxonomy":"product_brand","embeddable":true,"href":"https:\/\/gpl-love.com\/es\/wp-json\/wp\/v2\/product_brand?post=112527"},{"taxonomy":"product_cat","embeddable":true,"href":"https:\/\/gpl-love.com\/es\/wp-json\/wp\/v2\/product_cat?post=112527"},{"taxonomy":"product_tag","embeddable":true,"href":"https:\/\/gpl-love.com\/es\/wp-json\/wp\/v2\/product_tag?post=112527"}],"curies":[{"name":"wp","href":"https:\/\/api.w.org\/{rel}","templated":true}]}}