{"id":112523,"date":"2022-02-14T00:00:00","date_gmt":"2022-02-14T05:00:00","guid":{"rendered":"http:\/\/gpl-love.com\/es\/?post_type=product&#038;p=112523"},"modified":"2026-03-13T17:15:27","modified_gmt":"2026-03-13T22:15:27","slug":"agensy-digital-lab-y-creative-solutions-tema","status":"publish","type":"product","link":"https:\/\/gpl-love.com\/es\/producto\/agensy-digital-lab-y-creative-solutions-tema\/","title":{"rendered":"Agensy Digital Lab y Creative Solutions Theme 1.1.1"},"content":{"rendered":"<h3>Agensy Digital Lab y Creative Solutions Theme Caracteristicas<\/h3>\n<p>El tema de soluciones creativas y laboratorio digital agensy es un paquete que lo abarca todo que presenta una amplia gama de herramientas y recursos dise\u00f1ados espec\u00edficamente para agencias digitales y creativos. Entre sus ofertas hay un tema totalmente receptivo que se adapta perfectamente a varios dispositivos y plataformas, asegurando una experiencia de usuario perfecta en todos los \u00e1mbitos. Adem\u00e1s, el paquete incluye una extensa colecci\u00f3n de plantillas y widgets personalizables, capacitando a los usuarios para crear sitios web visualmente llamativos, carteras y otro contenido digital.<\/p>\n<p>En particular, el tema otorga acceso a una variedad de caracter\u00edsticas y funcionalidades avanzadas, incluida la capacidad de personalizar CSS y HTML, manejar herramientas de construcci\u00f3n de p\u00e1ginas de vanguardia y aprovechar un conjunto de herramientas de optimizaci\u00f3n de SEO incorporadas. Estas capacidades hacen del tema de las soluciones creativas y el laboratorio digital agensado una soluci\u00f3n \u00f3ptima para agencias y creativos en busca de sitios web profesionales, de primer nivel y contenido en l\u00ednea que se diferencien efectivamente de la competencia, posteriormente atrayendo nuevos clientes y clientes.<\/p>\n<ul>\n<li>Un dise\u00f1o sofisticado y profesional dise\u00f1ado espec\u00edficamente para agencias digitales y soluciones creativas<\/li>\n<li>Dise\u00f1o receptivo y amigable para dispositivos m\u00f3viles para una visualizaci\u00f3n \u00f3ptima en cualquier dispositivo<\/li>\n<li>Navegaci\u00f3n f\u00e1cil de usar e interfaz intuitiva para una f\u00e1cil personalizaci\u00f3n y gesti\u00f3n de contenido<\/li>\n<li>Totalmente compatible con la \u00faltima versi\u00f3n de WordPress y complementos populares para una funcionalidad adicional<\/li>\n<li>Integraci\u00f3n perfecta con plataformas de redes sociales para marketing y promoci\u00f3n efectivos<\/li>\n<li>P\u00e1gina de inicio personalizable con una variedad de secciones y elementos visuales para mostrar su trabajo y servicios<\/li>\n<li>Documentaci\u00f3n extensa y soporte dedicado para una f\u00e1cil instalaci\u00f3n y mantenimiento<\/li>\n<li>Actualizaciones y mejoras regulares para garantizar un rendimiento y compatibilidad \u00f3ptimos con nuevas tecnolog\u00edas<\/li>\n<li>Ligero y optimizado para tiempos de carga r\u00e1pidas para mejorar la experiencia del usuario y el rendimiento de SEO.<\/li>\n<\/ul>\n","protected":false},"excerpt":{"rendered":"<p>Experimente lo \u00faltimo en creatividad digital con un laboratorio digital agensado y un tema de soluciones creativas. Este producto innovador es perfecto para aquellos que son apasionados por la tecnolog\u00eda digital y el dise\u00f1o. Sirve como un laboratorio digital, donde puede experimentar con diferentes ideas de dise\u00f1o y soluciones digitales. El tema es totalmente personalizable, lo que le permite expresar su creatividad de las maneras m\u00e1s \u00fanicas. Tambi\u00e9n ofrece una variedad de soluciones creativas para ayudar a mejorar sus proyectos digitales. Con su interfaz f\u00e1cil de usar y sus caracter\u00edsticas innovadoras, el laboratorio digital agente y el tema de las soluciones creativas es una herramienta valiosa tanto para los creativos digitales en ciernes y experimentados. Experimente los beneficios de la creatividad digital hoy con agente.<\/p>\n","protected":false},"featured_media":165333,"comment_status":"open","ping_status":"open","template":"","meta":[],"product_brand":[2337],"product_cat":[1267,1237,1238],"product_tag":[1391],"class_list":{"0":"post-112523","1":"product","2":"type-product","3":"status-publish","4":"has-post-thumbnail","6":"product_brand-themeforest","7":"product_cat-creativo","8":"product_cat-temas","9":"product_cat-wordpress-temas","10":"product_tag-themeforest","11":"member-discount","12":"discount-restricted","14":"first","15":"instock","16":"sale","17":"downloadable","18":"virtual","19":"sold-individually","20":"purchasable","21":"product-type-simple"},"_links":{"self":[{"href":"https:\/\/gpl-love.com\/es\/wp-json\/wp\/v2\/product\/112523","targetHints":{"allow":["GET"]}}],"collection":[{"href":"https:\/\/gpl-love.com\/es\/wp-json\/wp\/v2\/product"}],"about":[{"href":"https:\/\/gpl-love.com\/es\/wp-json\/wp\/v2\/types\/product"}],"replies":[{"embeddable":true,"href":"https:\/\/gpl-love.com\/es\/wp-json\/wp\/v2\/comments?post=112523"}],"wp:featuredmedia":[{"embeddable":true,"href":"https:\/\/gpl-love.com\/es\/wp-json\/wp\/v2\/media\/165333"}],"wp:attachment":[{"href":"https:\/\/gpl-love.com\/es\/wp-json\/wp\/v2\/media?parent=112523"}],"wp:term":[{"taxonomy":"product_brand","embeddable":true,"href":"https:\/\/gpl-love.com\/es\/wp-json\/wp\/v2\/product_brand?post=112523"},{"taxonomy":"product_cat","embeddable":true,"href":"https:\/\/gpl-love.com\/es\/wp-json\/wp\/v2\/product_cat?post=112523"},{"taxonomy":"product_tag","embeddable":true,"href":"https:\/\/gpl-love.com\/es\/wp-json\/wp\/v2\/product_tag?post=112523"}],"curies":[{"name":"wp","href":"https:\/\/api.w.org\/{rel}","templated":true}]}}