{"id":112521,"date":"2025-06-03T00:00:00","date_gmt":"2025-06-03T05:00:00","guid":{"rendered":"http:\/\/gpl-love.com\/es\/producto\/bbq-pro-fastest-wordpress-firewall-plugin\/"},"modified":"2026-03-09T07:20:00","modified_gmt":"2026-03-09T12:20:00","slug":"bbq-pro-fastest-wordpress-firewall-plugin","status":"publish","type":"product","link":"https:\/\/gpl-love.com\/es\/producto\/bbq-pro-fastest-wordpress-firewall-plugin\/","title":{"rendered":"BBQ Pro Fastest WordPress Firewall Plugin 3.8.1"},"content":{"rendered":"<h3>BBQ Pro Fastest WordPress Firewall Plugin Caracteristicas<\/h3>\n<p>BBQ Pro, un complemento de firewall de WordPress incre\u00edblemente robusto y potente, ha sido dise\u00f1ado espec\u00edficamente para ofrecer una protecci\u00f3n integral a su sitio web en una amplia gama de amenazas. Equipado con un motor de escaneo altamente eficiente y conveniente, este complemento excepcional posee la capacidad de identificar y frustrar r\u00e1pidamente cualquier forma de actividad nefasta en su sitio web, ya sea para piratear esfuerzos, ataques de fuerza bruta o infecciones perniciosas de malware. Sus caracter\u00edsticas avanzadas abarcan la provisi\u00f3n de conjuntos de reglas personalizables, el filtrado de direcciones IP y las opciones de registro, lo que le otorga un nivel de control incomparable sobre la seguridad de su sitio web. Adem\u00e1s, sus procesos de instalaci\u00f3n y configuraci\u00f3n son notablemente sencillos y f\u00e1ciles de usar, mientras que la atenci\u00f3n al cliente excepcional del complemento sirve como un testimonio de su devoci\u00f3n incomparable a la satisfacci\u00f3n del cliente. A la luz de estos atributos notables, se hace evidente que BBQ Pro sirve como una opci\u00f3n ejemplar para cualquier usuario de WordPress que desee fortalecer la seguridad de su sitio web. Cuando se trata de salvaguardar su apreciado sitio web de WordPress contra la presencia cada vez mayor de amenazas cibern\u00e9ticas, simplemente no hay una mejor opci\u00f3n que BBQ Pro.<\/p>\n<ul>\n<li>Protege su sitio web de WordPress de ataques maliciosos y intentos de pirater\u00eda<\/li>\n<li>Bloquea cualquier solicitud sospechosa o da\u00f1ina realizada en el sitio web<\/li>\n<li>Proporciona monitoreo en tiempo real para amenazas y actividades sospechosas<\/li>\n<li>Garantiza una r\u00e1pida velocidad y rendimiento del sitio web con un impacto m\u00ednimo en el tiempo de carga del sitio<\/li>\n<li>Bloquea los bots malos y los bots de spam para acceder al sitio web<\/li>\n<li>Actualizado regularmente con nuevas reglas y regulaciones para mantenerse al tanto de las \u00faltimas amenazas<\/li>\n<li>F\u00e1cil de instalar y configurar, con interfaz f\u00e1cil de usar<\/li>\n<li>Proporciona informes detallados sobre la seguridad del sitio web y la actividad de amenazas<\/li>\n<li>Compatible con una amplia gama de temas y complementos de WordPress<\/li>\n<li>Ofrece atenci\u00f3n al cliente y asistencia confiables con cualquier problema o inquietud<\/li>\n<\/ul>\n","protected":false},"excerpt":{"rendered":"<p>Desatara la potencia del complemento BBQ Pro FastPress Firewall m\u00e1s r\u00e1pido, la soluci\u00f3n definitiva para la seguridad de su sitio web. Esta herramienta innovadora proporciona una protecci\u00f3n inmejorable contra una mir\u00edada de amenazas cibern\u00e9ticas, asegurando que su sitio de WordPress permanezca seguro e indemne. El complemento BBQ Pro es reconocido por su velocidad, ofreciendo un firewall r\u00e1pido y eficiente que no ralentizar\u00e1 el rendimiento de su sitio web. Su interfaz f\u00e1cil de usar y sus caracter\u00edsticas f\u00e1ciles de usar lo convierten en una herramienta de referencia tanto para principiantes como para webmasters experimentados. Con este complemento, disfrutar\u00e1 de la tranquilidad sabiendo que su sitio est\u00e1 salvaguardado contra posibles ataques. Disfrute de los beneficios de la seguridad de primer nivel sin comprometerse con la velocidad con el complemento BBQ Pro FastPress Firewall m\u00e1s r\u00e1pido.<\/p>\n","protected":false},"featured_media":165460,"comment_status":"open","ping_status":"open","template":"","meta":[],"product_brand":[2371],"product_cat":[1212,1206,1211],"product_tag":[2105],"class_list":{"0":"post-112521","1":"product","2":"type-product","3":"status-publish","4":"has-post-thumbnail","6":"product_brand-plugin-planet","7":"product_cat-administracion-wordpress-plugins","8":"product_cat-plugins","9":"product_cat-wordpress-plugins","10":"product_tag-plugin-planet","11":"member-discount","12":"discount-restricted","14":"first","15":"instock","16":"sale","17":"downloadable","18":"virtual","19":"sold-individually","20":"purchasable","21":"product-type-simple"},"_links":{"self":[{"href":"https:\/\/gpl-love.com\/es\/wp-json\/wp\/v2\/product\/112521","targetHints":{"allow":["GET"]}}],"collection":[{"href":"https:\/\/gpl-love.com\/es\/wp-json\/wp\/v2\/product"}],"about":[{"href":"https:\/\/gpl-love.com\/es\/wp-json\/wp\/v2\/types\/product"}],"replies":[{"embeddable":true,"href":"https:\/\/gpl-love.com\/es\/wp-json\/wp\/v2\/comments?post=112521"}],"wp:featuredmedia":[{"embeddable":true,"href":"https:\/\/gpl-love.com\/es\/wp-json\/wp\/v2\/media\/165460"}],"wp:attachment":[{"href":"https:\/\/gpl-love.com\/es\/wp-json\/wp\/v2\/media?parent=112521"}],"wp:term":[{"taxonomy":"product_brand","embeddable":true,"href":"https:\/\/gpl-love.com\/es\/wp-json\/wp\/v2\/product_brand?post=112521"},{"taxonomy":"product_cat","embeddable":true,"href":"https:\/\/gpl-love.com\/es\/wp-json\/wp\/v2\/product_cat?post=112521"},{"taxonomy":"product_tag","embeddable":true,"href":"https:\/\/gpl-love.com\/es\/wp-json\/wp\/v2\/product_tag?post=112521"}],"curies":[{"name":"wp","href":"https:\/\/api.w.org\/{rel}","templated":true}]}}