{"id":112519,"date":"2025-03-28T00:00:00","date_gmt":"2025-03-28T05:00:00","guid":{"rendered":"http:\/\/gpl-love.com\/es\/producto\/finance-consulting-accounting-wordpress-tema\/"},"modified":"2026-03-13T17:20:48","modified_gmt":"2026-03-13T22:20:48","slug":"finance-consulting-accounting-wordpress-tema","status":"publish","type":"product","link":"https:\/\/gpl-love.com\/es\/producto\/finance-consulting-accounting-wordpress-tema\/","title":{"rendered":"Finance Consulting Accounting WordPress Theme 1.4.9"},"content":{"rendered":"<h3>Finance Consulting Accounting WordPress Theme Caracteristicas<\/h3>\n<p>El tema de WordPress de Contabilidad Finance Consulting, que ha sido elaborado por expertos, es una herramienta incre\u00edblemente robusta que ha sido espec\u00edficamente dise\u00f1ada para ayudar a profesionales de finanzas y empresas de consultor\u00eda a establecer una impresionante presencia en l\u00ednea. Este tema excepcional cuenta con una amplia gama de caracter\u00edsticas notables que se han integrado perfectamente para facilitar la creaci\u00f3n de un sitio web totalmente personalizado que incorpora perfectamente su marca y transmite efectivamente su profunda experiencia a clientes potenciales. Equipado con un dise\u00f1o receptivo, un dise\u00f1o elegante y una variedad de widgets personalizables, puede exhibir sin esfuerzo sus servicios incomparables, los estimados miembros del equipo y los resonantes testimonios de los clientes. Adem\u00e1s, este tema abarca una variedad de plantillas de p\u00e1gina preconstruidas, que consiste en una p\u00e1gina de inicio atractiva, una p\u00e1gina de servicios integrales, una p\u00e1gina esclarecedora sobre nosotros y una p\u00e1gina de contacto conveniente, que simplifica colectivamente el inicio de su sitio web. Adem\u00e1s, el tema de WordPress de contabilidad de consultor\u00eda de finanzas ha sufrido una optimizaci\u00f3n meticulosa para fines de SEO, lo que abarca varias opciones que sirven para mejorar las clasificaciones de motores de b\u00fasqueda de su sitio web. Independientemente de si aspira a embarcarse en un nuevo sitio web aventura o dar nueva vida a uno existente, este tema extraordinario le brinda un recurso invaluable que sin duda lo impulsar\u00e1 hacia el logro de sus objetivos.<\/p>\n<ul>\n<li>Dise\u00f1o elegante y profesional con un enfoque en servicios de consultor\u00eda y contabilidad financieras<\/li>\n<li>Opciones de dise\u00f1o y color totalmente personalizables para que coincidan con la identidad de la marca<\/li>\n<li>Funcionalidad de programaci\u00f3n de citas incorporada para reuniones f\u00e1ciles de clientes<\/li>\n<li>Integraci\u00f3n con software popular de contabilidad y financiaci\u00f3n como QuickBooks y Xero<\/li>\n<li>El dise\u00f1o receptivo garantiza una visualizaci\u00f3n \u00f3ptima en todos los dispositivos<\/li>\n<li>C\u00f3digo limpio y tiempos de carga r\u00e1pidos para un rendimiento \u00f3ptimo de SEO<\/li>\n<li>Incluye p\u00e1ginas preconstruidas para servicios ofrecidos, BIO del equipo y testimonios de clientes<\/li>\n<li>Instalaci\u00f3n de demostraci\u00f3n de un solo clic para comenzar r\u00e1pidamente<\/li>\n<li>Acceso a documentaci\u00f3n detallada y atenci\u00f3n al cliente de primer nivel para la resoluci\u00f3n de problemas y las necesidades de personalizaci\u00f3n<\/li>\n<\/ul>\n","protected":false},"excerpt":{"rendered":"<p>El tema de WordPress de Contabilidad Finance Consulting, conocido por su plantilla de sitio web elegante y profesional, ha sido meticulosamente elaborado para atender espec\u00edficamente a las empresas de consultor\u00eda financiera y contable. Con una gran cantidad de caracter\u00edsticas personalizables y un dise\u00f1o contempor\u00e1neo, este tema sirve como una plataforma ideal para exhibir de manera efectiva los innumerables servicios de su empresa, los estimados miembros del equipo y la impresionante cartera. Adem\u00e1s, este tema incorpora un dise\u00f1o receptivo, que garantiza una experiencia de usuario perfecta en una variedad de dispositivos. Adem\u00e1s, su interfaz f\u00e1cil de usar simplifica enormemente los procesos de configuraci\u00f3n y mantenimiento. Independientemente de si usted es una nueva empresa floreciente o un negocio bien establecido, este tema sin duda lo ayudar\u00e1 a fortalecer su presencia en l\u00ednea y magnetizar un flujo constante de clientes.<\/p>\n","protected":false},"featured_media":166106,"comment_status":"open","ping_status":"open","template":"","meta":[],"product_brand":[2337],"product_cat":[1307,1237,1238],"product_tag":[1391],"class_list":{"0":"post-112519","1":"product","2":"type-product","3":"status-publish","4":"has-post-thumbnail","6":"product_brand-themeforest","7":"product_cat-negocio-wordpress-temas","8":"product_cat-temas","9":"product_cat-wordpress-temas","10":"product_tag-themeforest","11":"member-discount","12":"discount-restricted","14":"first","15":"instock","16":"sale","17":"downloadable","18":"virtual","19":"sold-individually","20":"purchasable","21":"product-type-simple"},"_links":{"self":[{"href":"https:\/\/gpl-love.com\/es\/wp-json\/wp\/v2\/product\/112519","targetHints":{"allow":["GET"]}}],"collection":[{"href":"https:\/\/gpl-love.com\/es\/wp-json\/wp\/v2\/product"}],"about":[{"href":"https:\/\/gpl-love.com\/es\/wp-json\/wp\/v2\/types\/product"}],"replies":[{"embeddable":true,"href":"https:\/\/gpl-love.com\/es\/wp-json\/wp\/v2\/comments?post=112519"}],"wp:featuredmedia":[{"embeddable":true,"href":"https:\/\/gpl-love.com\/es\/wp-json\/wp\/v2\/media\/166106"}],"wp:attachment":[{"href":"https:\/\/gpl-love.com\/es\/wp-json\/wp\/v2\/media?parent=112519"}],"wp:term":[{"taxonomy":"product_brand","embeddable":true,"href":"https:\/\/gpl-love.com\/es\/wp-json\/wp\/v2\/product_brand?post=112519"},{"taxonomy":"product_cat","embeddable":true,"href":"https:\/\/gpl-love.com\/es\/wp-json\/wp\/v2\/product_cat?post=112519"},{"taxonomy":"product_tag","embeddable":true,"href":"https:\/\/gpl-love.com\/es\/wp-json\/wp\/v2\/product_tag?post=112519"}],"curies":[{"name":"wp","href":"https:\/\/api.w.org\/{rel}","templated":true}]}}