{"id":112517,"date":"2022-01-25T00:00:00","date_gmt":"2022-01-25T05:00:00","guid":{"rendered":"http:\/\/gpl-love.com\/es\/producto\/june-woocommerce-tema\/"},"modified":"2026-03-13T17:23:01","modified_gmt":"2026-03-13T22:23:01","slug":"june-woocommerce-tema","status":"publish","type":"product","link":"https:\/\/gpl-love.com\/es\/producto\/june-woocommerce-tema\/","title":{"rendered":"June WooCommerce Theme 2.3"},"content":{"rendered":"<h3>June WooCommerce Theme Caracteristicas<\/h3>\n<p>El tema de junio de WooCommerce se presenta como la soluci\u00f3n definitiva para las personas que buscan un sitio web de comercio electr\u00f3nico que sea vers\u00e1til y moderno. Este tema en particular cuenta con un dise\u00f1o que no solo es limpio, sino tambi\u00e9n de naturaleza minimalista, lo que lo convierte en la plataforma ideal para exhibir los diversos productos que ofrece. Adem\u00e1s, este tema es totalmente receptivo y personalizable, lo que le brinda la oportunidad de adaptar su sitio web para alinearse perfectamente con la est\u00e9tica distinta de su marca. Al aprovechar el poder de sus caracter\u00edsticas y herramientas robustas, puede establecer sin esfuerzo una tienda en l\u00ednea que no solo sea f\u00e1cil de navegar, sino tambi\u00e9n f\u00e1cil de usar. Adem\u00e1s, el tema de junio de WooCommerce ofrece una multitud de dise\u00f1os y plantillas preconstruidas, simplificando el proceso de configuraci\u00f3n inicial para su sitio web. Independientemente de si usted es propietario de una peque\u00f1a empresa o una gran corporaci\u00f3n, el tema de junio de WooCommerce es la opci\u00f3n \u00f3ptima para construir una exitosa tienda de comercio electr\u00f3nico.<\/p>\n<ul>\n<li>Un tema premium de WordPress dise\u00f1ado espec\u00edficamente para usar con la plataforma WooCommerce<\/li>\n<li>Presenta un dise\u00f1o limpio y moderno que exhibir\u00e1 sus productos con la mejor luz posible<\/li>\n<li>Altamente personalizable, con una variedad de opciones de color y dise\u00f1o disponibles para satisfacer las necesidades espec\u00edficas de su marca.<\/li>\n<li>Construido para el rendimiento, con tiempos de carga r\u00e1pidos y c\u00f3digo optimizado para ayudar a mejorar las clasificaciones de los motores de b\u00fasqueda de su sitio<\/li>\n<li>Incluye una serie de potentes caracter\u00edsticas de comercio electr\u00f3nico, que incluyen galer\u00edas de productos, opciones de QuickView y m\u00faltiples opciones de pago para ayudar a aumentar las conversiones<\/li>\n<li>Totalmente receptivo, lo que significa que su sitio se ver\u00e1 muy bien en cualquier dispositivo<\/li>\n<li>Incluye una serie de widgets y c\u00f3digos cortos personalizados para ayudarlo a agregar funcionalidad adicional a su sitio.<\/li>\n<li>Viene con documentaci\u00f3n y soporte para ayudarlo a poner en marcha su sitio y en funcionamiento de manera r\u00e1pida y f\u00e1cil.<\/li>\n<\/ul>\n","protected":false},"excerpt":{"rendered":"<p>El tema de junio de WooCommerce, un tema de comercio electr\u00f3nico contempor\u00e1neo y altamente personalizable, ha sido meticulosamente elaborado para permitirle establecer una tienda en l\u00ednea que resalte h\u00e1bilmente el encanto de su mercanc\u00eda. Ofreciendo una variedad de potentes opciones de personalizaci\u00f3n, este tema le permite adaptar la est\u00e9tica visual y el ambiente general de su tienda para armonizar con su marca \u00fanica y estilo individual. Con su constructor de p\u00e1ginas de arrastrar y soltar f\u00e1cilmente de uso de usuarios, incluso aquellos sin ninguna experiencia en codificaci\u00f3n pueden moda sin esfuerzo p\u00e1ginas y dise\u00f1os visualmente llamativos. Adem\u00e1s, una variedad diversa de plantillas y widgets predise\u00f1ados est\u00e1 a su disposici\u00f3n, simplificando efectivamente el arduo proceso de configurar su tienda en l\u00ednea, conservando as\u00ed un tiempo y energ\u00eda preciosos. Ya sea que se especialice en productos tangibles o digitales, tenga la seguridad de que el tema de WooCommerce de junio le proporcionar\u00e1 una soluci\u00f3n sofisticada y pr\u00e1ctica para exhibir con \u00e9xito sus ofertas y expandir su empresa.<\/p>\n","protected":false},"featured_media":166531,"comment_status":"open","ping_status":"open","template":"","meta":[],"product_brand":[2337],"product_cat":[1263,1469,1237],"product_tag":[1391],"class_list":{"0":"post-112517","1":"product","2":"type-product","3":"status-publish","4":"has-post-thumbnail","6":"product_brand-themeforest","7":"product_cat-comercio-electronico-temas","8":"product_cat-creativo-comercio-electronico-temas","9":"product_cat-temas","10":"product_tag-themeforest","11":"member-discount","12":"discount-restricted","14":"first","15":"instock","16":"sale","17":"downloadable","18":"virtual","19":"sold-individually","20":"purchasable","21":"product-type-simple"},"_links":{"self":[{"href":"https:\/\/gpl-love.com\/es\/wp-json\/wp\/v2\/product\/112517","targetHints":{"allow":["GET"]}}],"collection":[{"href":"https:\/\/gpl-love.com\/es\/wp-json\/wp\/v2\/product"}],"about":[{"href":"https:\/\/gpl-love.com\/es\/wp-json\/wp\/v2\/types\/product"}],"replies":[{"embeddable":true,"href":"https:\/\/gpl-love.com\/es\/wp-json\/wp\/v2\/comments?post=112517"}],"wp:featuredmedia":[{"embeddable":true,"href":"https:\/\/gpl-love.com\/es\/wp-json\/wp\/v2\/media\/166531"}],"wp:attachment":[{"href":"https:\/\/gpl-love.com\/es\/wp-json\/wp\/v2\/media?parent=112517"}],"wp:term":[{"taxonomy":"product_brand","embeddable":true,"href":"https:\/\/gpl-love.com\/es\/wp-json\/wp\/v2\/product_brand?post=112517"},{"taxonomy":"product_cat","embeddable":true,"href":"https:\/\/gpl-love.com\/es\/wp-json\/wp\/v2\/product_cat?post=112517"},{"taxonomy":"product_tag","embeddable":true,"href":"https:\/\/gpl-love.com\/es\/wp-json\/wp\/v2\/product_tag?post=112517"}],"curies":[{"name":"wp","href":"https:\/\/api.w.org\/{rel}","templated":true}]}}