{"id":112515,"date":"2025-09-01T00:00:00","date_gmt":"2025-09-01T05:00:00","guid":{"rendered":"http:\/\/gpl-love.com\/es\/producto\/thype-personal-blog-wordpress\/"},"modified":"2026-03-13T17:31:44","modified_gmt":"2026-03-13T22:31:44","slug":"thype-personal-blog-wordpress","status":"publish","type":"product","link":"https:\/\/gpl-love.com\/es\/producto\/thype-personal-blog-wordpress\/","title":{"rendered":"Thype Personal Blog WordPress 2.0"},"content":{"rendered":"<h3>Thype Personal Blog WordPress Caracteristicas<\/h3>\n<p>Thype Personal Blog WordPress es una plataforma que lo abarca todo y es f\u00e1cil, lo que permite a los usuarios generar y personalizar sin esfuerzo sus propios blogs personales. Equipados con una interfaz de usuario instintiva, las personas pueden publicar sin problemas sus publicaciones de blog, difundir sus contemplaciones y nociones e interactuar activamente con su audiencia cautiva. Esta plataforma abarca una gran cantidad de plantillas y dise\u00f1os configurables, lo que brinda a los usuarios la capacidad de elaborar un blog \u00fanico en su tipo y est\u00e9ticamente cautivador. Adem\u00e1s, Thype Personal Blog WordPress est\u00e1 meticulosamente optimizado para los motores de b\u00fasqueda, lo que garantiza que el contenido de los usuarios se puede descubrir f\u00e1cilmente y sin esfuerzo por su p\u00fablico objetivo previsto. Para mejorar a\u00fan m\u00e1s sus ofertas, esta plataforma abarca un conjunto integral de caracter\u00edsticas s\u00f3lidas, incluida la integraci\u00f3n de las redes sociales, el an\u00e1lisis y los complementos, equipando ampliamente a los usuarios con todas las herramientas necesarias para fomentar la creaci\u00f3n de un blog exitoso y cautivador.<\/p>\n<ul>\n<li>Crea un blog hermoso y profesional con facilidad<\/li>\n<li>Elija entre una variedad de temas personalizables para adaptarse a su estilo y marca<\/li>\n<li>Agregar y administrar f\u00e1cilmente publicaciones de blog, p\u00e1ginas y contenido multimedia<\/li>\n<li>Con\u00e9ctese con los lectores a trav\u00e9s de comentarios e integraci\u00f3n de redes sociales<\/li>\n<li>Disfrute del dise\u00f1o receptivo para una visualizaci\u00f3n \u00f3ptima en cualquier dispositivo<\/li>\n<li>Acceda a una s\u00f3lida biblioteca de complementos para una funcionalidad adicional y opciones de personalizaci\u00f3n<\/li>\n<li>Utilice herramientas de SEO incorporadas para mejorar la clasificaci\u00f3n del motor de b\u00fasqueda de su sitio web<\/li>\n<li>Beneficiarse de las actualizaciones en curso y el apoyo de la comunidad de WordPress<\/li>\n<li>Integraci\u00f3n f\u00e1cil con otros productos de WordPress como WooCommerce y Jetpack.<\/li>\n<\/ul>\n","protected":false},"excerpt":{"rendered":"<p>El blog personal de Thype WordPress es un tema de WordPress incre\u00edblemente f\u00e1cil de usar y altamente receptivo que ha sido meticulosamente dise\u00f1ado para satisfacer las necesidades y deseos de los bloggers que anhelan expresar sus pensamientos e ideas de una manera excepcionalmente creativa y sorprendente. Este tema extraordinario ofrece una variedad de opciones de dise\u00f1o que son incre\u00edblemente diversas, proporcionando a los bloggers la libertad y la flexibilidad para personalizar la apariencia y la funcionalidad de su blog de una manera sin precedentes, todo sin la necesidad de ning\u00fan conocimiento de la codificaci\u00f3n. Adem\u00e1s, lo que realmente distingue a Thype de sus competidores es su inclusi\u00f3n de complementos premium, como Visual Composer y Slider Revolution, que se han integrado cuidadosamente en el tema para facilitar la creaci\u00f3n perfecta de contenido impresionante. Independientemente de si eres un novato en la esfera de blogs o un experto experimentado, Thype Personal Blog WordPress es inequ\u00edvocamente la opci\u00f3n ideal para cualquier persona que desee un blog que cuenta con una est\u00e9tica innegablemente moderna y elegante.<\/p>\n","protected":false},"featured_media":167824,"comment_status":"open","ping_status":"open","template":"","meta":[],"product_brand":[2337],"product_cat":[1245,1237,1238],"product_tag":[1391],"class_list":{"0":"post-112515","1":"product","2":"type-product","3":"status-publish","4":"has-post-thumbnail","6":"product_brand-themeforest","7":"product_cat-blog-revista","8":"product_cat-temas","9":"product_cat-wordpress-temas","10":"product_tag-themeforest","11":"member-discount","12":"discount-restricted","14":"first","15":"instock","16":"sale","17":"downloadable","18":"virtual","19":"sold-individually","20":"purchasable","21":"product-type-simple"},"_links":{"self":[{"href":"https:\/\/gpl-love.com\/es\/wp-json\/wp\/v2\/product\/112515","targetHints":{"allow":["GET"]}}],"collection":[{"href":"https:\/\/gpl-love.com\/es\/wp-json\/wp\/v2\/product"}],"about":[{"href":"https:\/\/gpl-love.com\/es\/wp-json\/wp\/v2\/types\/product"}],"replies":[{"embeddable":true,"href":"https:\/\/gpl-love.com\/es\/wp-json\/wp\/v2\/comments?post=112515"}],"wp:featuredmedia":[{"embeddable":true,"href":"https:\/\/gpl-love.com\/es\/wp-json\/wp\/v2\/media\/167824"}],"wp:attachment":[{"href":"https:\/\/gpl-love.com\/es\/wp-json\/wp\/v2\/media?parent=112515"}],"wp:term":[{"taxonomy":"product_brand","embeddable":true,"href":"https:\/\/gpl-love.com\/es\/wp-json\/wp\/v2\/product_brand?post=112515"},{"taxonomy":"product_cat","embeddable":true,"href":"https:\/\/gpl-love.com\/es\/wp-json\/wp\/v2\/product_cat?post=112515"},{"taxonomy":"product_tag","embeddable":true,"href":"https:\/\/gpl-love.com\/es\/wp-json\/wp\/v2\/product_tag?post=112515"}],"curies":[{"name":"wp","href":"https:\/\/api.w.org\/{rel}","templated":true}]}}