{"id":112510,"date":"2021-04-14T00:00:00","date_gmt":"2021-04-14T05:00:00","guid":{"rendered":"http:\/\/gpl-love.com\/es\/?post_type=product&#038;p=112510"},"modified":"2026-04-10T11:25:27","modified_gmt":"2026-04-10T16:25:27","slug":"soundrise-artists-producers-y-record-labels-wordpress-tema","status":"publish","type":"product","link":"https:\/\/gpl-love.com\/es\/producto\/soundrise-artists-producers-y-record-labels-wordpress-tema\/","title":{"rendered":"SoundRise Artists Producers y Record Labels WordPress Theme 1.5.7"},"content":{"rendered":"<h3>SoundRise Artists Producers y Record Labels WordPress Theme Caracteristicas<\/h3>\n<p>El tema de WordPress de los productores de SoundRise Artists y los sellos discogr\u00e1ficos es un tema incre\u00edblemente vers\u00e1til y repleto que ha sido dise\u00f1ado espec\u00edficamente para profesionales en la industria de la m\u00fasica. Cuenta con un dise\u00f1o elegante y contempor\u00e1neo que es totalmente receptivo y personalizable, lo que hace que sea muy f\u00e1cil dise\u00f1ar un sitio web que sea \u00fanico y profesional. Con una variedad de herramientas y caracter\u00edsticas robustas a su disposici\u00f3n, incluida la integraci\u00f3n de los reproductores musicales sin interrupciones, la gesti\u00f3n eficiente de eventos, la discograf\u00eda integral y la gesti\u00f3n de \u00e1lbumes, as\u00ed como la integraci\u00f3n de las redes sociales sin interrupciones, Soundrise es sin duda la soluci\u00f3n definitiva para m\u00fasicos, productores, sellos discogr\u00e1ficos, y cualquier individuo con el objetivo de establecer una presencia en l\u00ednea formidable dentro de los \u00e1mbitos de la industria de la m\u00fasica. Independientemente de si sus intenciones giran en torno a la mercanc\u00eda de venta, exhibiendo sus esfuerzos art\u00edsticos o forjando conexiones con su base de fan\u00e1ticos, SoundRise proporciona un paquete que abarca todo lo que atiende a cada requisito que pueda tener para prosperar dentro de una industria que es notablemente competitiva. .<\/p>\n<ul>\n<li>Tema de WordPress totalmente personalizable dise\u00f1ado espec\u00edficamente para artistas, productores y sellos discogr\u00e1ficos en la industria de la m\u00fasica.<\/li>\n<li>Viene con una variedad de p\u00e1ginas y plantillas previas a la construcci\u00f3n, incluyendo BIOS de artistas, discograf\u00edas, fechas de gira y lanzamientos musicales.<\/li>\n<li>Cuenta con un constructor de p\u00e1ginas de arrastrar y soltar intuitivo que facilita la creaci\u00f3n y personalizaci\u00f3n de dise\u00f1os sin ning\u00fan conocimiento de codificaci\u00f3n requerido.<\/li>\n<li>Incluye un poderoso panel de opciones de temas que proporciona un control completo sobre el aspecto y la funcionalidad del sitio, incluidas las opciones de fuentes, los esquemas de color y las opciones de dise\u00f1o.<\/li>\n<li>Soporte incorporado para complementos populares relacionados con la m\u00fasica como WooCommerce, SoundCloud y Spotify, proporcionando una integraci\u00f3n perfecta con estos servicios.<\/li>\n<li>El dise\u00f1o que responde a dispositivos m\u00f3viles asegura que el sitio se vea genial en todos los dispositivos, desde tel\u00e9fonos inteligentes hasta escritorios.<\/li>\n<li>Soporte r\u00e1pido y confiable de los desarrolladores, con actualizaciones regulares y correcciones de errores para garantizar que el tema se mantenga actualizado con las \u00faltimas tendencias de WordPress y est\u00e1ndares de seguridad.<\/li>\n<li>La documentaci\u00f3n integral y los tutoriales en video facilitan incluso a los usuarios de WordPress novatos comenzar con el tema de manera r\u00e1pida y f\u00e1cil.<\/li>\n<li>Optimizado para el rendimiento de SEO, con c\u00f3digo limpio y liviano y marcado de esquema incorporado para ayudar a su sitio a clasificarse bien en los motores de b\u00fasqueda.<\/li>\n<\/ul>\n","protected":false},"excerpt":{"rendered":"<p>Si est\u00e1 en busca de un tema de WordPress est\u00e9ticamente agradable y dise\u00f1ado por expertos dise\u00f1ado espec\u00edficamente para artistas, productores y sellos discogr\u00e1ficos, entonces su b\u00fasqueda termina aqu\u00ed con SoundRise. Su dise\u00f1o elegante y contempor\u00e1neo lo convierte en una opci\u00f3n ideal para mostrar de manera efectiva su m\u00fasica, mercanc\u00edas y pr\u00f3ximos eventos. Adem\u00e1s, cuenta con una variedad de caracter\u00edsticas impresionantes, como un reproductor de audio integrado, la capacidad de personalizar p\u00e1ginas e integraci\u00f3n perfecta con varias plataformas de redes sociales. Con SoundRise, realmente puede mejorar su presencia en l\u00ednea y establecer una s\u00f3lida huella digital.<\/p>\n","protected":false},"featured_media":167546,"comment_status":"open","ping_status":"open","template":"","meta":[],"product_brand":[2337],"product_cat":[1267,1237,1238],"product_tag":[1391],"class_list":{"0":"post-112510","1":"product","2":"type-product","3":"status-publish","4":"has-post-thumbnail","6":"product_brand-themeforest","7":"product_cat-creativo","8":"product_cat-temas","9":"product_cat-wordpress-temas","10":"product_tag-themeforest","11":"member-discount","12":"discount-restricted","14":"first","15":"instock","16":"sale","17":"downloadable","18":"virtual","19":"sold-individually","20":"purchasable","21":"product-type-simple"},"_links":{"self":[{"href":"https:\/\/gpl-love.com\/es\/wp-json\/wp\/v2\/product\/112510","targetHints":{"allow":["GET"]}}],"collection":[{"href":"https:\/\/gpl-love.com\/es\/wp-json\/wp\/v2\/product"}],"about":[{"href":"https:\/\/gpl-love.com\/es\/wp-json\/wp\/v2\/types\/product"}],"replies":[{"embeddable":true,"href":"https:\/\/gpl-love.com\/es\/wp-json\/wp\/v2\/comments?post=112510"}],"wp:featuredmedia":[{"embeddable":true,"href":"https:\/\/gpl-love.com\/es\/wp-json\/wp\/v2\/media\/167546"}],"wp:attachment":[{"href":"https:\/\/gpl-love.com\/es\/wp-json\/wp\/v2\/media?parent=112510"}],"wp:term":[{"taxonomy":"product_brand","embeddable":true,"href":"https:\/\/gpl-love.com\/es\/wp-json\/wp\/v2\/product_brand?post=112510"},{"taxonomy":"product_cat","embeddable":true,"href":"https:\/\/gpl-love.com\/es\/wp-json\/wp\/v2\/product_cat?post=112510"},{"taxonomy":"product_tag","embeddable":true,"href":"https:\/\/gpl-love.com\/es\/wp-json\/wp\/v2\/product_tag?post=112510"}],"curies":[{"name":"wp","href":"https:\/\/api.w.org\/{rel}","templated":true}]}}