{"id":112506,"date":"2021-08-09T00:00:00","date_gmt":"2021-08-09T05:00:00","guid":{"rendered":"http:\/\/gpl-love.com\/es\/?post_type=product&#038;p=112506"},"modified":"2026-04-10T11:19:52","modified_gmt":"2026-04-10T16:19:52","slug":"norebro-creative-multipurpose-wordpress-tema","status":"publish","type":"product","link":"https:\/\/gpl-love.com\/es\/producto\/norebro-creative-multipurpose-wordpress-tema\/","title":{"rendered":"Norebro Creative Multipurpose WordPress Theme 1.5.4"},"content":{"rendered":"<h3>Norebro Creative Multipurpose WordPress Theme Caracteristicas<\/h3>\n<p>El tema de WordPress multiprop\u00f3sito creativo de Norebro es un tema incre\u00edblemente vers\u00e1til y absolutamente impresionante que ha sido dise\u00f1ado ingeniosamente para satisfacer las necesidades de las empresas, creativos e incluso las personas que buscan establecer un profesional verdaderamente hermoso, indiscutible y excepcionalmente funcional. sitio web. Este tema excepcional cuenta con una impresionante variedad de plantillas predise\u00f1adas y una amplia gama de opciones de personalizaci\u00f3n, facilitando as\u00ed la creaci\u00f3n de un sitio web verdaderamente distintivo y visualmente cautivador. Adem\u00e1s, este tema est\u00e1 repleto de una gran cantidad de caracter\u00edsticas avanzadas, como un constructor de p\u00e1ginas de arrastrar y soltar notablemente f\u00e1cil de usar, una variedad de deliciosos widgets personalizados y un panel de administraci\u00f3n incre\u00edblemente potente que le otorga un control inigualable sobre todas las facetas de su sitio web. . Adem\u00e1s, es crucial resaltar que este tema se ha creado meticulosamente para que sea completamente receptivo y meticulosamente optimizado para SEO, lo que garantiza que su sitio web no solo parezca visualmente impresionante, sino que tambi\u00e9n alcanza una clasificaci\u00f3n eminente en los motores de b\u00fasqueda m\u00e1s populares. En consecuencia, ya sea que su objetivo es establecer un blog atractivo, una cartera impresionante de inspiraci\u00f3n, una tienda en l\u00ednea atractiva o incluso un sitio web corporativo pulido, el tema de WordPress multipuros creativo de Norebro se erige indudablemente como la elecci\u00f3n por excelencia que indudablemente lo impulsar\u00e1 hacia la realizaci\u00f3n de la realizaci\u00f3n de todos sus objetivos y aspiraci\u00f3n.<\/p>\n<ul>\n<li>Tema de WordPress altamente vers\u00e1til y personalizable<\/li>\n<li>Dise\u00f1ado con creatividades en mente para el m\u00e1ximo impacto<\/li>\n<li>Cuenta con m\u00faltiples dise\u00f1os de p\u00e1gina de inicio y plantillas de p\u00e1gina<\/li>\n<li>Incluye m\u00e1s de 30 dise\u00f1os de demostraci\u00f3n personalizables para impulsar su sitio web<\/li>\n<li>Integraci\u00f3n incorporada con complementos populares como WPBakery, Contact Form 7 y WooCommerce<\/li>\n<li>Admite m\u00faltiples esquemas de fuente y color para la personalizaci\u00f3n definitiva<\/li>\n<li>Optimizado para tiempos de carga r\u00e1pidos y capacidad de respuesta m\u00f3vil<\/li>\n<li>Incluye una documentaci\u00f3n integral y un equipo de apoyo dedicado para asistencia<\/li>\n<\/ul>\n","protected":false},"excerpt":{"rendered":"<p>Norebro es un tema de WordPress multiprop\u00f3sito creativo incre\u00edblemente vers\u00e1til y abarrotable que ha sido meticulosamente dise\u00f1ado para satisfacer las diversas necesidades de blogueros, profesionales creativos y negocios, al ofrecer una gran cantidad de caracter\u00edsticas y funcionalidades. Gracias a su notable e intuitivo e intuitivo e intuitivo generador de p\u00e1ginas de arrastrar y soltar, una extensa colecci\u00f3n de plantillas preconstruidas y una abundancia de opciones de personalizaci\u00f3n, tiene el poder de crear sitios web visualmente llamativos que seguramente cautivan y se diferencian de la competencia. Independientemente de si aspira a lanzar una cartera en l\u00ednea cautivadora, establecer una presencia en l\u00ednea s\u00f3lida para su empresa comercial o exhibir con orgullo sus creaciones imaginativas y art\u00edsticas, Norebro se erige con orgullo como la soluci\u00f3n definitiva que satisfar\u00e1 sus requisitos \u00fanicos. Adem\u00e1s, con una integraci\u00f3n perfecta con los complementos de WordPress m\u00e1s populares, Norebro garantiza que su sitio web sea totalmente receptivo y optimizado diligentemente para los motores de b\u00fasqueda, lo que garantiza un atractivo visual excepcional y un rendimiento \u00f3ptimo en todos los dispositivos.<\/p>\n","protected":false},"featured_media":167063,"comment_status":"open","ping_status":"open","template":"","meta":[],"product_brand":[2337],"product_cat":[1239,1237,1238],"product_tag":[1391],"class_list":{"0":"post-112506","1":"product","2":"type-product","3":"status-publish","4":"has-post-thumbnail","6":"product_brand-themeforest","7":"product_cat-de-multiples-fines","8":"product_cat-temas","9":"product_cat-wordpress-temas","10":"product_tag-themeforest","11":"member-discount","12":"discount-restricted","14":"first","15":"instock","16":"sale","17":"downloadable","18":"virtual","19":"sold-individually","20":"purchasable","21":"product-type-simple"},"_links":{"self":[{"href":"https:\/\/gpl-love.com\/es\/wp-json\/wp\/v2\/product\/112506","targetHints":{"allow":["GET"]}}],"collection":[{"href":"https:\/\/gpl-love.com\/es\/wp-json\/wp\/v2\/product"}],"about":[{"href":"https:\/\/gpl-love.com\/es\/wp-json\/wp\/v2\/types\/product"}],"replies":[{"embeddable":true,"href":"https:\/\/gpl-love.com\/es\/wp-json\/wp\/v2\/comments?post=112506"}],"wp:featuredmedia":[{"embeddable":true,"href":"https:\/\/gpl-love.com\/es\/wp-json\/wp\/v2\/media\/167063"}],"wp:attachment":[{"href":"https:\/\/gpl-love.com\/es\/wp-json\/wp\/v2\/media?parent=112506"}],"wp:term":[{"taxonomy":"product_brand","embeddable":true,"href":"https:\/\/gpl-love.com\/es\/wp-json\/wp\/v2\/product_brand?post=112506"},{"taxonomy":"product_cat","embeddable":true,"href":"https:\/\/gpl-love.com\/es\/wp-json\/wp\/v2\/product_cat?post=112506"},{"taxonomy":"product_tag","embeddable":true,"href":"https:\/\/gpl-love.com\/es\/wp-json\/wp\/v2\/product_tag?post=112506"}],"curies":[{"name":"wp","href":"https:\/\/api.w.org\/{rel}","templated":true}]}}