{"id":112504,"date":"2025-07-01T00:00:00","date_gmt":"2025-07-01T05:00:00","guid":{"rendered":"http:\/\/gpl-love.com\/es\/?post_type=product&#038;p=112504"},"modified":"2026-04-10T11:20:18","modified_gmt":"2026-04-10T16:20:18","slug":"once-clean-y-elegant-wordpress-blog-tema","status":"publish","type":"product","link":"https:\/\/gpl-love.com\/es\/producto\/once-clean-y-elegant-wordpress-blog-tema\/","title":{"rendered":"Once Clean y Elegant WordPress Blog Theme 1.3.0"},"content":{"rendered":"<h3>Once Clean y Elegant WordPress Blog Theme Caracteristicas<\/h3>\n<p>Una vez es un tema de blog de WordPress exquisitamente dise\u00f1ado e impecablemente pulido que ofrece una est\u00e9tica contempor\u00e1nea y discreta, lo que lo convierte en una opci\u00f3n ideal para los bloggers que anhelan mostrar su contenido de una manera directa y sofisticada. El tema cuenta con un dise\u00f1o notablemente adaptable que se ajusta perfectamente a varios tama\u00f1os de pantalla, lo que garantiza que su estimado blog brille en todos los dispositivos sin compromiso. Adem\u00e1s, armado con una mir\u00edada de opciones de personalizaci\u00f3n, incluida una gran cantidad de opciones de dise\u00f1o y una extensa variedad de esquemas de color, puede adaptar sin esfuerzo una vez para alinearse perfectamente con su visi\u00f3n distintiva e inclinaciones art\u00edsticas. Tambi\u00e9n vale la pena se\u00f1alar que este tema extraordinario ha sido meticulosamente ajustado para ser optimizado del motor de b\u00fasqueda, asegurando as\u00ed que su preciado contenido se otorgue la m\u00e1xima exposici\u00f3n a una audiencia considerablemente m\u00e1s amplia. Colectivamente, estos atributos impresionantes funcionan en t\u00e1ndem armonioso, que culminan en emerger como una selecci\u00f3n incomparable para los bloggers que buscan un sitio web elegante y de moda sin esfuerzo que posiciona inequ\u00edvocamente su contenido excepcional como el punto focal inequ\u00edvoco.<\/p>\n<ul>\n<li>Dise\u00f1o hermoso y profesional que es perfecto para bloggers<\/li>\n<li>Dise\u00f1o totalmente receptivo que se ve muy bien en cualquier dispositivo<\/li>\n<li>Dise\u00f1o limpio y minimalista que se centra en el contenido del blog<\/li>\n<li>F\u00e1cil de personalizar con una variedad de opciones para colores, fuentes y dise\u00f1os.<\/li>\n<li>Incluye varios widgets personalizados que incluyen un widget de publicaci\u00f3n destacado e \u00edconos de redes sociales<\/li>\n<li>F\u00e1cil de configurar con un importador de demostraci\u00f3n de un solo clic que hace que su blog funcione r\u00e1pidamente<\/li>\n<li>Optimizado para tiempos de carga de p\u00e1gina r\u00e1pidos para garantizar una excelente experiencia de usuario<\/li>\n<li>Viene con actualizaciones regulares y excelente atenci\u00f3n al cliente para garantizar que siempre tenga acceso a las \u00faltimas funciones y soluciones.<\/li>\n<li>SEO optimizado con una base de c\u00f3digo limpia que lo ayudar\u00e1 a clasificar m\u00e1s alto en los resultados del motor de b\u00fasqueda<\/li>\n<li>Incluye una variedad de formatos de publicaci\u00f3n, que incluyen video, audio y galer\u00eda, para que su blog sea m\u00e1s atractivo y din\u00e1mico.<\/li>\n<\/ul>\n","protected":false},"excerpt":{"rendered":"<p>Presentamos el exquisito y cautivador tema de blog de WordPress de entrada, una plataforma notable que acent\u00faa sin esfuerzo su contenido convincente de una manera refinada y ordenada. Este tema excepcional cuenta con un dise\u00f1o simplista y de buen gusto, meticulosamente elaborado para priorizar sus palabras elocuentes e im\u00e1genes cautivadoras, otorg\u00e1ndoles la prominencia que merecen. Adem\u00e1s, esta notable creaci\u00f3n ofrece personalizaci\u00f3n incomparable, lo que le permite infundir su esencia \u00fanica y personalizarla a la perfecci\u00f3n. Adem\u00e1s de su encanto, el tema posee una interfaz receptiva, ingeniosamente optimizada para garantizar una experiencia de lectura excepcional para su preciada audiencia, independientemente de si eligen disfrutar de su cautivador blog en su confiable escritorio o su conveniente dispositivo m\u00f3vil. No dudes, aprovecha la oportunidad y adquiere el tema del blog de WordPress de entrada fenomenal hoy, lo que te permite compartir con confianza tus cuentos fascinantes con la vasta extensi\u00f3n del mundo.<\/p>\n","protected":false},"featured_media":167099,"comment_status":"open","ping_status":"open","template":"","meta":[],"product_brand":[2337],"product_cat":[1245,1237,1238],"product_tag":[1391],"class_list":{"0":"post-112504","1":"product","2":"type-product","3":"status-publish","4":"has-post-thumbnail","6":"product_brand-themeforest","7":"product_cat-blog-revista","8":"product_cat-temas","9":"product_cat-wordpress-temas","10":"product_tag-themeforest","11":"member-discount","12":"discount-restricted","14":"first","15":"instock","16":"sale","17":"downloadable","18":"virtual","19":"sold-individually","20":"purchasable","21":"product-type-simple"},"_links":{"self":[{"href":"https:\/\/gpl-love.com\/es\/wp-json\/wp\/v2\/product\/112504","targetHints":{"allow":["GET"]}}],"collection":[{"href":"https:\/\/gpl-love.com\/es\/wp-json\/wp\/v2\/product"}],"about":[{"href":"https:\/\/gpl-love.com\/es\/wp-json\/wp\/v2\/types\/product"}],"replies":[{"embeddable":true,"href":"https:\/\/gpl-love.com\/es\/wp-json\/wp\/v2\/comments?post=112504"}],"wp:featuredmedia":[{"embeddable":true,"href":"https:\/\/gpl-love.com\/es\/wp-json\/wp\/v2\/media\/167099"}],"wp:attachment":[{"href":"https:\/\/gpl-love.com\/es\/wp-json\/wp\/v2\/media?parent=112504"}],"wp:term":[{"taxonomy":"product_brand","embeddable":true,"href":"https:\/\/gpl-love.com\/es\/wp-json\/wp\/v2\/product_brand?post=112504"},{"taxonomy":"product_cat","embeddable":true,"href":"https:\/\/gpl-love.com\/es\/wp-json\/wp\/v2\/product_cat?post=112504"},{"taxonomy":"product_tag","embeddable":true,"href":"https:\/\/gpl-love.com\/es\/wp-json\/wp\/v2\/product_tag?post=112504"}],"curies":[{"name":"wp","href":"https:\/\/api.w.org\/{rel}","templated":true}]}}