{"id":112502,"date":"2025-11-17T00:00:00","date_gmt":"2025-11-17T05:00:00","guid":{"rendered":"http:\/\/gpl-love.com\/es\/?post_type=product&#038;p=112502"},"modified":"2026-03-13T17:28:26","modified_gmt":"2026-03-13T22:28:26","slug":"riode-multi-purpose-woocommerce-tema","status":"publish","type":"product","link":"https:\/\/gpl-love.com\/es\/producto\/riode-multi-purpose-woocommerce-tema\/","title":{"rendered":"Riode Multi-Purpose WooCommerce Theme 1.6.26"},"content":{"rendered":"<h3>Riode Multi-Purpose WooCommerce Theme Caracteristicas<\/h3>\n<p>El tema de WooCommerce multiprop\u00f3sito Riode, un tema de comercio electr\u00f3nico altamente adaptable y formidable dise\u00f1ado espec\u00edficamente para sitios web de WordPress, presenta una gran cantidad de opciones personalizables y caracter\u00edsticas de vanguardia que le permiten dise\u00f1ar una tienda en l\u00ednea distintiva y cautivadora que supera la competencia. Con un dise\u00f1o pr\u00edstino y contempor\u00e1neo, as\u00ed como opciones de dise\u00f1o flexibles y una interfaz intuitiva, el tema de Riode optimiza el proceso de mostrar sus productos y crear una experiencia de compra perfecta para su estimada clientela. Independientemente de si se ocupa de bienes f\u00edsicos o mercanc\u00edas digitales, el tema de Riode atiende a sus necesidades con una impresionante variedad de funcionalidades robustas, incluidos filtros de productos, capacidades de vista r\u00e1pida y funcionalidad de la lista de deseos, todo dirigido a reforzar sus cifras de ventas y impulsar el crecimiento de su empresa. En consecuencia, si alberga un deseo de un tema de WooCommerce confiable y rico en funciones para su tienda en l\u00ednea, el tema de WooCommerce multiusos RIODE puede ser precisamente lo que busca.<\/p>\n<ul>\n<li>Dise\u00f1o totalmente receptivo y amigable con los dispositivos m\u00f3viles.<\/li>\n<li>Compatible con la \u00faltima versi\u00f3n de WooCommerce.<\/li>\n<li>Viene con m\u00e1s de 15 sitios web de demostraci\u00f3n preconstruidos para varios nichos.<\/li>\n<li>F\u00e1cil de usar con un creador de p\u00e1ginas de arrastrar y soltar.<\/li>\n<li>Se integra con complementos populares de WordPress como el formulario de contacto 7 y WPML.<\/li>\n<li>Soporte de mega men\u00fa incorporado para una f\u00e1cil navegaci\u00f3n.<\/li>\n<li>Opciones de dise\u00f1o flexibles con m\u00faltiples estilos de encabezado y pie de p\u00e1gina.<\/li>\n<li>Opciones de tipograf\u00eda avanzada con integraci\u00f3n de Google Fonts.<\/li>\n<li>Optimizado para SEO con marcado de esquema y tiempos de carga r\u00e1pidas.<\/li>\n<li>Documentaci\u00f3n extensa y equipo de apoyo dedicado.<\/li>\n<\/ul>\n","protected":false},"excerpt":{"rendered":"<p>El tema de WooCommerce multiprop\u00f3sito Riode, que es un tema altamente vers\u00e1til y personalizable, ha sido dise\u00f1ado exclusivamente para satisfacer las necesidades de las tiendas WooCommerce. Cuenta con una extensa gama de caracter\u00edsticas y opciones, que abarca varios dise\u00f1os de p\u00e1gina de inicio, estilos diversos de p\u00e1ginas de productos y capacidades de personalizaci\u00f3n f\u00e1cil de usar. Adem\u00e1s, este tema excepcional es completamente sensible y meticulosamente optimizado para mejorar el rendimiento, garantizando as\u00ed una experiencia de compra ininterrumpida y perfecta para sus estimados clientes en todos los dispositivos. Con sus caracter\u00edsticas robustas y su documentaci\u00f3n integral, el tema de WooCommerce multiprop\u00f3sito Riode indudablemente surge como la soluci\u00f3n definitiva para las tiendas en l\u00ednea que aspiran a ofrecer una experiencia de compra profesional e impecable.<\/p>\n","protected":false},"featured_media":167376,"comment_status":"open","ping_status":"open","template":"","meta":[],"product_brand":[2337],"product_cat":[1263,1397,1237],"product_tag":[1391],"class_list":{"0":"post-112502","1":"product","2":"type-product","3":"status-publish","4":"has-post-thumbnail","6":"product_brand-themeforest","7":"product_cat-comercio-electronico-temas","8":"product_cat-de-multiples-fines-comercio-electronico-temas","9":"product_cat-temas","10":"product_tag-themeforest","11":"member-discount","12":"discount-restricted","14":"first","15":"instock","16":"sale","17":"downloadable","18":"virtual","19":"sold-individually","20":"purchasable","21":"product-type-simple"},"_links":{"self":[{"href":"https:\/\/gpl-love.com\/es\/wp-json\/wp\/v2\/product\/112502","targetHints":{"allow":["GET"]}}],"collection":[{"href":"https:\/\/gpl-love.com\/es\/wp-json\/wp\/v2\/product"}],"about":[{"href":"https:\/\/gpl-love.com\/es\/wp-json\/wp\/v2\/types\/product"}],"replies":[{"embeddable":true,"href":"https:\/\/gpl-love.com\/es\/wp-json\/wp\/v2\/comments?post=112502"}],"wp:featuredmedia":[{"embeddable":true,"href":"https:\/\/gpl-love.com\/es\/wp-json\/wp\/v2\/media\/167376"}],"wp:attachment":[{"href":"https:\/\/gpl-love.com\/es\/wp-json\/wp\/v2\/media?parent=112502"}],"wp:term":[{"taxonomy":"product_brand","embeddable":true,"href":"https:\/\/gpl-love.com\/es\/wp-json\/wp\/v2\/product_brand?post=112502"},{"taxonomy":"product_cat","embeddable":true,"href":"https:\/\/gpl-love.com\/es\/wp-json\/wp\/v2\/product_cat?post=112502"},{"taxonomy":"product_tag","embeddable":true,"href":"https:\/\/gpl-love.com\/es\/wp-json\/wp\/v2\/product_tag?post=112502"}],"curies":[{"name":"wp","href":"https:\/\/api.w.org\/{rel}","templated":true}]}}