{"id":112500,"date":"2021-04-14T00:00:00","date_gmt":"2021-04-14T05:00:00","guid":{"rendered":"http:\/\/gpl-love.com\/es\/?post_type=product&#038;p=112500"},"modified":"2026-04-10T11:24:25","modified_gmt":"2026-04-10T16:24:25","slug":"seolounge-seo-agency-wordpress-tema","status":"publish","type":"product","link":"https:\/\/gpl-love.com\/es\/producto\/seolounge-seo-agency-wordpress-tema\/","title":{"rendered":"SEOLounge SEO Agency WordPress Theme 3.0.2"},"content":{"rendered":"<h3>SEOLounge SEO Agency WordPress Theme Caracteristicas<\/h3>\n<p>Seolounge, un tema de WordPress de la agencia de SEO, ha sido complejo para ayudar a las empresas a alcanzar sus objetivos en l\u00ednea. Con una variedad de caracter\u00edsticas, este tema no solo responde sino tambi\u00e9n es completamente personalizable, lo que le permite satisfacer los requisitos distintivos de una agencia de SEO. Se construye impecablemente en el cumplimiento de los \u00faltimos est\u00e1ndares de la industria, Seolounge adopta un enfoque contempor\u00e1neo para el dise\u00f1o de sitios web, poniendo un gran \u00e9nfasis en la experiencia del usuario y la funcionalidad. A trav\u00e9s de este tema, las empresas pueden exhibir sin esfuerzo sus servicios, cartera, precios y testimonios de clientes de manera innegablemente profesional y cautivadora. Adem\u00e1s, la incorporaci\u00f3n de las caracter\u00edsticas de optimizaci\u00f3n de SEO dentro del tema equipa a las empresas con los medios para mejorar la clasificaci\u00f3n del motor de b\u00fasqueda de su sitio web y posteriormente amplifica su visibilidad en l\u00ednea. Adem\u00e1s, Seolounge se acompa\u00f1a de una funci\u00f3n de importaci\u00f3n de demostraci\u00f3n con un solo clic, lo que hace que el proceso de comenzar el dise\u00f1o del sitio web sea un esfuerzo sin problemas y sin complicaciones. A fin de cuentas, Seolounge se destaca como un tema de WordPress confiable y de todo coraz\u00f3n recomendado para cualquier agencia de SEO que aspira a fabricar un sitio web atractivo que cautiva y persuade sin esfuerzo a sus visitantes.<\/p>\n<ul>\n<li>Tema de WordPress dise\u00f1ado profesionalmente espec\u00edficamente para agencias de SEO<\/li>\n<li>Opciones de dise\u00f1o y dise\u00f1o altamente personalizables<\/li>\n<li>Integrado con las populares herramientas y complementos de SEO para una f\u00e1cil optimizaci\u00f3n del sitio web<\/li>\n<li>Incluye p\u00e1ginas preconstruidas para servicios, cartera, miembros del equipo y m\u00e1s<\/li>\n<li>Dise\u00f1o de respuesta para dispositivos m\u00f3viles para una experiencia de usuario \u00f3ptima<\/li>\n<li>Optimizado para velocidades de carga r\u00e1pidas y clasificaciones de motores de b\u00fasqueda<\/li>\n<li>Importaci\u00f3n de demostraci\u00f3n de un solo clic para una configuraci\u00f3n r\u00e1pida y f\u00e1cil<\/li>\n<li>Incluye atenci\u00f3n al cliente y documentaci\u00f3n para asistencia con la configuraci\u00f3n y personalizaci\u00f3n del tema.<\/li>\n<li>Actualizaciones y mejoras regulares para mantenerse al d\u00eda con los est\u00e1ndares y tendencias de la industria<\/li>\n<li>Compatible con las \u00faltimas versiones de WordPress y navegadores populares<\/li>\n<\/ul>\n","protected":false},"excerpt":{"rendered":"<p>Seolounge, un tema de WordPress de primer nivel meticulosamente elaborado exclusivamente para las agencias de SEO, cuenta con un dise\u00f1o exquisito y contempor\u00e1neo junto con una gran cantidad de funcionalidades robustas, sirviendo as\u00ed como un catalizador para presentar su variedad de servicios de manera competente y cautivadora, por consecuencia, cautivando a clientes potenciales sin esfuerzo. Al abarcar una variedad de atributos notables, que comprenden una p\u00e1gina de inicio a medida, una secci\u00f3n de testimonios impresionantes, p\u00e1ginas de servicio dedicadas, un blog din\u00e1mico y varios otros elementos notables, Seolounge va m\u00e1s all\u00e1 de atender todas las necesidades de creaci\u00f3n de su sitio web. Adem\u00e1s, este tema extraordinario es totalmente receptivo y meticulosamente optimizado para SEO, asegurando as\u00ed una adaptabilidad perfecta y un rendimiento \u00f3ptimo en todos los dispositivos, independientemente de sus especificaciones. Prep\u00e1rese para un avance sin precedentes en la trayectoria de su agencia adornando su paisaje virtual con la extraordinaria destreza de Seolounge.<\/p>\n","protected":false},"featured_media":167459,"comment_status":"open","ping_status":"open","template":"","meta":[],"product_brand":[2337],"product_cat":[1267,1237,1238],"product_tag":[1391],"class_list":{"0":"post-112500","1":"product","2":"type-product","3":"status-publish","4":"has-post-thumbnail","6":"product_brand-themeforest","7":"product_cat-creativo","8":"product_cat-temas","9":"product_cat-wordpress-temas","10":"product_tag-themeforest","11":"member-discount","12":"discount-restricted","14":"first","15":"instock","16":"sale","17":"downloadable","18":"virtual","19":"sold-individually","20":"purchasable","21":"product-type-simple"},"_links":{"self":[{"href":"https:\/\/gpl-love.com\/es\/wp-json\/wp\/v2\/product\/112500","targetHints":{"allow":["GET"]}}],"collection":[{"href":"https:\/\/gpl-love.com\/es\/wp-json\/wp\/v2\/product"}],"about":[{"href":"https:\/\/gpl-love.com\/es\/wp-json\/wp\/v2\/types\/product"}],"replies":[{"embeddable":true,"href":"https:\/\/gpl-love.com\/es\/wp-json\/wp\/v2\/comments?post=112500"}],"wp:featuredmedia":[{"embeddable":true,"href":"https:\/\/gpl-love.com\/es\/wp-json\/wp\/v2\/media\/167459"}],"wp:attachment":[{"href":"https:\/\/gpl-love.com\/es\/wp-json\/wp\/v2\/media?parent=112500"}],"wp:term":[{"taxonomy":"product_brand","embeddable":true,"href":"https:\/\/gpl-love.com\/es\/wp-json\/wp\/v2\/product_brand?post=112500"},{"taxonomy":"product_cat","embeddable":true,"href":"https:\/\/gpl-love.com\/es\/wp-json\/wp\/v2\/product_cat?post=112500"},{"taxonomy":"product_tag","embeddable":true,"href":"https:\/\/gpl-love.com\/es\/wp-json\/wp\/v2\/product_tag?post=112500"}],"curies":[{"name":"wp","href":"https:\/\/api.w.org\/{rel}","templated":true}]}}