{"id":112498,"date":"2022-06-01T00:00:00","date_gmt":"2022-06-01T05:00:00","guid":{"rendered":"http:\/\/gpl-love.com\/es\/?post_type=product&#038;p=112498"},"modified":"2026-04-10T11:25:14","modified_gmt":"2026-04-10T16:25:14","slug":"softek-software-y-it-solutions-wordpress-tema","status":"publish","type":"product","link":"https:\/\/gpl-love.com\/es\/producto\/softek-software-y-it-solutions-wordpress-tema\/","title":{"rendered":"Softek Software y IT Solutions WordPress Theme 3.0.0"},"content":{"rendered":"<h3>Softek Software y IT Solutions WordPress Theme Caracteristicas<\/h3>\n<p>El tema de WordPress de Softeek Software and IT Solutions es un tema de alta calidad y meticulosamente elaborado que se ha adaptado espec\u00edficamente para el software y las empresas de TI que buscan establecer una presencia en l\u00ednea robusta. Con su variedad de opciones personalizables y m\u00faltiples dise\u00f1os de p\u00e1gina de inicio, este tema irradia profesionalismo y una est\u00e9tica moderna. Los usuarios lo encontrar\u00e1n incre\u00edblemente f\u00e1cil de usar, con p\u00e1ginas preconstruidas como sobre nosotros, servicios y miembros del equipo, que aceleran el proceso de configuraci\u00f3n del sitio web para las empresas. Adem\u00e1s, la sensibilidad al paisaje digital contempor\u00e1neo se manifiesta a trav\u00e9s de su optimizaci\u00f3n de optimizaci\u00f3n de dise\u00f1o de motores de dise\u00f1o y dise\u00f1o totalmente receptivos (SEO), lo que garantiza que el sitio web no solo parezca visualmente agradable, sino que tambi\u00e9n se ubique favorablemente entre los resultados de los motores de b\u00fasqueda. A la luz de su funcionalidad avanzada y su naturaleza adaptable, el tema Softeek Software and IT Solutions WordPress sirve como una opci\u00f3n ejemplar para cualquier software o empresa de TI con el objetivo de fortalecer su punto de apoyo en l\u00ednea.<\/p>\n<ul>\n<li>Dise\u00f1o moderno y profesional<\/li>\n<li>Totalmente receptivo y optimizado para todos los dispositivos<\/li>\n<li>Personalizaci\u00f3n f\u00e1cil con el potente complemento Visual Composer<\/li>\n<li>5 variaciones diferentes de la p\u00e1gina de inicio para elegir<\/li>\n<li>\u00c1reas personalizables de encabezado y pie de p\u00e1gina<\/li>\n<li>M\u00faltiples plantillas y dise\u00f1os de p\u00e1gina para elegir<\/li>\n<li>Formularios de contacto incorporados y programaci\u00f3n de citas<\/li>\n<li>Widgets y c\u00f3digos cortos personalizados para una funcionalidad adicional<\/li>\n<li>SEO optimizado para una mejor visibilidad en los motores de b\u00fasqueda<\/li>\n<li>Instalaci\u00f3n de demostraci\u00f3n de un solo clic para una f\u00e1cil configuraci\u00f3n<\/li>\n<li>Actualizaciones regulares y excelente atenci\u00f3n al cliente<\/li>\n<\/ul>\n","protected":false},"excerpt":{"rendered":"<p>El tema de WordPress de software y soluciones de TI de TI, con su versatilidad y dise\u00f1o contempor\u00e1neo, ha sido meticulosamente elaborado con compa\u00f1\u00edas de software y firmas de consultor\u00eda de TI en mente. Con su est\u00e9tica elegante y profesional, este tema sirve como una plataforma ideal para mostrar su variedad de productos, servicios y estimados miembros del equipo. Adem\u00e1s, ofrece una variedad de dise\u00f1os de p\u00e1gina de inicio, widgets personalizados y un panel de opciones de tema altamente flexibles, que le brinda la capacidad sin esfuerzo para personalizar y ajustar los aspectos visuales y experimentales de su sitio web. Independientemente de si aspira a establecer un blog modesto o un intrincado sitio web corporativo, tenga la seguridad de que el tema Softeek Software and IT Solutions WordPress es una soluci\u00f3n \u00f3ptima que atiende a sus requisitos inherentes.<\/p>\n","protected":false},"featured_media":167524,"comment_status":"open","ping_status":"open","template":"","meta":[],"product_brand":[2337],"product_cat":[1307,1237,1238],"product_tag":[1391],"class_list":{"0":"post-112498","1":"product","2":"type-product","3":"status-publish","4":"has-post-thumbnail","6":"product_brand-themeforest","7":"product_cat-negocio-wordpress-temas","8":"product_cat-temas","9":"product_cat-wordpress-temas","10":"product_tag-themeforest","11":"member-discount","12":"discount-restricted","14":"first","15":"instock","16":"sale","17":"downloadable","18":"virtual","19":"sold-individually","20":"purchasable","21":"product-type-simple"},"_links":{"self":[{"href":"https:\/\/gpl-love.com\/es\/wp-json\/wp\/v2\/product\/112498","targetHints":{"allow":["GET"]}}],"collection":[{"href":"https:\/\/gpl-love.com\/es\/wp-json\/wp\/v2\/product"}],"about":[{"href":"https:\/\/gpl-love.com\/es\/wp-json\/wp\/v2\/types\/product"}],"replies":[{"embeddable":true,"href":"https:\/\/gpl-love.com\/es\/wp-json\/wp\/v2\/comments?post=112498"}],"wp:featuredmedia":[{"embeddable":true,"href":"https:\/\/gpl-love.com\/es\/wp-json\/wp\/v2\/media\/167524"}],"wp:attachment":[{"href":"https:\/\/gpl-love.com\/es\/wp-json\/wp\/v2\/media?parent=112498"}],"wp:term":[{"taxonomy":"product_brand","embeddable":true,"href":"https:\/\/gpl-love.com\/es\/wp-json\/wp\/v2\/product_brand?post=112498"},{"taxonomy":"product_cat","embeddable":true,"href":"https:\/\/gpl-love.com\/es\/wp-json\/wp\/v2\/product_cat?post=112498"},{"taxonomy":"product_tag","embeddable":true,"href":"https:\/\/gpl-love.com\/es\/wp-json\/wp\/v2\/product_tag?post=112498"}],"curies":[{"name":"wp","href":"https:\/\/api.w.org\/{rel}","templated":true}]}}