{"id":112496,"date":"2026-01-10T00:00:00","date_gmt":"2026-01-10T05:00:00","guid":{"rendered":"http:\/\/gpl-love.com\/es\/?post_type=product&#038;p=112496"},"modified":"2026-04-10T11:29:37","modified_gmt":"2026-04-10T16:29:37","slug":"ungrabber-content-protection-para-wordpress","status":"publish","type":"product","link":"https:\/\/gpl-love.com\/es\/producto\/ungrabber-content-protection-para-wordpress\/","title":{"rendered":"UnGrabber Content Protection para WordPress 3.1.4"},"content":{"rendered":"<h3>UnGrabber Content Protection para WordPress Caracteristicas<\/h3>\n<p>La protecci\u00f3n de contenido desagradable para WordPress demuestra que es una herramienta extremadamente potente que ayuda efectivamente a las personas que operan sitios web para proteger su valioso contenido de la duplicaci\u00f3n o robo no autorizados. Al incorporar este complemento, los usuarios se les brinda la capacidad de impedir sin esfuerzo hacer clic con el clic, limitar la selecci\u00f3n de texto e incluso reducir la utilizaci\u00f3n de los atajos de teclado en sus respectivos sitios web, lo que lo hace casi insuperable para posiblesalfactores para que su contenido apropien mal su contenido. Adem\u00e1s, el desagrado ofrece una variedad de caracter\u00edsticas avanzadas que permiten a los usuarios ocultar contenido de individuos o grupos espec\u00edficos, establecer mensajes personalizados para contenido obstruido y mucho m\u00e1s. La instalaci\u00f3n y el uso de este complemento demuestran ser esfuerzos sin problemas, y se integra perfectamente con todos los temas y complementos de WordPress. Para las personas que buscan fortalecer el contenido de su sitio web y evitar cualquier instancia de plagio, la protecci\u00f3n de contenido desagradable para WordPress emerge como la soluci\u00f3n por excelencia.<\/p>\n<ul>\n<li>Proteja el contenido de su sitio web de ser copiado o robado con protecci\u00f3n de contenido desagrado para WordPress.<\/li>\n<li>F\u00e1cil de instalar y configurar, sin requerido conocimiento de codificaci\u00f3n.<\/li>\n<li>Elija entre una gama de opciones de protecci\u00f3n, incluida la protecci\u00f3n del clic derecho, la protecci\u00f3n de selecci\u00f3n de texto y la protecci\u00f3n de la imagen.<\/li>\n<li>La configuraci\u00f3n personalizable le permite adaptar la protecci\u00f3n a sus necesidades espec\u00edficas.<\/li>\n<li>Compatible con todos los principales navegadores y dispositivos, asegurando que su contenido permanezca seguro sin importar c\u00f3mo se acceda.<\/li>\n<li>Rastree y monitoree los intentos de copiar o robar su contenido con an\u00e1lisis e informes detallados.<\/li>\n<li>Las actualizaciones y el apoyo regulares del equipo desagradable aseguran que su protecci\u00f3n permanezca actualizada y efectiva.<\/li>\n<li>Mant\u00e9ngase un paso por delante de los ladrones de contenido y mantenga un control total sobre su valioso contenido con protecci\u00f3n de contenido desagradable para WordPress.<\/li>\n<\/ul>\n","protected":false},"excerpt":{"rendered":"<p>La protecci\u00f3n de contenido desagradable para WordPress es una herramienta incre\u00edblemente robusta y altamente efectiva que ha sido meticulosamente elaborada para salvaguardar el valioso contenido de su sitio web. Al aprovechar el poder de este complemento notable, puede proteger sin esfuerzo su texto, im\u00e1genes y varios elementos de los medios de copia o descarga no autorizadas, defendiendo as\u00ed la santidad de su propiedad intelectual. Esta ingeniosa soluci\u00f3n garantiza la exclusividad absoluta de su contenido, lo que le permite establecer y mantener la propiedad sin diluir sobre sus activos digitales. Integr\u00e1ndose sin problemas con su plataforma de WordPress, este complemento ofrece una facilidad de configuraci\u00f3n incomparable, lo que le permite adaptar sus funcionalidades con precisi\u00f3n a sus requisitos espec\u00edficos. No se retrase m\u00e1s: tome medidas decisivas hoy y fortalezca la protecci\u00f3n de su contenido invaluable adoptando la notable protecci\u00f3n de contenido desagradable para WordPress.<\/p>\n","protected":false},"featured_media":167895,"comment_status":"open","ping_status":"open","template":"","meta":[],"product_brand":[2339],"product_cat":[1212,1206,1211],"product_tag":[1256],"class_list":{"0":"post-112496","1":"product","2":"type-product","3":"status-publish","4":"has-post-thumbnail","6":"product_brand-codecanyon","7":"product_cat-administracion-wordpress-plugins","8":"product_cat-plugins","9":"product_cat-wordpress-plugins","10":"product_tag-codecanyon","11":"member-discount","12":"discount-restricted","14":"first","15":"instock","16":"sale","17":"downloadable","18":"virtual","19":"sold-individually","20":"purchasable","21":"product-type-simple"},"_links":{"self":[{"href":"https:\/\/gpl-love.com\/es\/wp-json\/wp\/v2\/product\/112496","targetHints":{"allow":["GET"]}}],"collection":[{"href":"https:\/\/gpl-love.com\/es\/wp-json\/wp\/v2\/product"}],"about":[{"href":"https:\/\/gpl-love.com\/es\/wp-json\/wp\/v2\/types\/product"}],"replies":[{"embeddable":true,"href":"https:\/\/gpl-love.com\/es\/wp-json\/wp\/v2\/comments?post=112496"}],"wp:featuredmedia":[{"embeddable":true,"href":"https:\/\/gpl-love.com\/es\/wp-json\/wp\/v2\/media\/167895"}],"wp:attachment":[{"href":"https:\/\/gpl-love.com\/es\/wp-json\/wp\/v2\/media?parent=112496"}],"wp:term":[{"taxonomy":"product_brand","embeddable":true,"href":"https:\/\/gpl-love.com\/es\/wp-json\/wp\/v2\/product_brand?post=112496"},{"taxonomy":"product_cat","embeddable":true,"href":"https:\/\/gpl-love.com\/es\/wp-json\/wp\/v2\/product_cat?post=112496"},{"taxonomy":"product_tag","embeddable":true,"href":"https:\/\/gpl-love.com\/es\/wp-json\/wp\/v2\/product_tag?post=112496"}],"curies":[{"name":"wp","href":"https:\/\/api.w.org\/{rel}","templated":true}]}}