{"id":112494,"date":"2026-04-16T00:00:00","date_gmt":"2026-04-16T05:00:00","guid":{"rendered":"http:\/\/gpl-love.com\/es\/?post_type=product&#038;p=112494"},"modified":"2026-04-16T17:15:53","modified_gmt":"2026-04-16T22:15:53","slug":"global-gallery-wordpress-responsive-gallery","status":"publish","type":"product","link":"https:\/\/gpl-love.com\/es\/producto\/global-gallery-wordpress-responsive-gallery\/","title":{"rendered":"Global Gallery WordPress Responsive Gallery 10.1.4"},"content":{"rendered":"<h3>Global Gallery WordPress Responsive Gallery Caracteristicas<\/h3>\n<p>Global Gallery WordPress Receptive Gallery es un complemento f\u00e1cil de usar y personalizable dise\u00f1ado espec\u00edficamente para sitios web de WordPress. Proporciona una gran cantidad de funcionalidades avanzadas destinadas a crear galer\u00edas de im\u00e1genes y videos visualmente impresionantes e interactivas que se adaptan perfectamente a cualquier tama\u00f1o o dispositivo de pantalla. La diversa gama de tipos de galer\u00eda disponibles con Global Gallery abarca mamposter\u00eda, cuadr\u00edcula, carrusel y m\u00e1s, lo que le permite seleccionar el que mejor se adapte a sus preferencias est\u00e9ticas. Adem\u00e1s, la flexibilidad de este complemento se extiende a la capacidad de personalizar el dise\u00f1o, el dise\u00f1o y las animaciones de sus galer\u00edas, asegurando que se alineen armoniosamente con el estilo general de su sitio web. Debido a su compatibilidad excepcional con temas y complementos prevalentes de WordPress, Global Gallery surge como la opci\u00f3n ideal para fot\u00f3grafos, artistas y bloggers que anhelan exhibir sus esfuerzos art\u00edsticos de una manera cautivadora y visualmente atractiva.<\/p>\n<ul>\n<li>Dise\u00f1o receptivo de alta calidad para galer\u00edas de WordPress<\/li>\n<li>Soporte completo para todos los tipos principales de archivos de imagen<\/li>\n<li>Dise\u00f1os y estilos personalizables para adaptarse a la marca de su sitio web<\/li>\n<li>Interfaz f\u00e1cil de usar para la creaci\u00f3n y edici\u00f3n de la galer\u00eda f\u00e1cil<\/li>\n<li>Caracter\u00edsticas avanzadas como Opciones de Lightbox y Filter<\/li>\n<li>Integraci\u00f3n perfecta con temas y complementos de WordPress<\/li>\n<li>F\u00e1cilmente extensible con complementos de terceros y opciones de personalizaci\u00f3n<\/li>\n<li>Actualizaciones y soporte regulares para garantizar un rendimiento \u00f3ptimo<\/li>\n<li>Dise\u00f1ado con la optimizaci\u00f3n de SEO en mente para mejorar la visibilidad de su sitio<\/li>\n<li>Perfecto para exhibir im\u00e1genes, fotos, arte y m\u00e1s en cualquier dispositivo<\/li>\n<li>Adecuado para fot\u00f3grafos, artistas, dise\u00f1adores, blogueros y negocios de todos los tama\u00f1os.<\/li>\n<\/ul>\n","protected":false},"excerpt":{"rendered":"<p>La Galer\u00eda Global WordPress Receptive Gallery es un complemento incre\u00edblemente avanzado y rico en funciones que ofrece a los usuarios la capacidad de exhibir sus im\u00e1genes y videos dentro de una galer\u00eda impresionante y completamente personalizable. Una de sus cualidades m\u00e1s impresionantes es su dise\u00f1o amigable para dispositivos m\u00f3viles, asegurando que su galer\u00eda mantenga su atractivo visual en cualquier dispositivo en el que se vea. Este complemento tambi\u00e9n proporciona una gran cantidad de opciones para la personalizaci\u00f3n, incluidos varios formatos de galer\u00eda, dise\u00f1os, animaciones y filtros. Adem\u00e1s, los usuarios tienen la capacidad de incluir subt\u00edtulos y descripciones para sus im\u00e1genes y videos, mejorando la comprensi\u00f3n y apreciaci\u00f3n de su audiencia por el contenido. Independientemente de si usted es un fot\u00f3grafo, artista o blogger, la Galer\u00eda Global de WordPress Responsive Gallery es la opci\u00f3n ideal para presentar su contenido de manera pulida y cautivadora.<\/p>\n","protected":false},"featured_media":166264,"comment_status":"open","ping_status":"open","template":"","meta":[],"product_brand":[2339],"product_cat":[1214,1206,1211],"product_tag":[1256],"class_list":{"0":"post-112494","1":"product","2":"type-product","3":"status-publish","4":"has-post-thumbnail","6":"product_brand-codecanyon","7":"product_cat-personalizacion","8":"product_cat-plugins","9":"product_cat-wordpress-plugins","10":"product_tag-codecanyon","11":"member-discount","12":"discount-restricted","14":"first","15":"instock","16":"sale","17":"downloadable","18":"virtual","19":"sold-individually","20":"purchasable","21":"product-type-simple"},"_links":{"self":[{"href":"https:\/\/gpl-love.com\/es\/wp-json\/wp\/v2\/product\/112494","targetHints":{"allow":["GET"]}}],"collection":[{"href":"https:\/\/gpl-love.com\/es\/wp-json\/wp\/v2\/product"}],"about":[{"href":"https:\/\/gpl-love.com\/es\/wp-json\/wp\/v2\/types\/product"}],"replies":[{"embeddable":true,"href":"https:\/\/gpl-love.com\/es\/wp-json\/wp\/v2\/comments?post=112494"}],"wp:featuredmedia":[{"embeddable":true,"href":"https:\/\/gpl-love.com\/es\/wp-json\/wp\/v2\/media\/166264"}],"wp:attachment":[{"href":"https:\/\/gpl-love.com\/es\/wp-json\/wp\/v2\/media?parent=112494"}],"wp:term":[{"taxonomy":"product_brand","embeddable":true,"href":"https:\/\/gpl-love.com\/es\/wp-json\/wp\/v2\/product_brand?post=112494"},{"taxonomy":"product_cat","embeddable":true,"href":"https:\/\/gpl-love.com\/es\/wp-json\/wp\/v2\/product_cat?post=112494"},{"taxonomy":"product_tag","embeddable":true,"href":"https:\/\/gpl-love.com\/es\/wp-json\/wp\/v2\/product_tag?post=112494"}],"curies":[{"name":"wp","href":"https:\/\/api.w.org\/{rel}","templated":true}]}}