{"id":112490,"date":"2022-02-02T00:00:00","date_gmt":"2022-02-02T05:00:00","guid":{"rendered":"http:\/\/gpl-love.com\/es\/?post_type=product&#038;p=112490"},"modified":"2026-03-13T17:16:11","modified_gmt":"2026-03-13T22:16:11","slug":"avantage-business-consulting-wordpress-tema","status":"publish","type":"product","link":"https:\/\/gpl-love.com\/es\/producto\/avantage-business-consulting-wordpress-tema\/","title":{"rendered":"Avantage Business Consulting WordPress Theme 2.2.6"},"content":{"rendered":"<h3>Avantage Business Consulting WordPress Theme Caracteristicas<\/h3>\n<p>El tema de WordPress de Avantage Business Consulting cuenta con una gran cantidad de caracter\u00edsticas robustas y es reconocida por su rendimiento excepcional. Ha sido meticulosamente elaborado para atender espec\u00edficamente a las necesidades de los sitios web de consultor\u00eda de negocios. Este notable tema se acompa\u00f1a de una variedad diversa de demostraciones preconstruidas, cada una f\u00e1cilmente importable a otorgar sin esfuerzo a su sitio web un aire de profesionalismo y contemporaneidad. Impulsado por su formidable panel de opciones de temas, incluso las personas desprovistas de experiencia en codificaci\u00f3n pueden adaptar el dise\u00f1o, el dise\u00f1o y la funcionalidad de su sitio web al deseo de su coraz\u00f3n. Adem\u00e1s, la capacidad de respuesta completa del tema garantiza que su sitio web exude excelencia en todos los dispositivos, independientemente del tama\u00f1o o el sistema operativo. Adem\u00e1s, el tema Avantage Business Consulting WordPress se ha optimizado diligentemente para los motores de b\u00fasqueda, garantizando clasificaciones favorables en las p\u00e1ginas de resultados de los motores de b\u00fasqueda. Independientemente de si su establecimiento es una firma de consultor\u00eda modesta o una consultor\u00eda comercial colosal, este tema abarca todos los elementos necesarios para cultivar una pr\u00f3spera presencia en l\u00ednea.<\/p>\n<ul>\n<li>Un tema profesional y elegante de WordPress dise\u00f1ado espec\u00edficamente para empresas de consultor\u00eda de negocios<\/li>\n<li>Cuenta con una p\u00e1gina de inicio totalmente personalizable con m\u00faltiples opciones de dise\u00f1o para mostrar los servicios y \u00e1reas de experiencia de su negocio<\/li>\n<li>Incluye p\u00e1ginas predise\u00f1adas para servicios, miembros del equipo, estudios de casos, blog y contacto<\/li>\n<li>El dise\u00f1o receptivo garantiza que su sitio web se vea genial en todos los dispositivos, desde escritorio hasta m\u00f3vil<\/li>\n<li>Integraci\u00f3n incorporada con complementos populares de WordPress como Contact Form 7, Yoast SEO y WPML para una f\u00e1cil personalizaci\u00f3n y optimizaci\u00f3n<\/li>\n<li>F\u00e1cil de usar y personalizar a trav\u00e9s del tablero de WordPress con el compositor visual incluido de la p\u00e1gina de arrastre de la p\u00e1gina de arrastre<\/li>\n<li>Incluye opciones de personalizaci\u00f3n de temas en vivo para una f\u00e1cil personalizaci\u00f3n<\/li>\n<li>Construido en los \u00faltimos est\u00e1ndares web HTML5 y CSS3 para un rendimiento r\u00e1pido y compatibilidad con los navegadores modernos<\/li>\n<li>Incluye documentaci\u00f3n detallada y acceso a un soporte dedicado para ayudarlo a aprovechar al m\u00e1ximo su nuevo tema<\/li>\n<\/ul>\n","protected":false},"excerpt":{"rendered":"<p>Experimente las ventajas de Avantage Business Consulting WordPress Theme dise\u00f1ado espec\u00edficamente para consultas, finanzas y negocios corporativos. Su elegante dise\u00f1o profesional es totalmente personalizable para adaptarse al estilo \u00fanico de su marca. Con este tema de WordPress, disfrutar\u00e1 de caracter\u00edsticas f\u00e1ciles de usar como Drag y Drop Builder, Dise\u00f1o receptivo y opciones de temas avanzados, proporcionando una experiencia perfecta para usted y los visitantes de su sitio. Tambi\u00e9n viene listo para el SEO, asegurando que su negocio obtenga la m\u00e1xima visibilidad en l\u00ednea. El tema es compatible con complementos populares y admite compatibilidad con el navegador cruzado, mejorando a\u00fan m\u00e1s la experiencia del usuario. Beneficiarse de actualizaciones regulares y soporte profesional para garantizar que su sitio web se mantenga actualizado y funcione sin problemas. Elija Avantage Business Consulting WordPress Theme para impulsar efectivamente su presencia en l\u00ednea y su crecimiento empresarial.<\/p>\n","protected":false},"featured_media":165443,"comment_status":"open","ping_status":"open","template":"","meta":[],"product_brand":[2337],"product_cat":[1307,1237,1238],"product_tag":[1391],"class_list":{"0":"post-112490","1":"product","2":"type-product","3":"status-publish","4":"has-post-thumbnail","6":"product_brand-themeforest","7":"product_cat-negocio-wordpress-temas","8":"product_cat-temas","9":"product_cat-wordpress-temas","10":"product_tag-themeforest","11":"member-discount","12":"discount-restricted","14":"first","15":"instock","16":"sale","17":"downloadable","18":"virtual","19":"sold-individually","20":"purchasable","21":"product-type-simple"},"_links":{"self":[{"href":"https:\/\/gpl-love.com\/es\/wp-json\/wp\/v2\/product\/112490","targetHints":{"allow":["GET"]}}],"collection":[{"href":"https:\/\/gpl-love.com\/es\/wp-json\/wp\/v2\/product"}],"about":[{"href":"https:\/\/gpl-love.com\/es\/wp-json\/wp\/v2\/types\/product"}],"replies":[{"embeddable":true,"href":"https:\/\/gpl-love.com\/es\/wp-json\/wp\/v2\/comments?post=112490"}],"wp:featuredmedia":[{"embeddable":true,"href":"https:\/\/gpl-love.com\/es\/wp-json\/wp\/v2\/media\/165443"}],"wp:attachment":[{"href":"https:\/\/gpl-love.com\/es\/wp-json\/wp\/v2\/media?parent=112490"}],"wp:term":[{"taxonomy":"product_brand","embeddable":true,"href":"https:\/\/gpl-love.com\/es\/wp-json\/wp\/v2\/product_brand?post=112490"},{"taxonomy":"product_cat","embeddable":true,"href":"https:\/\/gpl-love.com\/es\/wp-json\/wp\/v2\/product_cat?post=112490"},{"taxonomy":"product_tag","embeddable":true,"href":"https:\/\/gpl-love.com\/es\/wp-json\/wp\/v2\/product_tag?post=112490"}],"curies":[{"name":"wp","href":"https:\/\/api.w.org\/{rel}","templated":true}]}}