{"id":112488,"date":"2026-02-23T00:00:00","date_gmt":"2026-02-23T05:00:00","guid":{"rendered":"http:\/\/gpl-love.com\/es\/?post_type=product&#038;p=112488"},"modified":"2026-03-09T07:18:32","modified_gmt":"2026-03-09T12:18:32","slug":"arforms-wordpress-form-builder-plugin","status":"publish","type":"product","link":"https:\/\/gpl-love.com\/es\/producto\/arforms-wordpress-form-builder-plugin\/","title":{"rendered":"ARForms WordPress Form Builder Plugin 7.1.1"},"content":{"rendered":"<h3>ARForms WordPress Form Builder Plugin Caracteristicas<\/h3>\n<p>ARFORS, que es un complemento de constructor de formularios muy potente dise\u00f1ado espec\u00edficamente para WordPress, proporciona a los usuarios la conveniencia de generar y personalizar formas sin esfuerzo para sus respectivos sitios web. Esta herramienta de vanguardia cuenta con una interfaz de arrastrar y soltar f\u00e1cilmente con usuarios, lo que hace que el proceso de incluir campos, secciones y dise\u00f1os sea una brisa absoluta. Adem\u00e1s, ARFORMS ofrece la integraci\u00f3n perfecta de funcionalidades avanzadas, como l\u00f3gica condicional, formularios de varias p\u00e1ginas y cargas de archivos, elevando as\u00ed la experiencia general del usuario. Adem\u00e1s, este notable complemento tambi\u00e9n proporciona una gran cantidad de plantillas y temas predise\u00f1ados, lo que permite a los usuarios seleccionar la opci\u00f3n m\u00e1s adecuada para sus necesidades espec\u00edficas. Adem\u00e1s, ARFORMS otorga a los usuarios la libertad de dise\u00f1ar su propio estilo \u00fanico, facilitando as\u00ed la creaci\u00f3n de un sitio web visualmente atractivo. Dada su interfaz intuitiva y su impresionante gama de caracter\u00edsticas, ARFORMS indudablemente emerge como una elecci\u00f3n excepcional para las personas que buscan aumentar la funcionalidad de sus sitios web basados \u200b\u200ben WordPress.<\/p>\n<ul>\n<li>Complemento de constructor de formulario de alta calidad para WordPress<\/li>\n<li>La interfaz intuitiva de arrastrar y soltar facilita la creaci\u00f3n de forma<\/li>\n<li>Campos de formulario personalizables para una gama ilimitada de usos<\/li>\n<li>Formularios respaldados para dispositivos m\u00f3viles aseguran una gran experiencia para todos los usuarios<\/li>\n<li>Integraci\u00f3n con herramientas populares de marketing por correo electr\u00f3nico como MailChimp y Aweber<\/li>\n<li>Las opciones l\u00f3gicas condicionales potentes permiten comportamientos de forma compleja<\/li>\n<li>M\u00faltiples plantillas de formularios disponibles para una f\u00e1cil personalizaci\u00f3n<\/li>\n<li>Admite cargas de archivos, formularios de varias p\u00e1ginas y protecci\u00f3n Captcha<\/li>\n<li>Las caracter\u00edsticas de an\u00e1lisis e informes avanzados permiten la toma de decisiones basadas en datos<\/li>\n<li>Soporte confiable y actualizaciones regulares para el valor a largo plazo.<\/li>\n<\/ul>\n","protected":false},"excerpt":{"rendered":"<p>El complemento ARFORMS WordPress Form Builder es una soluci\u00f3n principal para crear formularios din\u00e1micos y receptivos para su sitio web. Este complemento f\u00e1cil de usar ofrece una amplia gama de caracter\u00edsticas, como la creaci\u00f3n de formularios de arrastrar y soltar, vista previa en tiempo real y opciones de personalizaci\u00f3n. Con ARFORS, puede crear f\u00e1cilmente encuestas, pruebas y formularios de recopilaci\u00f3n de datos. Admite la integraci\u00f3n de marketing por correo electr\u00f3nico y proporciona un tablero de an\u00e1lisis para el seguimiento de los env\u00edos de formularios. El complemento viene con m\u00e1s de 30 plantillas predise\u00f1adas, lo que facilita a los usuarios menos expertos en tecnolog\u00eda crear formularios de aspecto profesional. El complemento ARFORMS WordPress Form Builder cumple GDPR y ofrece cifrado de datos para una seguridad mejorada. Haga que su sitio web sea m\u00e1s interactivo y eficiente con este complemento. Es una herramienta imprescindible para los propietarios de sitios web que buscan mejorar la participaci\u00f3n del usuario y generar m\u00e1s clientes potenciales.<\/p>\n","protected":false},"featured_media":165392,"comment_status":"open","ping_status":"open","template":"","meta":[],"product_brand":[2339],"product_cat":[1216,1206,1211],"product_tag":[1256],"class_list":{"0":"post-112488","1":"product","2":"type-product","3":"status-publish","4":"has-post-thumbnail","6":"product_brand-codecanyon","7":"product_cat-formas","8":"product_cat-plugins","9":"product_cat-wordpress-plugins","10":"product_tag-codecanyon","11":"member-discount","12":"discount-restricted","14":"first","15":"instock","16":"sale","17":"downloadable","18":"virtual","19":"sold-individually","20":"purchasable","21":"product-type-simple"},"_links":{"self":[{"href":"https:\/\/gpl-love.com\/es\/wp-json\/wp\/v2\/product\/112488","targetHints":{"allow":["GET"]}}],"collection":[{"href":"https:\/\/gpl-love.com\/es\/wp-json\/wp\/v2\/product"}],"about":[{"href":"https:\/\/gpl-love.com\/es\/wp-json\/wp\/v2\/types\/product"}],"replies":[{"embeddable":true,"href":"https:\/\/gpl-love.com\/es\/wp-json\/wp\/v2\/comments?post=112488"}],"wp:featuredmedia":[{"embeddable":true,"href":"https:\/\/gpl-love.com\/es\/wp-json\/wp\/v2\/media\/165392"}],"wp:attachment":[{"href":"https:\/\/gpl-love.com\/es\/wp-json\/wp\/v2\/media?parent=112488"}],"wp:term":[{"taxonomy":"product_brand","embeddable":true,"href":"https:\/\/gpl-love.com\/es\/wp-json\/wp\/v2\/product_brand?post=112488"},{"taxonomy":"product_cat","embeddable":true,"href":"https:\/\/gpl-love.com\/es\/wp-json\/wp\/v2\/product_cat?post=112488"},{"taxonomy":"product_tag","embeddable":true,"href":"https:\/\/gpl-love.com\/es\/wp-json\/wp\/v2\/product_tag?post=112488"}],"curies":[{"name":"wp","href":"https:\/\/api.w.org\/{rel}","templated":true}]}}