{"id":112482,"date":"2021-04-14T00:00:00","date_gmt":"2021-04-14T05:00:00","guid":{"rendered":"http:\/\/gpl-love.com\/es\/?post_type=product&#038;p=112482"},"modified":"2026-03-13T17:16:38","modified_gmt":"2026-03-13T22:16:38","slug":"bingo-multi-purpose-newspaper-y-magazine-wordpress-tema","status":"publish","type":"product","link":"https:\/\/gpl-love.com\/es\/producto\/bingo-multi-purpose-newspaper-y-magazine-wordpress-tema\/","title":{"rendered":"Bingo Multi-Purpose Newspaper y Magazine WordPress Theme 3.0"},"content":{"rendered":"<h3>Bingo Multi-Purpose Newspaper y Magazine WordPress Theme Caracteristicas<\/h3>\n<p>El tema de WordPress de WordPress de Bingo y peri\u00f3dico multiprop\u00f3sito se considera un tema altamente vers\u00e1til e incre\u00edblemente poderoso, ingeniosamente elaborado para satisfacer las necesidades de editores en l\u00ednea, agencias de noticias y sitios web orientados al contenido. Su dise\u00f1o, uno moderno y limpio, otorga una est\u00e9tica profesional y cautivadora en su sitio web. Con una selecci\u00f3n de plantillas preconstruidas, el tema de m\u00faltiples usos de bingo lo equipa con la capacidad de dise\u00f1ar p\u00e1ginas exquisitas sin esfuerzo para su revista, peri\u00f3dico o blog, todo sin necesidad de ning\u00fan conocimiento de codificaci\u00f3n. Adem\u00e1s, su dise\u00f1o responde, asegurando que su sitio web mantenga su esplendor visual en una gran cantidad de dispositivos, mientras que sus gr\u00e1ficos, dise\u00f1ados para estar listos para la retina, garantizan una experiencia de visualizaci\u00f3n \u00f3ptima. Adem\u00e1s, este tema se ha optimizado para mejorar tanto el SEO como la velocidad, garantizando tiempos de carga r\u00e1pida y una ubicaci\u00f3n prominente en las p\u00e1ginas de resultados del motor de b\u00fasqueda. Con la utilizaci\u00f3n del tema de WordPress de WordPress y peri\u00f3dico multiprop\u00f3sito de bingo, acumular\u00e1 la capacidad de forjar una publicaci\u00f3n en l\u00ednea verdaderamente excepcional, una que logra atraer, involucrar y retener a su estimada audiencia.<\/p>\n<ul>\n<li>Tema vers\u00e1til adecuado para sitios web de peri\u00f3dicos, revistas y blogs<\/li>\n<li>Dise\u00f1o limpio y moderno con esquemas de color personalizables y opciones de tipograf\u00eda<\/li>\n<li>Totalmente receptivo y amigable para los dispositivos m\u00f3viles, compatibles con todos los dispositivos y navegadores<\/li>\n<li>F\u00e1cil Guilder de p\u00e1gina de arrastrar y soltar con m\u00e1s de 50 m\u00f3dulos predise\u00f1ados<\/li>\n<li>M\u00faltiples dise\u00f1os de p\u00e1gina de inicio, formatos de publicaci\u00f3n y plantillas de categor\u00eda<\/li>\n<li>Compartir en redes sociales integrados y botones de compartir personalizados<\/li>\n<li>WooCommerce compatible para una f\u00e1cil monetizaci\u00f3n a trav\u00e9s del comercio electr\u00f3nico<\/li>\n<li>SEO optimizado para una mejor clasificaci\u00f3n de motores de b\u00fasqueda<\/li>\n<li>Atenci\u00f3n al cliente 24\/7 incluye<\/li>\n<li>Actualizaciones regulares y acceso gratuito de por vida a actualizaciones futuras.<\/li>\n<\/ul>\n","protected":false},"excerpt":{"rendered":"<p>Presentando Bingo, un vers\u00e1til tema de WordPress de WordPress y peri\u00f3dico multiprop\u00f3sito que satisface sin esfuerzo sus necesidades de publicaci\u00f3n. Este tema rico en funciones es perfecto para periodistas, blogueros y cualquier persona que busque compartir sus historias de una manera visualmente atractiva. Con su dise\u00f1o robusto y personalizable, Bingo le permite crear un sitio web \u00fanico y de aspecto profesional que se destaque entre la multitud. El tema admite una variedad de formatos de publicaci\u00f3n, desde texto e im\u00e1genes hasta videos y audios, lo que le permite atender las diversas preferencias de contenido de su audiencia. Adem\u00e1s, es amigable con SEO, asegurando que su contenido obtenga la m\u00e1xima visibilidad. Ya sea que est\u00e9 ejecutando un blog personal o administre una bulliciosa revista en l\u00ednea, la interfaz f\u00e1cil de usar de Bingo y las amplias opciones de personalizaci\u00f3n de la personalizaci\u00f3n lo hacen muy f\u00e1cil de usar. Elija Bingo para una experiencia de publicaci\u00f3n mejorada de WordPress.<\/p>\n","protected":false},"featured_media":165480,"comment_status":"open","ping_status":"open","template":"","meta":[],"product_brand":[2337],"product_cat":[1245,1237,1238],"product_tag":[1391],"class_list":{"0":"post-112482","1":"product","2":"type-product","3":"status-publish","4":"has-post-thumbnail","6":"product_brand-themeforest","7":"product_cat-blog-revista","8":"product_cat-temas","9":"product_cat-wordpress-temas","10":"product_tag-themeforest","11":"member-discount","12":"discount-restricted","14":"first","15":"instock","16":"sale","17":"downloadable","18":"virtual","19":"sold-individually","20":"purchasable","21":"product-type-simple"},"_links":{"self":[{"href":"https:\/\/gpl-love.com\/es\/wp-json\/wp\/v2\/product\/112482","targetHints":{"allow":["GET"]}}],"collection":[{"href":"https:\/\/gpl-love.com\/es\/wp-json\/wp\/v2\/product"}],"about":[{"href":"https:\/\/gpl-love.com\/es\/wp-json\/wp\/v2\/types\/product"}],"replies":[{"embeddable":true,"href":"https:\/\/gpl-love.com\/es\/wp-json\/wp\/v2\/comments?post=112482"}],"wp:featuredmedia":[{"embeddable":true,"href":"https:\/\/gpl-love.com\/es\/wp-json\/wp\/v2\/media\/165480"}],"wp:attachment":[{"href":"https:\/\/gpl-love.com\/es\/wp-json\/wp\/v2\/media?parent=112482"}],"wp:term":[{"taxonomy":"product_brand","embeddable":true,"href":"https:\/\/gpl-love.com\/es\/wp-json\/wp\/v2\/product_brand?post=112482"},{"taxonomy":"product_cat","embeddable":true,"href":"https:\/\/gpl-love.com\/es\/wp-json\/wp\/v2\/product_cat?post=112482"},{"taxonomy":"product_tag","embeddable":true,"href":"https:\/\/gpl-love.com\/es\/wp-json\/wp\/v2\/product_tag?post=112482"}],"curies":[{"name":"wp","href":"https:\/\/api.w.org\/{rel}","templated":true}]}}