{"id":112450,"date":"2021-04-11T00:00:00","date_gmt":"2021-04-11T05:00:00","guid":{"rendered":"http:\/\/gpl-love.com\/es\/producto\/team-booking-wordpress-booking-system\/"},"modified":"2026-04-10T11:27:16","modified_gmt":"2026-04-10T16:27:16","slug":"team-booking-wordpress-booking-system","status":"publish","type":"product","link":"https:\/\/gpl-love.com\/es\/producto\/team-booking-wordpress-booking-system\/","title":{"rendered":"Team Booking WordPress booking system 2.5.8"},"content":{"rendered":"<h3>Team Booking WordPress booking system Caracteristicas<\/h3>\n<p>La reserva de Team es un sistema de reserva de WordPress extenso y sofisticado que se ha creado espec\u00edficamente para atender los intrincados e intrincados requisitos de programaci\u00f3n de los equipos. Esta plataforma altamente intuitiva y f\u00e1cil de usar ofrece a las empresas y organizaciones una forma perfecta de administrar efectivamente sus citas, reuniones y eventos, incluso cuando involucran a m\u00faltiples miembros del equipo y se est\u00e1n llevando a cabo en varios lugares. Al ofrecer una interfaz totalmente personalizable y una amplia gama de caracter\u00edsticas robustas, como recordatorios autom\u00e1ticos, actualizaciones de disponibilidad en tiempo real e integraci\u00f3n de pagos sin interrupciones, la reserva de equipo optimiza efectivamente todo el proceso de reserva, lo que resulta en un ahorro significativo de tiempo y recursos. Independientemente de si usted es un propietario de negocios a peque\u00f1a escala, una empresa a gran escala o una organizaci\u00f3n sin fines de lucro socialmente impulsada, la reserva de equipos tiene el poder de mejorar en gran medida la productividad y la eficiencia operativa de su equipo, todo mientras proporciona a sus clientes un poco de paralelo. Experiencia de reserva que seguramente dejar\u00e1 una impresi\u00f3n duradera.<\/p>\n<ul>\n<li>F\u00e1cil de instalar y usar el complemento de WordPress<\/li>\n<li>Permite la reserva de equipo de m\u00faltiples servicios y eventos<\/li>\n<li>Formularios de reserva personalizables<\/li>\n<li>Opciones de pago m\u00faltiples que incluyen PayPal y Stripe<\/li>\n<li>Notificaciones de correo electr\u00f3nico automatizadas tanto para clientes como para miembros del equipo<\/li>\n<li>Dise\u00f1o de respuesta m\u00f3vil para reservar sobre la marcha<\/li>\n<li>Sistema de reserva altamente seguro con cifrado SSL<\/li>\n<li>Opci\u00f3n para establecer diferentes precios para diferentes miembros del equipo<\/li>\n<li>Opci\u00f3n para crear intervalos de tiempo y disponibilidad personalizados<\/li>\n<li>Configuraci\u00f3n flexible para acomodar varios escenarios de reserva<\/li>\n<li>Caracter\u00edsticas de informes y an\u00e1lisis incorporados para la reserva de datos<\/li>\n<li>Excelente soporte al cliente y actualizaciones continuas.<\/li>\n<\/ul>\n","protected":false},"excerpt":{"rendered":"<p>Team Booking es un sistema de reserva altamente sofisticado y de vanguardia creado espec\u00edficamente para empresas que tienen m\u00faltiples equipos y diversas ubicaciones. Este notable software le permite manejar y supervisar sin esfuerzo la gesti\u00f3n de la reserva, el seguimiento de la disponibilidad y las modificaciones de programaci\u00f3n en toda su organizaci\u00f3n, todo con unos pocos clics simples. Independientemente de si est\u00e1 operando un lujoso spa, un gimnasio de \u00faltima generaci\u00f3n o una instalaci\u00f3n m\u00e9dica acreditada, la reserva de equipo optimiza el proceso de monitorear de manera efectiva a sus empleados, administrar citas y acomodar las solicitudes de los clientes, consolidando as\u00ed a todos estos esenciales estos esenciales elementos en una plataforma centralizada y coherente. Adem\u00e1s, el sistema ofrece opciones de personalizaci\u00f3n completas y se integra perfectamente con su sitio web de WordPress preexistente, asegurando un procedimiento de configuraci\u00f3n r\u00e1pido y sin problemas que le permita embarcarse r\u00e1pidamente en la utilizaci\u00f3n de sus funcionalidades excepcionales.<\/p>\n","protected":false},"featured_media":167692,"comment_status":"open","ping_status":"open","template":"","meta":[],"product_brand":[2339],"product_cat":[1214,1206,1211],"product_tag":[1256],"class_list":{"0":"post-112450","1":"product","2":"type-product","3":"status-publish","4":"has-post-thumbnail","6":"product_brand-codecanyon","7":"product_cat-personalizacion","8":"product_cat-plugins","9":"product_cat-wordpress-plugins","10":"product_tag-codecanyon","11":"member-discount","12":"discount-restricted","14":"first","15":"instock","16":"sale","17":"downloadable","18":"virtual","19":"sold-individually","20":"purchasable","21":"product-type-simple"},"_links":{"self":[{"href":"https:\/\/gpl-love.com\/es\/wp-json\/wp\/v2\/product\/112450","targetHints":{"allow":["GET"]}}],"collection":[{"href":"https:\/\/gpl-love.com\/es\/wp-json\/wp\/v2\/product"}],"about":[{"href":"https:\/\/gpl-love.com\/es\/wp-json\/wp\/v2\/types\/product"}],"replies":[{"embeddable":true,"href":"https:\/\/gpl-love.com\/es\/wp-json\/wp\/v2\/comments?post=112450"}],"wp:featuredmedia":[{"embeddable":true,"href":"https:\/\/gpl-love.com\/es\/wp-json\/wp\/v2\/media\/167692"}],"wp:attachment":[{"href":"https:\/\/gpl-love.com\/es\/wp-json\/wp\/v2\/media?parent=112450"}],"wp:term":[{"taxonomy":"product_brand","embeddable":true,"href":"https:\/\/gpl-love.com\/es\/wp-json\/wp\/v2\/product_brand?post=112450"},{"taxonomy":"product_cat","embeddable":true,"href":"https:\/\/gpl-love.com\/es\/wp-json\/wp\/v2\/product_cat?post=112450"},{"taxonomy":"product_tag","embeddable":true,"href":"https:\/\/gpl-love.com\/es\/wp-json\/wp\/v2\/product_tag?post=112450"}],"curies":[{"name":"wp","href":"https:\/\/api.w.org\/{rel}","templated":true}]}}