{"id":112448,"date":"2026-04-10T00:00:00","date_gmt":"2026-04-10T05:00:00","guid":{"rendered":"http:\/\/gpl-love.com\/es\/producto\/speaker-page-to-speech-plugin-para-wordpress\/"},"modified":"2026-04-10T11:25:29","modified_gmt":"2026-04-10T16:25:29","slug":"speaker-page-to-speech-plugin-para-wordpress","status":"publish","type":"product","link":"https:\/\/gpl-love.com\/es\/producto\/speaker-page-to-speech-plugin-para-wordpress\/","title":{"rendered":"Speaker Page to Speech Plugin para WordPress 4.1.13"},"content":{"rendered":"<h3>Speaker Page to Speech Plugin para WordPress Caracteristicas<\/h3>\n<p>El complemento de la p\u00e1gina del altavoz para WordPress es una herramienta muy avanzada y de vanguardia que ofrece una capacidad incre\u00edble para transformar cualquier contenido escrito en su sitio web en una experiencia auditiva cautivadora y atractiva. Al integrar este complemento excepcional, tiene la capacidad de proporcionar a sus estimados visitantes un encuentro verdaderamente inmersivo y sin esfuerzo, lo que les permite escuchar sin esfuerzo el contenido en lugar de simplemente leerlo. El proceso de instalaci\u00f3n para este complemento es excepcionalmente f\u00e1cil de usar y directo, lo que requiere un esfuerzo m\u00ednimo en su parte. Adem\u00e1s, se le otorga el privilegio de elegir una amplia gama de voces excepcionalmente realistas y de sonido natural, lo que le permite personalizar y adaptar la salida del habla para alinearse perfectamente con sus preferencias y requisitos espec\u00edficos. Adem\u00e1s, la notable funcionalidad de este complemento se extiende a otorgarle un control completo sobre la velocidad y el volumen del discurso, facilitando as\u00ed una experiencia auditiva incre\u00edblemente conveniente y placentera para todos los usuarios, independientemente de sus preferencias y ritmo individuales. Sin duda, este complemento es la soluci\u00f3n por excelencia para cualquier persona que busque elevar y aumentar la usabilidad y accesibilidad general de su estimado sitio web de WordPress.<\/p>\n<ul>\n<li>El complemento convierte el contenido escrito en sus p\u00e1ginas de WordPress en discurso de sonido natural<\/li>\n<li>Opciones de voz de alta calidad disponibles, lo que le permite elegir la voz que mejor se adapte a su contenido y audiencia<\/li>\n<li>Controles de voz personalizables, incluida la velocidad y el volumen de reproducci\u00f3n, para ofrecer la mejor experiencia de usuario<\/li>\n<li>Opci\u00f3n para agregar un bot\u00f3n de reproducci\u00f3n a su p\u00e1gina, dando a los visitantes la opci\u00f3n de escuchar su contenido en lugar de leerlo<\/li>\n<li>Instalaci\u00f3n e integraci\u00f3n f\u00e1cil con su sitio existente de WordPress, no se requieren habilidades de codificaci\u00f3n<\/li>\n<li>Caracter\u00edstica amigable para la accesibilidad, lo que hace que su sitio sea m\u00e1s inclusivo para los visitantes con discapacidad visual o dificultades de lectura<\/li>\n<li>Compatible con una variedad de temas y complementos de WordPress<\/li>\n<li>Soporte y actualizaciones disponibles para garantizar un rendimiento \u00f3ptimo y una experiencia de usuario.<\/li>\n<\/ul>\n","protected":false},"excerpt":{"rendered":"<p>El complemento de la p\u00e1gina del altavoz para WordPress es una herramienta altamente innovadora e innovadora que facilita efectivamente la transformaci\u00f3n perfecta del texto escrito en el habla audible. Al incorporar este notable complemento en las p\u00e1ginas de su sitio web de WordPress, puede integrar sin esfuerzo una caracter\u00edstica notablemente potente de texto a voz. Este complemento excepcional aprovecha las tecnolog\u00edas de vanguardia para convertir el contenido textual presente en las p\u00e1ginas de su sitio web en un discurso genuinamente realista y de sonido natural, lo que permite a su audiencia estimada consumir convenientemente su contenido a trav\u00e9s del medio auditivo. Independientemente de si su sitio web sirve como plataforma para su blog, una tienda de comercio electr\u00f3nico o cualquier otra forma de interacci\u00f3n en l\u00ednea, este complemento indudablemente presenta una v\u00eda incre\u00edblemente cautivadora e inmersiva para comprometerse con su audiencia mediante un discurso hablado. Adem\u00e1s, el complemento de la p\u00e1gina de habla para WordPress cuenta con un proceso de instalaci\u00f3n extraordinariamente intuitivo y una interfaz de usuario, garantizando una experiencia de usuario perfecta y sin esfuerzo. Al incorporar este complemento en su sitio web, puede mejorar indudablemente la satisfacci\u00f3n del usuario, fomentar una mayor participaci\u00f3n y reforzar la accesibilidad general.<\/p>\n","protected":false},"featured_media":167549,"comment_status":"open","ping_status":"open","template":"","meta":[],"product_brand":[2339],"product_cat":[1214,1206,1211],"product_tag":[1256],"class_list":{"0":"post-112448","1":"product","2":"type-product","3":"status-publish","4":"has-post-thumbnail","6":"product_brand-codecanyon","7":"product_cat-personalizacion","8":"product_cat-plugins","9":"product_cat-wordpress-plugins","10":"product_tag-codecanyon","11":"member-discount","12":"discount-restricted","14":"first","15":"instock","16":"sale","17":"downloadable","18":"virtual","19":"sold-individually","20":"purchasable","21":"product-type-simple"},"_links":{"self":[{"href":"https:\/\/gpl-love.com\/es\/wp-json\/wp\/v2\/product\/112448","targetHints":{"allow":["GET"]}}],"collection":[{"href":"https:\/\/gpl-love.com\/es\/wp-json\/wp\/v2\/product"}],"about":[{"href":"https:\/\/gpl-love.com\/es\/wp-json\/wp\/v2\/types\/product"}],"replies":[{"embeddable":true,"href":"https:\/\/gpl-love.com\/es\/wp-json\/wp\/v2\/comments?post=112448"}],"wp:featuredmedia":[{"embeddable":true,"href":"https:\/\/gpl-love.com\/es\/wp-json\/wp\/v2\/media\/167549"}],"wp:attachment":[{"href":"https:\/\/gpl-love.com\/es\/wp-json\/wp\/v2\/media?parent=112448"}],"wp:term":[{"taxonomy":"product_brand","embeddable":true,"href":"https:\/\/gpl-love.com\/es\/wp-json\/wp\/v2\/product_brand?post=112448"},{"taxonomy":"product_cat","embeddable":true,"href":"https:\/\/gpl-love.com\/es\/wp-json\/wp\/v2\/product_cat?post=112448"},{"taxonomy":"product_tag","embeddable":true,"href":"https:\/\/gpl-love.com\/es\/wp-json\/wp\/v2\/product_tag?post=112448"}],"curies":[{"name":"wp","href":"https:\/\/api.w.org\/{rel}","templated":true}]}}