{"id":112446,"date":"2022-01-09T00:00:00","date_gmt":"2022-01-09T05:00:00","guid":{"rendered":"http:\/\/gpl-love.com\/es\/producto\/accesspress-social-login-wordpress-plugin\/"},"modified":"2026-03-09T07:15:24","modified_gmt":"2026-03-09T12:15:24","slug":"accesspress-social-login-wordpress-plugin","status":"publish","type":"product","link":"https:\/\/gpl-love.com\/es\/producto\/accesspress-social-login-wordpress-plugin\/","title":{"rendered":"AccessPress Social Login WordPress Plugin 2.2.1"},"content":{"rendered":"<h3>AccessPress Social Login WordPress Plugin Caracteristicas<\/h3>\n<p>AccessPress Social Login es un complemento de WordPress notablemente poderoso que ofrece a los propietarios de sitios web la conveniencia de proporcionar a sus visitantes opciones de inicio de sesi\u00f3n sociales sin problemas. Al aprovechar este complemento, los usuarios pueden acceder sin esfuerzo a su sitio utilizando sus credenciales de redes sociales existentes de plataformas prominentes como Facebook, Twitter, Google, LinkedIn y muchos otros. Esta caracter\u00edstica ventajosa no solo garantiza una experiencia de usuario perfecta, sino que tambi\u00e9n elimina la necesidad de que los visitantes pasen por el agotador proceso de crear otro inicio de sesi\u00f3n y contrase\u00f1a espec\u00edficamente para su sitio. Adem\u00e1s, AccessPress Social Login le otorga acceder a una variedad de opciones de personalizaci\u00f3n, lo que le permite adaptar el proceso de inicio de sesi\u00f3n de una manera que se alinea perfectamente con la est\u00e9tica \u00fanica de su marca. En \u00faltima instancia, este complemento sirve como una soluci\u00f3n excepcional para cualquier sitio de WordPress que se esfuerce por optimizar el procedimiento de inicio de sesi\u00f3n al tiempo que enriquece simult\u00e1neamente la participaci\u00f3n del usuario.<\/p>\n<ul>\n<li>Permite a los usuarios iniciar sesi\u00f3n\/registrarse para un sitio web utilizando sus cuentas de redes sociales<\/li>\n<li>Admite plataformas de redes sociales populares como Facebook, Google, Twitter, LinkedIn e Instagram<\/li>\n<li>Proporciona un proceso de inicio de sesi\u00f3n sin problemas y r\u00e1pido, reduciendo la necesidad de que los usuarios recuerden m\u00faltiples credenciales de inicio de sesi\u00f3n<\/li>\n<li>Permite a los propietarios de sitios web personalizar la apariencia y la colocaci\u00f3n de los botones de inicio de sesi\u00f3n sociales<\/li>\n<li>Permite a los propietarios de sitios web configurar redirecciones despu\u00e9s del inicio de sesi\u00f3n o el registro<\/li>\n<li>Proporciona documentaci\u00f3n detallada y soporte para garantizar una instalaci\u00f3n y uso f\u00e1cil<\/li>\n<li>Con el apoyo de un equipo de desarrolladores dedicados y experimentados que actualizan constantemente el complemento con nuevas caracter\u00edsticas y mejoras.<\/li>\n<\/ul>\n","protected":false},"excerpt":{"rendered":"<p>El complemento AccessPress Social Login WordPress es un complemento de inicio de sesi\u00f3n de WordPress excepcional, dise\u00f1ado para proporcionar un conveniente inicio de sesi\u00f3n social de WordPress. Este complemento permite un registro f\u00e1cil con las credenciales de redes sociales, convirtiendo el proceso de creaci\u00f3n de cuentas en una tarea sin esfuerzo. Con este inicio de sesi\u00f3n de redes sociales f\u00e1ciles de usar, sus usuarios pueden registrarse instant\u00e1neamente e iniciar sesi\u00f3n en su estimado sitio web, haciendo uso de sus credenciales de inicio de sesi\u00f3n de Facebook, Twitter o Google.<\/p>\n<p>AccessPress Social Login es un complemento de compatibilidad de la plataforma de renombre, que ofrece una integraci\u00f3n perfecta con plataformas de redes sociales prominentes. Esto significa que el proceso de registro e inicio de sesi\u00f3n no solo es simplificado, sino tambi\u00e9n sin problemas. Los usuarios no tienen que preocuparse por los requisitos de registro adicionales o la administraci\u00f3n de contrase\u00f1as, lo que lo convierte en el complemento gratuito de administraci\u00f3n de contrase\u00f1as ideal.<\/p>\n<p>Una de las caracter\u00edsticas clave de este complemento es el inicio de sesi\u00f3n de las redes sociales de un solo clic. Con un solo clic en su plataforma de redes sociales preferidas, los usuarios se registran e inician sesi\u00f3n instant\u00e1neamente, proporcionando una experiencia de registro e inicio de sesi\u00f3n instant\u00e1nea que carece de complejidades.<\/p>\n<p>Adem\u00e1s, la instalaci\u00f3n y la configuraci\u00f3n<\/p>\n","protected":false},"featured_media":165250,"comment_status":"open","ping_status":"open","template":"","meta":[],"product_brand":[2339],"product_cat":[1214,1206,1211],"product_tag":[1256],"class_list":{"0":"post-112446","1":"product","2":"type-product","3":"status-publish","4":"has-post-thumbnail","6":"product_brand-codecanyon","7":"product_cat-personalizacion","8":"product_cat-plugins","9":"product_cat-wordpress-plugins","10":"product_tag-codecanyon","11":"member-discount","12":"discount-restricted","14":"first","15":"instock","16":"sale","17":"downloadable","18":"virtual","19":"sold-individually","20":"purchasable","21":"product-type-simple"},"_links":{"self":[{"href":"https:\/\/gpl-love.com\/es\/wp-json\/wp\/v2\/product\/112446","targetHints":{"allow":["GET"]}}],"collection":[{"href":"https:\/\/gpl-love.com\/es\/wp-json\/wp\/v2\/product"}],"about":[{"href":"https:\/\/gpl-love.com\/es\/wp-json\/wp\/v2\/types\/product"}],"replies":[{"embeddable":true,"href":"https:\/\/gpl-love.com\/es\/wp-json\/wp\/v2\/comments?post=112446"}],"wp:featuredmedia":[{"embeddable":true,"href":"https:\/\/gpl-love.com\/es\/wp-json\/wp\/v2\/media\/165250"}],"wp:attachment":[{"href":"https:\/\/gpl-love.com\/es\/wp-json\/wp\/v2\/media?parent=112446"}],"wp:term":[{"taxonomy":"product_brand","embeddable":true,"href":"https:\/\/gpl-love.com\/es\/wp-json\/wp\/v2\/product_brand?post=112446"},{"taxonomy":"product_cat","embeddable":true,"href":"https:\/\/gpl-love.com\/es\/wp-json\/wp\/v2\/product_cat?post=112446"},{"taxonomy":"product_tag","embeddable":true,"href":"https:\/\/gpl-love.com\/es\/wp-json\/wp\/v2\/product_tag?post=112446"}],"curies":[{"name":"wp","href":"https:\/\/api.w.org\/{rel}","templated":true}]}}