{"id":112444,"date":"2025-08-26T00:00:00","date_gmt":"2025-08-26T05:00:00","guid":{"rendered":"http:\/\/gpl-love.com\/es\/producto\/fixed-toc-table-of-contents-para-wordpress-plugin\/"},"modified":"2026-03-09T07:35:12","modified_gmt":"2026-03-09T12:35:12","slug":"fixed-toc-table-of-contents-para-wordpress-plugin","status":"publish","type":"product","link":"https:\/\/gpl-love.com\/es\/producto\/fixed-toc-table-of-contents-para-wordpress-plugin\/","title":{"rendered":"Fixed TOC table of contents para WordPress plugin 4.2.3"},"content":{"rendered":"<h3>Fixed TOC table of contents para WordPress plugin Caracteristicas<\/h3>\n<p>La tabla de contenido de TOC fija para el complemento de WordPress ofrece una gran cantidad de caracter\u00edsticas y funcionalidades potentes que satisfacen las necesidades y deseos de los bloggers y propietarios de sitios web que buscan establecer un sistema de navegaci\u00f3n de sitios web bien estructurado y f\u00e1cil de usar. Este notable complemento facilita la creaci\u00f3n de una tabla fija de contenido que permanece perpetuamente visible para los visitantes, lo que les permite leer y seleccionar sin esfuerzo el contenido que cautiva su inter\u00e9s. Adem\u00e1s, la tabla de contenido de TOC fija para el complemento de WordPress permite a los propietarios de sitios web adaptar sin esfuerzo la apariencia y operaci\u00f3n de su tabla de contenido de acuerdo con sus requisitos y preferencias \u00fanicas. Ya sea que se identifique como un blogger experimentado, un vendedor de contenido competente o un astuto propietario del sitio web que anhela mejorar la navegaci\u00f3n y la experiencia del usuario de su sitio web, la tabla de contenido de TOC fija para el complemento de WordPress se destaca como una herramienta indispensable que garantiza su mayor atenci\u00f3n y su m\u00e1xima atenci\u00f3n y su m\u00e1xima atenci\u00f3n. consideraci\u00f3n.<\/p>\n<ul>\n<li>Navegaci\u00f3n f\u00e1cil: permite a los usuarios navegar f\u00e1cilmente a trav\u00e9s del contenido en su sitio de WordPress.<\/li>\n<li>Personalizaci\u00f3n: proporciona a los usuarios la capacidad de personalizar el aspecto de su tabla de contenido para que coincida con la marca y el dise\u00f1o de su sitio.<\/li>\n<li>Dise\u00f1o receptivo: funciona sin problemas con los dispositivos m\u00f3viles para que los usuarios puedan acceder al contenido sobre la marcha.<\/li>\n<li>Experiencia de usuario mejorada: mejora la experiencia del usuario eliminando la necesidad de que los usuarios busquen informaci\u00f3n manualmente en una p\u00e1gina.<\/li>\n<li>Compatibilidad: compatible con cualquier tema o complemento de WordPress, lo que facilita que los usuarios se integren con su sitio web existente.<\/li>\n<li>Ahorro de tiempo: funcionalidad de ahorro de tiempo para los propietarios de sitios web, ya que podr\u00e1n ofrecer facilidad de uso para los visitantes del sitio web.<\/li>\n<li>Contenido organizado: ayuda a los propietarios de sitios web a mantener su contenido organizado y f\u00e1cil para sus visitantes a navegar.<\/li>\n<li>Mayor tr\u00e1fico: brinda a los propietarios de sitios web la oportunidad de aumentar el tr\u00e1fico en su sitio optimizando la experiencia del usuario.<\/li>\n<li>Instalaci\u00f3n r\u00e1pida: proceso de instalaci\u00f3n y activaci\u00f3n f\u00e1cil que permite a los usuarios comenzar a usar el complemento r\u00e1pidamente.<\/li>\n<li>Rentable: opci\u00f3n de complemento asequible que proporciona un gran valor a los usuarios que buscan mejorar la navegaci\u00f3n de su sitio web.<\/li>\n<\/ul>\n","protected":false},"excerpt":{"rendered":"<p>La tabla de contenido de TOC fija para el complemento de WordPress presenta una soluci\u00f3n ideal para bloggers y propietarios de sitios web que buscan mejorar la experiencia de navegaci\u00f3n de sus lectores. Al emplear este complemento, se puede generar sin esfuerzo una tabla fija de contenido para sus p\u00e1ginas y publicaciones de WordPress, simplificando as\u00ed el proceso de navegar a trav\u00e9s del contenido para los lectores. Adem\u00e1s, ofrece opciones de personalizaci\u00f3n completas, lo que permite a los usuarios seleccionar un estilo y un dise\u00f1o que se integra perfectamente con el dise\u00f1o de su sitio web. Comience a optimizar la experiencia de su lector hoy adoptando las caracter\u00edsticas excepcionales ofrecidas por TOC fijo.<\/p>\n","protected":false},"featured_media":166113,"comment_status":"open","ping_status":"open","template":"","meta":[],"product_brand":[2339],"product_cat":[1214,1206,1211],"product_tag":[1256],"class_list":{"0":"post-112444","1":"product","2":"type-product","3":"status-publish","4":"has-post-thumbnail","6":"product_brand-codecanyon","7":"product_cat-personalizacion","8":"product_cat-plugins","9":"product_cat-wordpress-plugins","10":"product_tag-codecanyon","11":"member-discount","12":"discount-restricted","14":"first","15":"instock","16":"sale","17":"downloadable","18":"virtual","19":"sold-individually","20":"purchasable","21":"product-type-simple"},"_links":{"self":[{"href":"https:\/\/gpl-love.com\/es\/wp-json\/wp\/v2\/product\/112444","targetHints":{"allow":["GET"]}}],"collection":[{"href":"https:\/\/gpl-love.com\/es\/wp-json\/wp\/v2\/product"}],"about":[{"href":"https:\/\/gpl-love.com\/es\/wp-json\/wp\/v2\/types\/product"}],"replies":[{"embeddable":true,"href":"https:\/\/gpl-love.com\/es\/wp-json\/wp\/v2\/comments?post=112444"}],"wp:featuredmedia":[{"embeddable":true,"href":"https:\/\/gpl-love.com\/es\/wp-json\/wp\/v2\/media\/166113"}],"wp:attachment":[{"href":"https:\/\/gpl-love.com\/es\/wp-json\/wp\/v2\/media?parent=112444"}],"wp:term":[{"taxonomy":"product_brand","embeddable":true,"href":"https:\/\/gpl-love.com\/es\/wp-json\/wp\/v2\/product_brand?post=112444"},{"taxonomy":"product_cat","embeddable":true,"href":"https:\/\/gpl-love.com\/es\/wp-json\/wp\/v2\/product_cat?post=112444"},{"taxonomy":"product_tag","embeddable":true,"href":"https:\/\/gpl-love.com\/es\/wp-json\/wp\/v2\/product_tag?post=112444"}],"curies":[{"name":"wp","href":"https:\/\/api.w.org\/{rel}","templated":true}]}}