{"id":112442,"date":"2021-07-28T00:00:00","date_gmt":"2021-07-28T05:00:00","guid":{"rendered":"http:\/\/gpl-love.com\/es\/producto\/logistic-wp-tema-for-transportation-business\/"},"modified":"2026-03-13T17:23:46","modified_gmt":"2026-03-13T22:23:46","slug":"logistic-wp-tema-for-transportation-business","status":"publish","type":"product","link":"https:\/\/gpl-love.com\/es\/producto\/logistic-wp-tema-for-transportation-business\/","title":{"rendered":"Logistic WP Tema For Transportation Business 6.8"},"content":{"rendered":"<h3>Logistic WP Tema For Transportation Business Caracteristicas<\/h3>\n<p>El tema log\u00edstico de WP es un tema de WordPress que lo abarca todo y f\u00e1cil de usar, espec\u00edficamente dise\u00f1ado para la industria del transporte. Este tema cuenta con una gran cantidad de caracter\u00edsticas que lo convierten en la opci\u00f3n ideal para los negocios de log\u00edstica y transporte. Su dise\u00f1o tiene como objetivo establecer un sitio web visualmente cautivador que sea navegable sin esfuerzo, lo que permite a las empresas mostrar sin esfuerzo sus servicios, productos y ofertas. Adem\u00e1s, el dise\u00f1o receptivo del tema log\u00edstico WP garantiza un rendimiento \u00f3ptimo en todos los dispositivos, garantizando un sitio web visualmente agradable independientemente del tama\u00f1o de la pantalla. Adem\u00e1s, este tema se puede personalizar para alinearse con la marca y el estilo distintivo de su negocio. La simplicidad de configurar el tema WP log\u00edstico, junto con su extensa documentaci\u00f3n, lo convierte en una excelente opci\u00f3n para las empresas de transporte que buscan establecer una presencia en l\u00ednea profesional y cautivadora.<\/p>\n<ul>\n<li>Tema de WordPress profesional y moderno dise\u00f1ado para negocios de transporte y log\u00edstica.<\/li>\n<li>Incluye varios dise\u00f1os de p\u00e1gina predise\u00f1ados para servicios, miembros del equipo, galer\u00eda, testimonios y m\u00e1s.<\/li>\n<li>El dise\u00f1o receptivo m\u00f3vil asegura una experiencia de usuario perfecta en todos los dispositivos.<\/li>\n<li>Compatibilidad incorporada con WooCommerce para f\u00e1ciles ventas en l\u00ednea de servicios de transporte.<\/li>\n<li>El esquema de color personalizable y las opciones de fuentes permiten una marca f\u00e1cil para que coincida con el estilo de su empresa.<\/li>\n<li>Panel de administraci\u00f3n f\u00e1cil de usar para administrar el contenido y el dise\u00f1o del sitio web.<\/li>\n<li>Admite varios complementos que incluyen el Formulario de contacto 7, WPML, Revolution Slider y m\u00e1s.<\/li>\n<li>SEO optimizado para mejorar la clasificaci\u00f3n de los motores de b\u00fasqueda y conducir m\u00e1s tr\u00e1fico a su sitio web.<\/li>\n<li>Fuerte enfoque en la experiencia del usuario y la interfaz f\u00e1cil de usar para impulsar las conversiones.<\/li>\n<li>Atenci\u00f3n al cliente dedicada para ayudar con cualquier problema t\u00e9cnico o pregunta.<\/li>\n<\/ul>\n","protected":false},"excerpt":{"rendered":"<p>El tema log\u00edstico de WP para el negocio de transporte es un tema de WordPress incre\u00edblemente vers\u00e1til y f\u00e1cil de usar que ha sido creado por expertos en las compa\u00f1\u00edas de log\u00edstica y transporte en mente. Con un dise\u00f1o elegante y contempor\u00e1neo, este tema asegura que su sitio web parezca impresionante y visualmente cautivador en cualquier dispositivo, lo que permite a los clientes potenciales comprometerse sin esfuerzo con su negocio donde sea que est\u00e9n. Adem\u00e1s, este tema est\u00e1 equipado con una gran cantidad de caracter\u00edsticas impresionantes, como un innovador sistema de reservas en l\u00ednea, una tabla de precios meticulosamente personalizable y un dise\u00f1o notablemente receptivo que se adapta perfectamente a varios tama\u00f1os de pantalla. Adem\u00e1s, tambi\u00e9n proporciona convenientemente p\u00e1ginas preconstruidas para secciones esenciales como servicios, sobre nosotros y testimonios, simplificando el proceso de establecer su sitio web en poco tiempo. Si est\u00e1 en busca de una soluci\u00f3n excepcionalmente profesional y notablemente f\u00e1cil de usar para las necesidades del sitio web de su negocio de transporte, el tema log\u00edstico de WP sin duda es el ep\u00edtome de la excelencia.<\/p>\n","protected":false},"featured_media":166632,"comment_status":"open","ping_status":"open","template":"","meta":[],"product_brand":[2337],"product_cat":[1307,1237,1238],"product_tag":[1391],"class_list":{"0":"post-112442","1":"product","2":"type-product","3":"status-publish","4":"has-post-thumbnail","6":"product_brand-themeforest","7":"product_cat-negocio-wordpress-temas","8":"product_cat-temas","9":"product_cat-wordpress-temas","10":"product_tag-themeforest","11":"member-discount","12":"discount-restricted","14":"first","15":"instock","16":"sale","17":"downloadable","18":"virtual","19":"sold-individually","20":"purchasable","21":"product-type-simple"},"_links":{"self":[{"href":"https:\/\/gpl-love.com\/es\/wp-json\/wp\/v2\/product\/112442","targetHints":{"allow":["GET"]}}],"collection":[{"href":"https:\/\/gpl-love.com\/es\/wp-json\/wp\/v2\/product"}],"about":[{"href":"https:\/\/gpl-love.com\/es\/wp-json\/wp\/v2\/types\/product"}],"replies":[{"embeddable":true,"href":"https:\/\/gpl-love.com\/es\/wp-json\/wp\/v2\/comments?post=112442"}],"wp:featuredmedia":[{"embeddable":true,"href":"https:\/\/gpl-love.com\/es\/wp-json\/wp\/v2\/media\/166632"}],"wp:attachment":[{"href":"https:\/\/gpl-love.com\/es\/wp-json\/wp\/v2\/media?parent=112442"}],"wp:term":[{"taxonomy":"product_brand","embeddable":true,"href":"https:\/\/gpl-love.com\/es\/wp-json\/wp\/v2\/product_brand?post=112442"},{"taxonomy":"product_cat","embeddable":true,"href":"https:\/\/gpl-love.com\/es\/wp-json\/wp\/v2\/product_cat?post=112442"},{"taxonomy":"product_tag","embeddable":true,"href":"https:\/\/gpl-love.com\/es\/wp-json\/wp\/v2\/product_tag?post=112442"}],"curies":[{"name":"wp","href":"https:\/\/api.w.org\/{rel}","templated":true}]}}