{"id":112436,"date":"2023-03-07T00:00:00","date_gmt":"2023-03-07T05:00:00","guid":{"rendered":"http:\/\/gpl-love.com\/es\/producto\/homepress-real-estate-wordpress-tema\/"},"modified":"2026-03-13T17:22:09","modified_gmt":"2026-03-13T22:22:09","slug":"homepress-real-estate-wordpress-tema","status":"publish","type":"product","link":"https:\/\/gpl-love.com\/es\/producto\/homepress-real-estate-wordpress-tema\/","title":{"rendered":"HomePress Real Estate WordPress Theme 1.3.7"},"content":{"rendered":"<h3>HomePress Real Estate WordPress Theme Caracteristicas<\/h3>\n<p>El tema de WordPress de bienes ra\u00edces de HomePress es un tema exquisito y de alta calidad espec\u00edficamente adaptado para agentes inmobiliarios, corredores y agencias que tienen como objetivo exhibir sus propiedades de manera efectiva en Internet. Este notable tema cuenta con un dise\u00f1o contempor\u00e1neo y elegante, acompa\u00f1ado de una gran cantidad de caracter\u00edsticas personalizables que capacitan a los usuarios para dise\u00f1ar un sitio web distintivo sin esfuerzo. Con una amplia gama de dise\u00f1os de p\u00e1gina de inicio predise\u00f1ados, listados de propiedades, p\u00e1ginas de agentes y funcionalidad de b\u00fasqueda de propiedades, este tema ofrece una flexibilidad incomparable para satisfacer las necesidades \u00fanicas de cualquier negocio inmobiliario. Adem\u00e1s, se integra perfectamente con complementos populares como el formulario de contacto 7, Yoast SEO y WPML, facilitando la colaboraci\u00f3n sin esfuerzo con otras herramientas esenciales. Al utilizar el tema HomePress Real Estate WordPress, los usuarios pueden elaborar sin esfuerzo un sitio web altamente profesional y f\u00e1cil de usar que les permita separarse sin esfuerzo en medio de la competitividad del mercado inmobiliario saturado.<\/p>\n<ul>\n<li>Un tema de WordPress totalmente personalizable y receptivo dise\u00f1ado para sitios web de bienes ra\u00edces<\/li>\n<li>Cuenta con m\u00faltiples p\u00e1ginas de inicio y plantillas predise\u00f1adas para listados de propiedades, agentes y agencias<\/li>\n<li>Incluye un potente motor de b\u00fasqueda y opciones de filtrado avanzadas para los visitantes que buscan propiedades<\/li>\n<li>Soporte IDX y MLS incorporado para una integraci\u00f3n perfecta con bases de datos MLS y listados de propiedades<\/li>\n<li>Opciones para la presentaci\u00f3n de la propiedad front-end y el procesamiento de pagos para agentes y agencias<\/li>\n<li>Integraci\u00f3n con complementos populares como formularios de gravedad, Formulario de contacto 7 y WPML para soporte multiling\u00fce<\/li>\n<li>Panel de control f\u00e1cil de usar para que los administradores del sitio web administren propiedades, agentes y agencias<\/li>\n<li>Opciones para personalizar la apariencia y el dise\u00f1o del sitio web sin ning\u00fan conocimiento de codificaci\u00f3n<\/li>\n<li>Compatibilidad con todos los navegadores y dispositivos modernos para una experiencia de usuario fluida<\/li>\n<li>Las actualizaciones y el apoyo regulares de desarrolladores experimentados para garantizar que el tema se mantenga actualizado con las \u00faltimas tecnolog\u00edas y tendencias.<\/li>\n<\/ul>\n","protected":false},"excerpt":{"rendered":"<p>El tema de WordPress de bienes ra\u00edces de HomePress se presenta como un instrumento altamente potente e intuitivo con el fin de construir un sitio web visualmente llamativo que atiende a su empresa inmobiliaria. Su surtido de plantillas y widgets personalizados f\u00e1ciles de usar le permite exhibir sus propiedades, listados focales y los perfiles de sus agentes de manera pulida y agradable. Este tema no solo posee un dise\u00f1o receptivo, lo que hace que su sitio web sea visualmente atractivo en todos los dispositivos, sino que tambi\u00e9n incorpora funcionalidades de b\u00fasqueda avanzadas que permiten a su clientela para identificar sus resultados deseados con precisi\u00f3n. Adem\u00e1s, la inclusi\u00f3n de una importaci\u00f3n de demostraci\u00f3n de un solo clic y una amplia documentaci\u00f3n garantiza la mayor comodidad al embarcarse en su viaje de HomePress. Mejore su presencia virtual y suene una base de clientes m\u00e1s grande con la destreza inigualable de HomePress.<\/p>\n","protected":false},"featured_media":166421,"comment_status":"open","ping_status":"open","template":"","meta":[],"product_brand":[2337],"product_cat":[1381,1237,1238],"product_tag":[1391],"class_list":{"0":"post-112436","1":"product","2":"type-product","3":"status-publish","4":"has-post-thumbnail","6":"product_brand-themeforest","7":"product_cat-bienes-raices","8":"product_cat-temas","9":"product_cat-wordpress-temas","10":"product_tag-themeforest","11":"member-discount","12":"discount-restricted","14":"first","15":"instock","16":"sale","17":"downloadable","18":"virtual","19":"sold-individually","20":"purchasable","21":"product-type-simple"},"_links":{"self":[{"href":"https:\/\/gpl-love.com\/es\/wp-json\/wp\/v2\/product\/112436","targetHints":{"allow":["GET"]}}],"collection":[{"href":"https:\/\/gpl-love.com\/es\/wp-json\/wp\/v2\/product"}],"about":[{"href":"https:\/\/gpl-love.com\/es\/wp-json\/wp\/v2\/types\/product"}],"replies":[{"embeddable":true,"href":"https:\/\/gpl-love.com\/es\/wp-json\/wp\/v2\/comments?post=112436"}],"wp:featuredmedia":[{"embeddable":true,"href":"https:\/\/gpl-love.com\/es\/wp-json\/wp\/v2\/media\/166421"}],"wp:attachment":[{"href":"https:\/\/gpl-love.com\/es\/wp-json\/wp\/v2\/media?parent=112436"}],"wp:term":[{"taxonomy":"product_brand","embeddable":true,"href":"https:\/\/gpl-love.com\/es\/wp-json\/wp\/v2\/product_brand?post=112436"},{"taxonomy":"product_cat","embeddable":true,"href":"https:\/\/gpl-love.com\/es\/wp-json\/wp\/v2\/product_cat?post=112436"},{"taxonomy":"product_tag","embeddable":true,"href":"https:\/\/gpl-love.com\/es\/wp-json\/wp\/v2\/product_tag?post=112436"}],"curies":[{"name":"wp","href":"https:\/\/api.w.org\/{rel}","templated":true}]}}