{"id":112434,"date":"2021-04-11T00:00:00","date_gmt":"2021-04-11T05:00:00","guid":{"rendered":"http:\/\/gpl-love.com\/es\/producto\/cargo-transport-y-logistics-wordpress-tema\/"},"modified":"2026-03-13T17:17:28","modified_gmt":"2026-03-13T22:17:28","slug":"cargo-transport-y-logistics-wordpress-tema","status":"publish","type":"product","link":"https:\/\/gpl-love.com\/es\/producto\/cargo-transport-y-logistics-wordpress-tema\/","title":{"rendered":"Cargo Transport y Logistics WordPress Theme 1.3.3"},"content":{"rendered":"<h3>Cargo Transport y Logistics WordPress Theme Caracteristicas<\/h3>\n<p>El tema de WordPress de transporte de carga y log\u00edstica, con su innumerable funcionalidades y capacidades robustas, sirve como un activo invaluable para las empresas que operan en el sector de transporte y log\u00edstica. Su interfaz f\u00e1cil de usar, junto con sus caracter\u00edsticas altamente personalizables, permite a los usuarios exhibir eficazmente sus servicios, flota y equipo, estableciendo as\u00ed un sentido de profesionalismo y cautivaci\u00f3n. Este tema cuenta con una gran cantidad de p\u00e1ginas predise\u00f1adas, que abarca un formulario de reserva, p\u00e1gina de seguimiento y p\u00e1ginas de servicio, facilitando as\u00ed la navegaci\u00f3n perfecta para los clientes y asegurando que sus necesidades se satisfagan r\u00e1pidamente. Adem\u00e1s, la capacidad de respuesta del tema y la naturaleza amigable para los dispositivos m\u00f3viles garantizan un sitio web est\u00e9ticamente agradable en todos los dispositivos. Independientemente de la escala de su empresa, ya sea una compa\u00f1\u00eda naviera modesta o un proveedor de log\u00edstica expansiva, el tema de WordPress de transporte de carga y log\u00edstica sirve como un catalizador para establecer una presencia en l\u00ednea y fomentar un crecimiento empresarial incomparable.<\/p>\n<ul>\n<li>-Page de inicio comprendido con m\u00faltiples secciones para exhibir servicios, testimonios y m\u00e1s<\/li>\n<li>-Entegraci\u00f3n con complementos de transporte y log\u00edstica populares para una funcionalidad adicional<\/li>\n<li>-El dise\u00f1o respondido para una visualizaci\u00f3n \u00f3ptima en todos los dispositivos<\/li>\n<li>-Pages hechas de presentaci\u00f3n para una configuraci\u00f3n conveniente, incluidos servicios, sobre nosotros, cont\u00e1ctenos y m\u00e1s<\/li>\n<li>-Lago de b\u00fasqueda avanzada para facilitar la navegaci\u00f3n de los servicios de transporte y log\u00edstica<\/li>\n<li>-La integraci\u00f3n de medios social para f\u00e1cil compartir y promoci\u00f3n de su negocio en l\u00ednea<\/li>\n<li>-Optimizado para el SEO para mejorar la visibilidad y la clasificaci\u00f3n en las p\u00e1ginas de resultados del motor de b\u00fasqueda<\/li>\n<li>-La de seguimiento de la reserva y la entrega en l\u00ednea para una mayor comodidad para los clientes<\/li>\n<li>-Sel men\u00fa de navegaci\u00f3n clara e intuitiva para un acceso r\u00e1pido y f\u00e1cil a informaci\u00f3n importante<\/li>\n<li>-Enconocimiento de soporte dedicado con documentaci\u00f3n detallada para la configuraci\u00f3n y personalizaci\u00f3n sin problemas<\/li>\n<\/ul>\n","protected":false},"excerpt":{"rendered":"<p>Experimente una presencia web eficiente y profesional con nuestro tema de WordPress de transporte de carga y log\u00edstica. Dise\u00f1ado espec\u00edficamente para empresas de log\u00edstica, carga, carga, env\u00edo y transporte, este tema est\u00e1 equipado con todas las caracter\u00edsticas necesarias para optimizar sus operaciones e impresionar a sus clientes. Incluye una interfaz intuitiva, una navegaci\u00f3n f\u00e1cil y dise\u00f1os totalmente personalizables que le permiten mostrar sus servicios de la manera m\u00e1s atractiva.<\/p>\n<p>Disfrute de la conveniencia de una calculadora de cotizaciones incorporada, sistemas de seguimiento y formularios de reserva avanzados, todos dise\u00f1ados para hacer que su negocio de transporte y log\u00edstica sea m\u00e1s accesible para los clientes. Este tema de WordPress responde, asegurando una visualizaci\u00f3n e interacci\u00f3n \u00f3ptimas en una amplia gama de dispositivos. Tambi\u00e9n est\u00e1 optimizado por SEO, ayudando a su negocio a clasificar m\u00e1s alto en los resultados de los motores de b\u00fasqueda y atraer m\u00e1s tr\u00e1fico a su sitio.<\/p>\n<p>Nuestro tema de WordPress de transporte y log\u00edstica de carga es la herramienta perfecta para aumentar su presencia en l\u00ednea y hacer crecer su negocio. Es f\u00e1cil de instalar, f\u00e1cil de usar y compatible con una variedad de complementos. \u00a1Comience hoy y experimente la diferencia!<\/p>\n","protected":false},"featured_media":165596,"comment_status":"open","ping_status":"open","template":"","meta":[],"product_brand":[2337],"product_cat":[1307,1237,1238],"product_tag":[1391],"class_list":{"0":"post-112434","1":"product","2":"type-product","3":"status-publish","4":"has-post-thumbnail","6":"product_brand-themeforest","7":"product_cat-negocio-wordpress-temas","8":"product_cat-temas","9":"product_cat-wordpress-temas","10":"product_tag-themeforest","11":"member-discount","12":"discount-restricted","14":"first","15":"instock","16":"sale","17":"downloadable","18":"virtual","19":"sold-individually","20":"purchasable","21":"product-type-simple"},"_links":{"self":[{"href":"https:\/\/gpl-love.com\/es\/wp-json\/wp\/v2\/product\/112434","targetHints":{"allow":["GET"]}}],"collection":[{"href":"https:\/\/gpl-love.com\/es\/wp-json\/wp\/v2\/product"}],"about":[{"href":"https:\/\/gpl-love.com\/es\/wp-json\/wp\/v2\/types\/product"}],"replies":[{"embeddable":true,"href":"https:\/\/gpl-love.com\/es\/wp-json\/wp\/v2\/comments?post=112434"}],"wp:featuredmedia":[{"embeddable":true,"href":"https:\/\/gpl-love.com\/es\/wp-json\/wp\/v2\/media\/165596"}],"wp:attachment":[{"href":"https:\/\/gpl-love.com\/es\/wp-json\/wp\/v2\/media?parent=112434"}],"wp:term":[{"taxonomy":"product_brand","embeddable":true,"href":"https:\/\/gpl-love.com\/es\/wp-json\/wp\/v2\/product_brand?post=112434"},{"taxonomy":"product_cat","embeddable":true,"href":"https:\/\/gpl-love.com\/es\/wp-json\/wp\/v2\/product_cat?post=112434"},{"taxonomy":"product_tag","embeddable":true,"href":"https:\/\/gpl-love.com\/es\/wp-json\/wp\/v2\/product_tag?post=112434"}],"curies":[{"name":"wp","href":"https:\/\/api.w.org\/{rel}","templated":true}]}}