{"id":112432,"date":"2021-08-18T00:00:00","date_gmt":"2021-08-18T05:00:00","guid":{"rendered":"http:\/\/gpl-love.com\/es\/producto\/captcha-plus-wordpress-plugin\/"},"modified":"2026-03-09T07:23:00","modified_gmt":"2026-03-09T12:23:00","slug":"captcha-plus-wordpress-plugin","status":"publish","type":"product","link":"https:\/\/gpl-love.com\/es\/producto\/captcha-plus-wordpress-plugin\/","title":{"rendered":"Captcha Plus WordPress Plugin 5.1.5"},"content":{"rendered":"<h3>Captcha Plus WordPress Plugin Caracteristicas<\/h3>\n<p>El prop\u00f3sito del complemento Captcha Plus WordPress es reforzar las medidas de seguridad de su sitio web frustrando efectivamente el spam y los bots automatizados que pueden intentar infiltrarse en su sistema. Este notable complemento cuenta con una variedad de alternativas de Captcha, que abarca ecuaciones matem\u00e1ticas sin complicaciones, reconocimiento de im\u00e1genes e incluso opciones adicionales para su conveniencia. Adem\u00e1s, le otorga la ventaja incomparable de las personalizaciones avanzadas y la flexibilidad incomparable, lo que le permite ajustar finamente los par\u00e1metros de Captcha para alinearse con sus requisitos distintivos. Al implementar el complemento Captcha Plus WordPress, puede disfrutar con confianza en el conocimiento de que su sitio web sigue siendo impermeable a las intrusiones desagradables y los ataques de spam mal\u00e9volo.<\/p>\n<ul>\n<li>Proporciona seguridad CaptCha avanzada para sitios web de WordPress.<\/li>\n<li>Protege los sitios web de los ataques de spam y DDoS.<\/li>\n<li>Ofrece m\u00faltiples opciones de Captcha, que incluyen texto, imagen y audio.<\/li>\n<li>Configuraci\u00f3n de CaptCha personalizable para satisfacer las necesidades espec\u00edficas de un sitio web.<\/li>\n<li>F\u00e1cil instalaci\u00f3n y uso con la plataforma WordPress.<\/li>\n<li>Compatible con complementos y temas populares de WordPress.<\/li>\n<li>Proporciona registros detallados de actividad de CAPTCHA para monitoreo y an\u00e1lisis.<\/li>\n<li>Ayuda a mejorar el rendimiento del sitio web y la experiencia del usuario.<\/li>\n<li>Dise\u00f1ado y desarrollado por desarrolladores experimentados de WordPress.<\/li>\n<li>Proporciona protecci\u00f3n CaptCha confiable y eficiente para sitios web.<\/li>\n<\/ul>\n","protected":false},"excerpt":{"rendered":"<p>Experimente la mejor seguridad con Captcha Plus WordPress Plugin. Este innovador complemento ofrece una protecci\u00f3n inigualable para su sitio de WordPress, manteni\u00e9ndolo a salvo de spam y bots. Su caracter\u00edstica clave incluye una interfaz inteligente y f\u00e1cil de usar que genera intuitivamente c\u00f3digos CAPTCHA complejos, agregando una capa adicional de seguridad a su sitio. M\u00e1s que una simple herramienta de defensa, Captcha Plus es altamente personalizable, lo que le permite elegir entre una variedad de tipos de captcha, como acciones matem\u00e1ticas, personajes o palabras. El complemento tambi\u00e9n admite m\u00faltiples idiomas, lo que lo hace accesible para los usuarios de todo el mundo. Con su simple proceso de instalaci\u00f3n y su dise\u00f1o f\u00e1cil de usar, el complemento Captcha Plus WordPress hace que la seguridad del sitio web sea muy f\u00e1cil. Entonces, \u00bfpor qu\u00e9 esperar? Aumente la protecci\u00f3n de su sitio hoy con Captcha Plus.<\/p>\n","protected":false},"featured_media":165590,"comment_status":"open","ping_status":"open","template":"","meta":[],"product_brand":[2339],"product_cat":[1214,1206,1211],"product_tag":[1256],"class_list":{"0":"post-112432","1":"product","2":"type-product","3":"status-publish","4":"has-post-thumbnail","6":"product_brand-codecanyon","7":"product_cat-personalizacion","8":"product_cat-plugins","9":"product_cat-wordpress-plugins","10":"product_tag-codecanyon","11":"member-discount","12":"discount-restricted","14":"first","15":"instock","16":"sale","17":"downloadable","18":"virtual","19":"sold-individually","20":"purchasable","21":"product-type-simple"},"_links":{"self":[{"href":"https:\/\/gpl-love.com\/es\/wp-json\/wp\/v2\/product\/112432","targetHints":{"allow":["GET"]}}],"collection":[{"href":"https:\/\/gpl-love.com\/es\/wp-json\/wp\/v2\/product"}],"about":[{"href":"https:\/\/gpl-love.com\/es\/wp-json\/wp\/v2\/types\/product"}],"replies":[{"embeddable":true,"href":"https:\/\/gpl-love.com\/es\/wp-json\/wp\/v2\/comments?post=112432"}],"wp:featuredmedia":[{"embeddable":true,"href":"https:\/\/gpl-love.com\/es\/wp-json\/wp\/v2\/media\/165590"}],"wp:attachment":[{"href":"https:\/\/gpl-love.com\/es\/wp-json\/wp\/v2\/media?parent=112432"}],"wp:term":[{"taxonomy":"product_brand","embeddable":true,"href":"https:\/\/gpl-love.com\/es\/wp-json\/wp\/v2\/product_brand?post=112432"},{"taxonomy":"product_cat","embeddable":true,"href":"https:\/\/gpl-love.com\/es\/wp-json\/wp\/v2\/product_cat?post=112432"},{"taxonomy":"product_tag","embeddable":true,"href":"https:\/\/gpl-love.com\/es\/wp-json\/wp\/v2\/product_tag?post=112432"}],"curies":[{"name":"wp","href":"https:\/\/api.w.org\/{rel}","templated":true}]}}