{"id":112430,"date":"2021-04-11T00:00:00","date_gmt":"2021-04-11T05:00:00","guid":{"rendered":"http:\/\/gpl-love.com\/es\/producto\/uppercase-wordpress-blog-tema-with-dark-mode\/"},"modified":"2026-04-10T11:29:42","modified_gmt":"2026-04-10T16:29:42","slug":"uppercase-wordpress-blog-tema-with-dark-mode","status":"publish","type":"product","link":"https:\/\/gpl-love.com\/es\/producto\/uppercase-wordpress-blog-tema-with-dark-mode\/","title":{"rendered":"Uppercase WordPress Blog Tema with Dark Mode 1.0.8"},"content":{"rendered":"<h3>Uppercase WordPress Blog Tema with Dark Mode Caracteristicas<\/h3>\n<p>El tema del blog de WordPress en may\u00fasculas, repleto de un modo oscuro cautivador, es un tema realmente elegante y contempor\u00e1neo que est\u00e1 hecho a medida para los bloggers que anhelan establecer una declaraci\u00f3n resuelta y audaz con su sitio web. Este tema muestra una fuente de todos los capas completamente cautivadora que exige atenci\u00f3n sin esfuerzo, junto con un esquema de color oscuro elegante y sofisticado que exuda un aire de refinamiento y estilo. Los suscriptores de este tema se les otorgar\u00e1 la invaluable capacidad para personalizar y hacer alarde de su contenido de una manera visualmente atractiva e inherentemente f\u00e1cil de usar. Adem\u00e1s, la inclusi\u00f3n de la funci\u00f3n de modo oscuro proporciona a los lectores la invaluable oportunidad de hacer una transici\u00f3n sin problemas a una experiencia de lectura m\u00e1s c\u00f3moda y f\u00e1cilmente discernible, particularmente en entornos de poca luz donde los modos tradicionales pueden ser una tensi\u00f3n visual. En \u00faltima instancia, el tema del blog de WordPress en may\u00fasculas, fortificado con su impecable modo oscuro, representa inequ\u00edvocamente una opci\u00f3n incomparable para los bloggers que aspiran a magnificar su presencia en l\u00ednea y grabar indeleblemente una impresi\u00f3n duradera y notable sobre su audiencia.<\/p>\n<ul>\n<li>Un tema de blog de WordPress elegante y moderno dise\u00f1ado con tipograf\u00eda en may\u00fasculas para un aspecto llamativo<\/li>\n<li>Las opciones de personalizaci\u00f3n f\u00e1ciles le permiten cambiar los colores y las fuentes para que el tema sea exclusivamente suyo<\/li>\n<li>La funcionalidad del modo oscuro proporciona una opci\u00f3n elegante y visualmente atractiva para los usuarios que prefieren un esquema de color m\u00e1s oscuro.<\/li>\n<li>El dise\u00f1o de respuesta m\u00f3vil asegura que su blog se vea genial y funciona sin problemas en cualquier dispositivo<\/li>\n<li>La integraci\u00f3n de redes sociales incorporada facilita compartir su contenido y hacer crecer sus seguidores<\/li>\n<li>SEO optimizado para ayudar a su blog a clasificar m\u00e1s alto en los motores de b\u00fasqueda y atraer m\u00e1s tr\u00e1fico org\u00e1nico<\/li>\n<li>Instalaci\u00f3n de un solo clic con documentaci\u00f3n detallada y soporte para ayudarlo a comenzar de manera r\u00e1pida y sin esfuerzo<\/li>\n<li>Actualizaciones y mejoras peri\u00f3dicas para garantizar que su blog se mantenga actualizado y seguro<\/li>\n<li>Compatible con complementos populares de WordPress, incluido WooCommerce para una f\u00e1cil integraci\u00f3n de comercio electr\u00f3nico<\/li>\n<li>Una gran opci\u00f3n para bloggers, creativos, periodistas y cualquier persona que busque un tema de WordPress audaz y \u00fanico.<\/li>\n<\/ul>\n","protected":false},"excerpt":{"rendered":"<p>Bienvenido a la introducci\u00f3n del tema del blog de WordPress en may\u00fasculas con modo oscuro: un dise\u00f1o excepcionalmente sofisticado y visualmente atractivo que se adapta a las distintas necesidades de los bloggers que aspiran a establecer una notable presencia en l\u00ednea. Este notable tema muestra una opci\u00f3n notable de modo oscuro, meticulosamente seleccionado para satisfacer las preferencias de las personas que aprecian una est\u00e9tica m\u00e1s refinada y discreta. Adem\u00e1s, este tema cuenta con una gran cantidad de opciones de personalizaci\u00f3n, lo que lo permite a elaborar sin esfuerzo una apariencia distintiva que realmente encarna su identidad de marca distintiva. Adem\u00e1s, la interfaz f\u00e1cil de usar y el dise\u00f1o receptivo aseguran que su blog exude excelencia y falta de perfecci\u00f3n en todos los dispositivos, estableciendo una experiencia de usuario cautivadora y perfecta. Adem\u00e1s, se beneficiar\u00e1 de una amplia gama de caracter\u00edsticas y complementos, que facilitan la gesti\u00f3n de blogs sin esfuerzo, asegurando que todo el proceso sea muy f\u00e1cil. Eleve sus esfuerzos de blogs hoy adoptando la excelencia incomparable del tema de blog de WordPress en may\u00fasculas con modo oscuro.<\/p>\n","protected":false},"featured_media":167902,"comment_status":"open","ping_status":"open","template":"","meta":[],"product_brand":[2337],"product_cat":[1245,1237,1238],"product_tag":[1391],"class_list":{"0":"post-112430","1":"product","2":"type-product","3":"status-publish","4":"has-post-thumbnail","6":"product_brand-themeforest","7":"product_cat-blog-revista","8":"product_cat-temas","9":"product_cat-wordpress-temas","10":"product_tag-themeforest","11":"member-discount","12":"discount-restricted","14":"first","15":"instock","16":"sale","17":"downloadable","18":"virtual","19":"sold-individually","20":"purchasable","21":"product-type-simple"},"_links":{"self":[{"href":"https:\/\/gpl-love.com\/es\/wp-json\/wp\/v2\/product\/112430","targetHints":{"allow":["GET"]}}],"collection":[{"href":"https:\/\/gpl-love.com\/es\/wp-json\/wp\/v2\/product"}],"about":[{"href":"https:\/\/gpl-love.com\/es\/wp-json\/wp\/v2\/types\/product"}],"replies":[{"embeddable":true,"href":"https:\/\/gpl-love.com\/es\/wp-json\/wp\/v2\/comments?post=112430"}],"wp:featuredmedia":[{"embeddable":true,"href":"https:\/\/gpl-love.com\/es\/wp-json\/wp\/v2\/media\/167902"}],"wp:attachment":[{"href":"https:\/\/gpl-love.com\/es\/wp-json\/wp\/v2\/media?parent=112430"}],"wp:term":[{"taxonomy":"product_brand","embeddable":true,"href":"https:\/\/gpl-love.com\/es\/wp-json\/wp\/v2\/product_brand?post=112430"},{"taxonomy":"product_cat","embeddable":true,"href":"https:\/\/gpl-love.com\/es\/wp-json\/wp\/v2\/product_cat?post=112430"},{"taxonomy":"product_tag","embeddable":true,"href":"https:\/\/gpl-love.com\/es\/wp-json\/wp\/v2\/product_tag?post=112430"}],"curies":[{"name":"wp","href":"https:\/\/api.w.org\/{rel}","templated":true}]}}