{"id":112428,"date":"2022-03-06T00:00:00","date_gmt":"2022-03-06T05:00:00","guid":{"rendered":"http:\/\/gpl-love.com\/es\/producto\/bold-news-magazine-y-newspaper\/"},"modified":"2026-03-13T17:16:52","modified_gmt":"2026-03-13T22:16:52","slug":"bold-news-magazine-y-newspaper","status":"publish","type":"product","link":"https:\/\/gpl-love.com\/es\/producto\/bold-news-magazine-y-newspaper\/","title":{"rendered":"Bold News Magazine y Newspaper 1.5.0"},"content":{"rendered":"<h3>Bold News Magazine y Newspaper Caracteristicas<\/h3>\n<p>La revista y el peri\u00f3dico de Bold News es una fuente de contenido de noticias que lo abarca, altamente informativa y excepcionalmente confiable que proporciona constantemente a los lectores la informaci\u00f3n m\u00e1s actual y pertinente sobre asuntos locales, nacionales y globales. Su cobertura integral abarca una amplia gama de temas, que abarca pol\u00edtica, negocios, deportes, entretenimiento, salud y estilo de vida. Esta revista meticulosamente elaborada est\u00e1 meticulosamente adaptada para satisfacer las diversas necesidades e intereses de las personas de varios \u00e1mbitos de la vida, asegurando que est\u00e9n equipados con un an\u00e1lisis profundo, puntos de vista expertos y narraciones cautivadoras que los mantienen efectivamente bien informados y completamente absortos. Con su est\u00e1ndar de excelencia incomparable, la revista y el peri\u00f3dico de noticias audaces se establecen inequ\u00edvocamente como una lectura imperativa, ofreciendo un medio invaluable para las personas que desean permanecer informadas y bien versadas en los desarrollos m\u00e1s recientes y tendencias emergentes.<\/p>\n<ul>\n<li>Proporciona contenido de revistas y peri\u00f3dicos<\/li>\n<li>Presenta un dise\u00f1o audaz y llamativo<\/li>\n<li>Incluye art\u00edculos en profundidad e informativos<\/li>\n<li>Cubre una amplia gama de temas, incluidos eventos actuales, pol\u00edtica, entretenimiento y estilo de vida.<\/li>\n<li>Escrito por periodistas experimentados y conocedores<\/li>\n<li>Incluye art\u00edculos de opini\u00f3n y editoriales<\/li>\n<li>Incluye fotograf\u00edas y gr\u00e1ficos de alta calidad.<\/li>\n<li>Disponible en formatos impresos y digitales<\/li>\n<li>Ofrece suscripciones para entrega regular<\/li>\n<\/ul>\n","protected":false},"excerpt":{"rendered":"<p>Experimente el poder de las noticias como nunca antes con la revista y el peri\u00f3dico de News Bold. Esta plataforma digital de vanguardia presenta una amplia gama de contenido, que van desde noticias de \u00faltima hora y art\u00edculos en profundidad hasta art\u00edculos de opini\u00f3n y editoriales estimulantes. Bold News est\u00e1 dise\u00f1ada con una interfaz din\u00e1mica que integra perfectamente fotos de alta resoluci\u00f3n y elementos interactivos, lo que hace que su experiencia de navegaci\u00f3n de noticias sea m\u00e1s atractiva y agradable. Las noticias audaces no solo proporcionan informes al d\u00eda sobre los eventos actuales, sino que tambi\u00e9n ofrece una cobertura integral sobre diversos temas, como pol\u00edtica, negocios, tecnolog\u00eda, entretenimiento, deportes, salud y m\u00e1s. Suscr\u00edbase ahora y mant\u00e9ngase informado con Bold News Magazine and Newspaper, su fuente de confianza para noticias que importan.<\/p>\n","protected":false},"featured_media":165498,"comment_status":"open","ping_status":"open","template":"","meta":[],"product_brand":[2337],"product_cat":[1245,1237,1238],"product_tag":[1391],"class_list":{"0":"post-112428","1":"product","2":"type-product","3":"status-publish","4":"has-post-thumbnail","6":"product_brand-themeforest","7":"product_cat-blog-revista","8":"product_cat-temas","9":"product_cat-wordpress-temas","10":"product_tag-themeforest","11":"member-discount","12":"discount-restricted","14":"first","15":"instock","16":"sale","17":"downloadable","18":"virtual","19":"sold-individually","20":"purchasable","21":"product-type-simple"},"_links":{"self":[{"href":"https:\/\/gpl-love.com\/es\/wp-json\/wp\/v2\/product\/112428","targetHints":{"allow":["GET"]}}],"collection":[{"href":"https:\/\/gpl-love.com\/es\/wp-json\/wp\/v2\/product"}],"about":[{"href":"https:\/\/gpl-love.com\/es\/wp-json\/wp\/v2\/types\/product"}],"replies":[{"embeddable":true,"href":"https:\/\/gpl-love.com\/es\/wp-json\/wp\/v2\/comments?post=112428"}],"wp:featuredmedia":[{"embeddable":true,"href":"https:\/\/gpl-love.com\/es\/wp-json\/wp\/v2\/media\/165498"}],"wp:attachment":[{"href":"https:\/\/gpl-love.com\/es\/wp-json\/wp\/v2\/media?parent=112428"}],"wp:term":[{"taxonomy":"product_brand","embeddable":true,"href":"https:\/\/gpl-love.com\/es\/wp-json\/wp\/v2\/product_brand?post=112428"},{"taxonomy":"product_cat","embeddable":true,"href":"https:\/\/gpl-love.com\/es\/wp-json\/wp\/v2\/product_cat?post=112428"},{"taxonomy":"product_tag","embeddable":true,"href":"https:\/\/gpl-love.com\/es\/wp-json\/wp\/v2\/product_tag?post=112428"}],"curies":[{"name":"wp","href":"https:\/\/api.w.org\/{rel}","templated":true}]}}