{"id":112426,"date":"2022-01-21T00:00:00","date_gmt":"2022-01-21T05:00:00","guid":{"rendered":"http:\/\/gpl-love.com\/es\/producto\/arlo-portfolio-wordpress-tema\/"},"modified":"2026-03-13T17:15:54","modified_gmt":"2026-03-13T22:15:54","slug":"arlo-portfolio-wordpress-tema","status":"publish","type":"product","link":"https:\/\/gpl-love.com\/es\/producto\/arlo-portfolio-wordpress-tema\/","title":{"rendered":"Arlo Portfolio WordPress Theme 4.4"},"content":{"rendered":"<h3>Arlo Portfolio WordPress Theme Caracteristicas<\/h3>\n<p>El tema de WordPress de la cartera de Arlo, con un dise\u00f1o elegante y moderno, se presenta como una opci\u00f3n impecable para las personas que buscan exhibir sus esfuerzos creativos o marca personal. La versatilidad de este tema no conoce l\u00edmites, ya que permite a los usuarios personalizar completamente su sitio web a trav\u00e9s de una variedad de opciones, abarcar fuentes, colores y dise\u00f1os que pueden alterarse sin esfuerzo para atender el estilo distintivo de uno. La p\u00e1gina de inicio muestra de manera impresionante una presentaci\u00f3n de diapositivas din\u00e1micas, capturando as\u00ed efectivamente la atenci\u00f3n de los visitantes y al mismo tiempo destaca los mejores trabajos. Adem\u00e1s, una secci\u00f3n de cartera meticulosamente organizada muestra proyectos sin esfuerzo de manera pr\u00edstina y sistem\u00e1tica. El tema de WordPress de la cartera de Arlo, caracterizado por su capacidad de respuesta y optimizaci\u00f3n de motores de b\u00fasqueda, garantiza un sitio web est\u00e9ticamente atractivo y de alto rendimiento en todos los dispositivos. A la luz de estas caracter\u00edsticas excepcionales, el tema de WordPress de la cartera de Arlo indudablemente merece una consideraci\u00f3n seria para aquellos que buscan una plataforma digital profesional y elegante para exhibir su notable trabajo.<\/p>\n<ul>\n<li>Dise\u00f1o elegante y moderno perfecto para exhibir proyectos creativos<\/li>\n<li>Totalmente personalizable con un constructor de p\u00e1ginas de arrastrar y soltar y personalizador de temas en vivo<\/li>\n<li>Responsivo y amigable con los dispositivos m\u00f3viles, asegurando una experiencia de usuario perfecta en todos los dispositivos<\/li>\n<li>Opciones de dise\u00f1o m\u00faltiples que incluyen formatos de mamposter\u00eda, cuadr\u00edcula y control deslizante<\/li>\n<li>Integrado con las redes sociales, permitiendo compartir f\u00e1cilmente contenido<\/li>\n<li>Incluye una variedad de p\u00e1ginas predise\u00f1adas para una configuraci\u00f3n r\u00e1pida y f\u00e1cil.<\/li>\n<li>Opci\u00f3n de filtro de cartera para una f\u00e1cil organizaci\u00f3n y navegaci\u00f3n del contenido<\/li>\n<li>Compatible con complementos populares de WordPress como WooCommerce y el Formulario de contacto 7<\/li>\n<li>SEO optimizado para ayudar a mejorar la clasificaci\u00f3n y la visibilidad del motor de b\u00fasqueda<\/li>\n<li>Documentaci\u00f3n integral y atenci\u00f3n al cliente dedicada para cualquier necesidad de soluci\u00f3n de problemas.<\/li>\n<\/ul>\n","protected":false},"excerpt":{"rendered":"<p>Experimente la inigualable flexibilidad y destreza de dise\u00f1o del tema de WordPress de la cartera de Arlo. Este tema es perfecto para artistas, trabajadores independientes y agencias que buscan mostrar su trabajo de una manera impresionante y profesional. Arlo ofrece una gran cantidad de caracter\u00edsticas como dise\u00f1o receptivo, personalizaci\u00f3n f\u00e1cil y compatibilidad con varios complementos. El dise\u00f1o limpio y moderno del tema coloca su parte delantera y centro de su cartera, capturando la atenci\u00f3n de los clientes potenciales con facilidad. Disfrute de una integraci\u00f3n perfecta con el poderoso sistema de gesti\u00f3n de contenido de WordPress y benefic\u00ede de las actualizaciones regulares para mantener su sitio en su mejor momento. El tema de WordPress de la cartera de Arlo es la opci\u00f3n ideal para profesionales creativos que buscan una plataforma din\u00e1mica y visualmente llamativa para su cartera.<\/p>\n","protected":false},"featured_media":165394,"comment_status":"open","ping_status":"open","template":"","meta":[],"product_brand":[2337],"product_cat":[1267,1237,1238],"product_tag":[1391],"class_list":{"0":"post-112426","1":"product","2":"type-product","3":"status-publish","4":"has-post-thumbnail","6":"product_brand-themeforest","7":"product_cat-creativo","8":"product_cat-temas","9":"product_cat-wordpress-temas","10":"product_tag-themeforest","11":"member-discount","12":"discount-restricted","14":"first","15":"instock","16":"sale","17":"downloadable","18":"virtual","19":"sold-individually","20":"purchasable","21":"product-type-simple"},"_links":{"self":[{"href":"https:\/\/gpl-love.com\/es\/wp-json\/wp\/v2\/product\/112426","targetHints":{"allow":["GET"]}}],"collection":[{"href":"https:\/\/gpl-love.com\/es\/wp-json\/wp\/v2\/product"}],"about":[{"href":"https:\/\/gpl-love.com\/es\/wp-json\/wp\/v2\/types\/product"}],"replies":[{"embeddable":true,"href":"https:\/\/gpl-love.com\/es\/wp-json\/wp\/v2\/comments?post=112426"}],"wp:featuredmedia":[{"embeddable":true,"href":"https:\/\/gpl-love.com\/es\/wp-json\/wp\/v2\/media\/165394"}],"wp:attachment":[{"href":"https:\/\/gpl-love.com\/es\/wp-json\/wp\/v2\/media?parent=112426"}],"wp:term":[{"taxonomy":"product_brand","embeddable":true,"href":"https:\/\/gpl-love.com\/es\/wp-json\/wp\/v2\/product_brand?post=112426"},{"taxonomy":"product_cat","embeddable":true,"href":"https:\/\/gpl-love.com\/es\/wp-json\/wp\/v2\/product_cat?post=112426"},{"taxonomy":"product_tag","embeddable":true,"href":"https:\/\/gpl-love.com\/es\/wp-json\/wp\/v2\/product_tag?post=112426"}],"curies":[{"name":"wp","href":"https:\/\/api.w.org\/{rel}","templated":true}]}}