{"id":112402,"date":"2026-04-10T00:00:00","date_gmt":"2026-04-10T05:00:00","guid":{"rendered":"http:\/\/gpl-love.com\/es\/producto\/cerber-security-pro-wordpress-security-plugin\/"},"modified":"2026-04-10T11:15:22","modified_gmt":"2026-04-10T16:15:22","slug":"cerber-security-pro-wordpress-security-plugin","status":"publish","type":"product","link":"https:\/\/gpl-love.com\/es\/producto\/cerber-security-pro-wordpress-security-plugin\/","title":{"rendered":"WP Cerber Security Pro 9.7.3"},"content":{"rendered":"<h3>WP Cerber Security Pro Caracteristicas<\/h3>\n<p>Cerber Security Pro es una soluci\u00f3n de seguridad que lo abarca todo que ha sido meticulosamente dise\u00f1ada para salvaguardar los sitios web contra una gran cantidad de amenazas cibern\u00e9ticas que prevalecen en el panorama digital moderno. Orgullosamente cuenta con una mir\u00edada de caracter\u00edsticas de vanguardia que sirven para fortalecer los mecanismos de defensa de los sitios web, incluido, entre otros, el escaneo meticuloso del malware, el monitoreo vigilante de la integridad de archivos, el escudo impenetrable de la protecci\u00f3n del firewall y la prevenci\u00f3n inquebrantable de ataques de fuerza bruta. Lo que distingue a este complemento de sus competidores no es solo su nivel de sofisticaci\u00f3n incomparable, sino tambi\u00e9n su interfaz notablemente f\u00e1cil de usar y su proceso de configuraci\u00f3n sin esfuerzo, lo que le convierte en la opci\u00f3n por excelencia para los usuarios que se embarcan en su viaje inaugural en el \u00e1mbito de la seguridad del sitio web. . Adem\u00e1s, la inclusi\u00f3n de alertas y notificaciones en tiempo real dotan a los propietarios de sitios web con la invaluable capacidad de responder r\u00e1pidamente a cualquier posible violaci\u00f3n de seguridad, minimizando as\u00ed el alcance del da\u00f1o que podr\u00eda infligirse en sus establecimientos digitales. En consecuencia, queda muy claro que Cerber Security Pro es un cambio de juego indudable, particularmente para empresas y propietarios de sitios web que poseen la protecci\u00f3n de sus activos en l\u00ednea Paramount.<\/p>\n<ul>\n<li>Capacidades avanzadas de detecci\u00f3n y eliminaci\u00f3n de malware<\/li>\n<li>Protecci\u00f3n en tiempo real contra amenazas de ciberseguridad<\/li>\n<li>Firewall para evitar el acceso no autorizado<\/li>\n<li>Escaneos programados para protecci\u00f3n automatizada<\/li>\n<li>An\u00e1lisis de comportamiento inteligente para identificar nuevas amenazas<\/li>\n<li>Soporte de m\u00faltiples dispositivos para la cobertura completa de su red<\/li>\n<li>Panel de control para usar para facilitar la gesti\u00f3n y la configuraci\u00f3n<\/li>\n<li>Informes y an\u00e1lisis integrales de amenazas y rendimiento del sistema<\/li>\n<li>Atenci\u00f3n al cliente en l\u00ednea y foros comunitarios para la resoluci\u00f3n y orientaci\u00f3n<\/li>\n<li>Actualizaciones de software regulares para un rendimiento de seguridad \u00f3ptimo.<\/li>\n<\/ul>\n","protected":false},"excerpt":{"rendered":"<p>Experimente el siguiente nivel de seguridad para su sitio web de WordPress con WP Cerber Security Pro. Este software premium ofrece una protecci\u00f3n robusta contra los ataques de la fuerza bruta, el spam, el malware y otras amenazas en l\u00ednea. Con su interfaz f\u00e1cil de usar, inspecci\u00f3n de tr\u00e1fico en tiempo real y notificaciones instant\u00e1neas, puede monitorear y administrar f\u00e1cilmente la seguridad de su sitio web. Las caracter\u00edsticas avanzadas de WP Cerber Security Pro, como el filtrado IP basado en el pa\u00eds, la autenticaci\u00f3n de dos factores y el escaneo autom\u00e1tico de malware aseguran la m\u00e1xima seguridad para su sitio web. Su integraci\u00f3n perfecta con WordPress mejora el rendimiento y la seguridad de su sitio web. Mant\u00e9ngase por delante de las amenazas cibern\u00e9ticas y salvaguardar su presencia en l\u00ednea con WP Cerber Security Pro.<\/p>\n","protected":false},"featured_media":165609,"comment_status":"open","ping_status":"open","template":"","meta":[],"product_brand":[2393],"product_cat":[1212,1206,1211],"product_tag":[1839],"class_list":{"0":"post-112402","1":"product","2":"type-product","3":"status-publish","4":"has-post-thumbnail","6":"product_brand-cerber-tech","7":"product_cat-administracion-wordpress-plugins","8":"product_cat-plugins","9":"product_cat-wordpress-plugins","10":"product_tag-cerber-tech","11":"member-discount","12":"discount-restricted","14":"first","15":"instock","16":"sale","17":"downloadable","18":"virtual","19":"sold-individually","20":"purchasable","21":"product-type-simple"},"_links":{"self":[{"href":"https:\/\/gpl-love.com\/es\/wp-json\/wp\/v2\/product\/112402","targetHints":{"allow":["GET"]}}],"collection":[{"href":"https:\/\/gpl-love.com\/es\/wp-json\/wp\/v2\/product"}],"about":[{"href":"https:\/\/gpl-love.com\/es\/wp-json\/wp\/v2\/types\/product"}],"replies":[{"embeddable":true,"href":"https:\/\/gpl-love.com\/es\/wp-json\/wp\/v2\/comments?post=112402"}],"wp:featuredmedia":[{"embeddable":true,"href":"https:\/\/gpl-love.com\/es\/wp-json\/wp\/v2\/media\/165609"}],"wp:attachment":[{"href":"https:\/\/gpl-love.com\/es\/wp-json\/wp\/v2\/media?parent=112402"}],"wp:term":[{"taxonomy":"product_brand","embeddable":true,"href":"https:\/\/gpl-love.com\/es\/wp-json\/wp\/v2\/product_brand?post=112402"},{"taxonomy":"product_cat","embeddable":true,"href":"https:\/\/gpl-love.com\/es\/wp-json\/wp\/v2\/product_cat?post=112402"},{"taxonomy":"product_tag","embeddable":true,"href":"https:\/\/gpl-love.com\/es\/wp-json\/wp\/v2\/product_tag?post=112402"}],"curies":[{"name":"wp","href":"https:\/\/api.w.org\/{rel}","templated":true}]}}